{"id":775141,"date":"2025-09-09T17:46:15","date_gmt":"2025-09-09T14:46:15","guid":{"rendered":"https:\/\/roveyayinevi.com.tr\/index.php\/urun\/borderline\/"},"modified":"2026-04-15T03:33:22","modified_gmt":"2026-04-15T00:33:22","slug":"borderline","status":"publish","type":"product","link":"https:\/\/roveyayinevi.com.tr\/index.php\/urun\/borderline\/","title":{"rendered":"Borderline"},"content":{"rendered":"<p>\u201cBorderline hepimize dokunur. Normaldir ama normal olmas\u0131 onu bir kimlik yapmaz. Bilakis, bir kimli\u011fin eksikli\u011fidir. Kal\u0131nmas\u0131 de\u011fil, ge\u00e7ilip gidilmesi gereken bir u\u011frakt\u0131r borderline; kendini tan\u0131ma yolunda bir ara durakt\u0131r; evrensel \u0131st\u0131rap deneyiminin ve ili\u015fkilerin bizi nas\u0131l \u015fekillendirdi\u011fine dair bir kabuld\u00fcr.\u201d   Antik \u00c7a\u011f\u2019a kadar uzanan bu bozukluk, binlerce y\u0131l boyunca ve \u00e7o\u011fu cinsiyete dayal\u0131 olmak \u00fczere pek \u00e7ok isimle an\u0131ld\u0131: cin \u00e7arpmas\u0131, histeri, b\u00fcy\u00fcc\u00fcl\u00fck, ahlaki delilik\u2026 Bu tan\u0131mlar\u0131n hepsinin ortak yan\u0131; davran\u0131\u015flar\u0131 ve ki\u015fili\u011fi par\u00e7alanm\u0131\u015f, \u00f6ng\u00f6r\u00fclemez ve kontrol edilemez birine \u2013\u00e7o\u011funlukla da bir kad\u0131na\u2013 at\u0131f yap\u0131lm\u0131\u015f olmalar\u0131yd\u0131. Uzman klinik psikolog Alexander Kriss, ak\u0131l hastal\u0131klar\u0131na dair kli\u015fele\u015fmi\u015f ve damgalanm\u0131\u015f d\u00fc\u015f\u00fcncelerle dolu bir zamana kar\u015f\u0131 Borderline\u2019da bu ki\u015filik bozuklu\u011funa dair yanl\u0131\u015f anlad\u0131\u011f\u0131m\u0131z ne varsa sorgulamaya \u00e7a\u011f\u0131r\u0131yor; psikoterapinin ortaya \u00e7\u0131k\u0131\u015f\u0131na, modern te\u015fhisin geli\u015fimine ve g\u00fcn\u00fcm\u00fczde tedaviye y\u00f6nelik tutumlara kadar rehberlik ediyor.   Kriss\u2019in dan\u0131\u015fan\u0131 Ana ile olan seanslar\u0131n\u0131 ve pek \u00e7ok bak\u0131mdan ba\u015far\u0131yla sonu\u00e7lanan bir s\u00fcrecin anlat\u0131s\u0131n\u0131 da i\u00e7eren Borderline, bir ki\u015filik bozuklu\u011funun kendi hik\u00e2yesi olarak kar\u015f\u0131n\u0131zda. <\/p>\n","protected":false},"excerpt":{"rendered":"<p>\u201cBorderline hepimize dokunur. Normaldir ama normal olmas\u0131 onu bir kimlik yapmaz. Bilakis, bir kimli\u011fin eksikli\u011fidir. Kal\u0131nmas\u0131 de\u011fil, ge\u00e7ilip gidilmesi gereken bir u\u011frakt\u0131r borderline; kendini tan\u0131ma yolunda<span class=\"excerpt-hellip\"> [\u2026]<\/span><\/p>\n","protected":false},"featured_media":0,"template":"","meta":{"_monsterinsights_skip_tracking":false,"_monsterinsights_sitenote_active":false,"_monsterinsights_sitenote_note":"","_monsterinsights_sitenote_category":0},"product_brand":[],"product_cat":[12357],"product_tag":[],"class_list":{"0":"post-775141","1":"product","2":"type-product","3":"status-publish","5":"product_cat-psikoloji","6":"pa_cilt-ciltsiz","7":"pa_tur-kitap","8":"pa_yayinevi-say-yayinlari","9":"pa_yazar-alexander-kriss","11":"first","12":"instock","13":"sale","14":"shipping-taxable","15":"purchasable","16":"product-type-simple"},"_links":{"self":[{"href":"https:\/\/roveyayinevi.com.tr\/index.php\/wp-json\/wp\/v2\/product\/775141","targetHints":{"allow":["GET"]}}],"collection":[{"href":"https:\/\/roveyayinevi.com.tr\/index.php\/wp-json\/wp\/v2\/product"}],"about":[{"href":"https:\/\/roveyayinevi.com.tr\/index.php\/wp-json\/wp\/v2\/types\/product"}],"wp:attachment":[{"href":"https:\/\/roveyayinevi.com.tr\/index.php\/wp-json\/wp\/v2\/media?parent=775141"}],"wp:term":[{"taxonomy":"product_brand","embeddable":true,"href":"https:\/\/roveyayinevi.com.tr\/index.php\/wp-json\/wp\/v2\/product_brand?post=775141"},{"taxonomy":"product_cat","embeddable":true,"href":"https:\/\/roveyayinevi.com.tr\/index.php\/wp-json\/wp\/v2\/product_cat?post=775141"},{"taxonomy":"product_tag","embeddable":true,"href":"https:\/\/roveyayinevi.com.tr\/index.php\/wp-json\/wp\/v2\/product_tag?post=775141"}],"curies":[{"name":"wp","href":"https:\/\/api.w.org\/{rel}","templated":true}]}}