{"id":775140,"date":"2025-09-09T17:45:07","date_gmt":"2025-09-09T14:45:07","guid":{"rendered":"https:\/\/roveyayinevi.com.tr\/index.php\/urun\/mahkum-2\/"},"modified":"2026-03-04T03:53:55","modified_gmt":"2026-03-04T00:53:55","slug":"mahkum-2","status":"publish","type":"product","link":"https:\/\/roveyayinevi.com.tr\/index.php\/urun\/mahkum-2\/","title":{"rendered":"Mahkum"},"content":{"rendered":"<p>Brooke Sullivan\u2019\u0131n y\u00fcksek g\u00fcvenlikli bir cezaevinin yeni pratisyen hem\u015firesi olarak harfiyen uymas\u0131 gereken \u00fc\u00e7 kural vard\u0131: 1.      B\u00fct\u00fcn mahk\u00fbmlara sayg\u0131l\u0131 davran. 2.      Sak\u0131n ki\u015fisel bilgilerini verme. 3.      Mahk\u00fbmlarla ASLA arkada\u015fl\u0131k kurma.   Fakat oradaki hi\u00e7bir g\u00f6revli Brooke\u2019un kurallar\u0131 \u00e7oktan \u00e7i\u011fnedi\u011fini bilmiyordu. Cezaevinin en az\u0131l\u0131 ve tehlikeli mahk\u00fbmlar\u0131ndan Shane Nelson\u2019la olan yak\u0131n ba\u011f\u0131ndan, Shane\u2019in Brooke\u2019un lise a\u015fk\u0131 oldu\u011fundan haberleri yoktu. Bir zamanlar okulun y\u0131ld\u0131z oyun kurucusu olan Shane \u015fimdi i\u015fledi\u011fi bir dizi korkun\u00e7 cinayetten \u00f6t\u00fcr\u00fc m\u00fcebbet hapis yat\u0131yordu. \u00dcstelik onu oraya Brooke\u2019un ifadesi y\u00fcz\u00fcnden t\u0131km\u0131\u015flard\u0131.   Fakat Shane biliyordu; ve asla unutmayacakt\u0131. <\/p>\n","protected":false},"excerpt":{"rendered":"<p>Brooke Sullivan\u2019\u0131n y\u00fcksek g\u00fcvenlikli bir cezaevinin yeni pratisyen hem\u015firesi olarak harfiyen uymas\u0131 gereken \u00fc\u00e7 kural vard\u0131: 1. B\u00fct\u00fcn mahk\u00fbmlara sayg\u0131l\u0131 davran. 2. Sak\u0131n ki\u015fisel bilgilerini verme.<span class=\"excerpt-hellip\"> [\u2026]<\/span><\/p>\n","protected":false},"featured_media":0,"template":"","meta":{"_monsterinsights_skip_tracking":false,"_monsterinsights_sitenote_active":false,"_monsterinsights_sitenote_note":"","_monsterinsights_sitenote_category":0},"product_brand":[],"product_cat":[12291,17033],"product_tag":[],"class_list":{"0":"post-775140","1":"product","2":"type-product","3":"status-publish","5":"product_cat-edebiyat","6":"product_cat-korku-gerilim","7":"pa_cilt-ciltsiz","8":"pa_tur-kitap","9":"pa_yayinevi-olimpos-yayinlari","10":"pa_yazar-freida-mcfadden","12":"first","13":"instock","14":"sale","15":"shipping-taxable","16":"purchasable","17":"product-type-simple"},"_links":{"self":[{"href":"https:\/\/roveyayinevi.com.tr\/index.php\/wp-json\/wp\/v2\/product\/775140","targetHints":{"allow":["GET"]}}],"collection":[{"href":"https:\/\/roveyayinevi.com.tr\/index.php\/wp-json\/wp\/v2\/product"}],"about":[{"href":"https:\/\/roveyayinevi.com.tr\/index.php\/wp-json\/wp\/v2\/types\/product"}],"wp:attachment":[{"href":"https:\/\/roveyayinevi.com.tr\/index.php\/wp-json\/wp\/v2\/media?parent=775140"}],"wp:term":[{"taxonomy":"product_brand","embeddable":true,"href":"https:\/\/roveyayinevi.com.tr\/index.php\/wp-json\/wp\/v2\/product_brand?post=775140"},{"taxonomy":"product_cat","embeddable":true,"href":"https:\/\/roveyayinevi.com.tr\/index.php\/wp-json\/wp\/v2\/product_cat?post=775140"},{"taxonomy":"product_tag","embeddable":true,"href":"https:\/\/roveyayinevi.com.tr\/index.php\/wp-json\/wp\/v2\/product_tag?post=775140"}],"curies":[{"name":"wp","href":"https:\/\/api.w.org\/{rel}","templated":true}]}}