{"id":775139,"date":"2025-09-09T17:43:21","date_gmt":"2025-09-09T14:43:21","guid":{"rendered":"https:\/\/roveyayinevi.com.tr\/index.php\/urun\/zamani-degerlendirme-sanati\/"},"modified":"2026-04-15T03:32:43","modified_gmt":"2026-04-15T00:32:43","slug":"zamani-degerlendirme-sanati","status":"publish","type":"product","link":"https:\/\/roveyayinevi.com.tr\/index.php\/urun\/zamani-degerlendirme-sanati\/","title":{"rendered":"Zaman\u0131 De\u011ferlendirme Sanat\u0131"},"content":{"rendered":"<p>Zaman\u0131n\u0131z\u0131 nas\u0131l kulland\u0131\u011f\u0131n\u0131z, hayat\u0131n\u0131z\u0131 nas\u0131l ya\u015fad\u0131\u011f\u0131n\u0131z\u0131n aynas\u0131d\u0131r&#8230; Bu kitap, modern hayat\u0131n en b\u00fcy\u00fck sorunlar\u0131ndan birine yan\u0131t ar\u0131yor: Zaman\u0131 nas\u0131l en iyi \u015fekilde de\u011ferlendirebiliriz? \u0130\u015fte Financial Times taraf\u0131ndan y\u0131l\u0131n kitab\u0131 se\u00e7ilen Zaman\u0131 De\u011ferlendirme Sanat\u0131, size sadece zaman y\u00f6netimini \u00f6\u011fretmekle kalmayacak, ayn\u0131 zamanda hayat\u0131n\u0131z\u0131 nas\u0131l daha dolu dolu ya\u015fayabilece\u011finizi de g\u00f6sterecek. \u0130ster hafta sonu planlar\u0131n\u0131z\u0131 \u015fekillendiriyor olun, ister bir tatil organize ediyor, bu kitaptaki 7 ad\u0131m sayesinde zaman\u0131n\u0131z\u0131 nas\u0131l en iyi \u015fekilde de\u011ferlendirece\u011finizi \u00f6\u011frenecek; deneyimlerinizi daha keyifli ve unutulmaz k\u0131lacaks\u0131n\u0131z.   Bu kitap, hayat\u0131n\u0131z\u0131 zenginle\u015ftirmenize ve kendi hik\u00e2yenizin kahraman\u0131 olman\u0131n yollar\u0131n\u0131 ke\u015ffetmenize de yard\u0131mc\u0131 olacak. Dikkatinizi da\u011f\u0131tan tehlikelerden nas\u0131l ka\u00e7\u0131naca\u011f\u0131n\u0131z\u0131 \u00f6\u011frenecek ve sizi \u201cak\u0131\u015f\u201da g\u00f6t\u00fcren yollara ad\u0131m atacaks\u0131n\u0131z. Her dakikadan ve her g\u00fcnden daha fazla verim alacak, hafta sonlar\u0131n\u0131z canlanacak ve tatilleriniz ruhunuzu besleyecek. B\u00f6ylece sadece iyi bir hayat ya\u015famakla kalmayacak, ger\u00e7ekten harika bir ya\u015fam in\u015fa edeceksiniz.   \u201cD\u00e2hiyane\u2026 Elimden b\u0131rakamad\u0131m, ba\u015ftan sona bir solukta okudum!\u201d \u2013Chris Evans   \u201cWallman, g\u00fc\u00e7l\u00fc fikirler ve ara\u015ft\u0131rmalar\u0131 bir araya getirerek hayat i\u00e7in kapsay\u0131c\u0131, e\u011flenceli ve faydal\u0131 bir el kitab\u0131 olu\u015fturmu\u015f.\u201d \u2013Jake Knapp <\/p>\n","protected":false},"excerpt":{"rendered":"<p>Zaman\u0131n\u0131z\u0131 nas\u0131l kulland\u0131\u011f\u0131n\u0131z, hayat\u0131n\u0131z\u0131 nas\u0131l ya\u015fad\u0131\u011f\u0131n\u0131z\u0131n aynas\u0131d\u0131r&#8230; Bu kitap, modern hayat\u0131n en b\u00fcy\u00fck sorunlar\u0131ndan birine yan\u0131t ar\u0131yor: Zaman\u0131 nas\u0131l en iyi \u015fekilde de\u011ferlendirebiliriz? \u0130\u015fte Financial Times<span class=\"excerpt-hellip\"> [\u2026]<\/span><\/p>\n","protected":false},"featured_media":0,"template":"","meta":{"_monsterinsights_skip_tracking":false,"_monsterinsights_sitenote_active":false,"_monsterinsights_sitenote_note":"","_monsterinsights_sitenote_category":0},"product_brand":[],"product_cat":[12364,12376],"product_tag":[],"class_list":{"0":"post-775139","1":"product","2":"type-product","3":"status-publish","5":"product_cat-genel-konular","6":"product_cat-kisisel-gelisim","7":"pa_cilt-ciltsiz","8":"pa_tur-kitap","9":"pa_yayinevi-dogan-novus","10":"pa_yazar-james-wallman","12":"first","13":"instock","14":"sale","15":"shipping-taxable","16":"purchasable","17":"product-type-simple"},"_links":{"self":[{"href":"https:\/\/roveyayinevi.com.tr\/index.php\/wp-json\/wp\/v2\/product\/775139","targetHints":{"allow":["GET"]}}],"collection":[{"href":"https:\/\/roveyayinevi.com.tr\/index.php\/wp-json\/wp\/v2\/product"}],"about":[{"href":"https:\/\/roveyayinevi.com.tr\/index.php\/wp-json\/wp\/v2\/types\/product"}],"wp:attachment":[{"href":"https:\/\/roveyayinevi.com.tr\/index.php\/wp-json\/wp\/v2\/media?parent=775139"}],"wp:term":[{"taxonomy":"product_brand","embeddable":true,"href":"https:\/\/roveyayinevi.com.tr\/index.php\/wp-json\/wp\/v2\/product_brand?post=775139"},{"taxonomy":"product_cat","embeddable":true,"href":"https:\/\/roveyayinevi.com.tr\/index.php\/wp-json\/wp\/v2\/product_cat?post=775139"},{"taxonomy":"product_tag","embeddable":true,"href":"https:\/\/roveyayinevi.com.tr\/index.php\/wp-json\/wp\/v2\/product_tag?post=775139"}],"curies":[{"name":"wp","href":"https:\/\/api.w.org\/{rel}","templated":true}]}}