{"id":775138,"date":"2025-09-09T17:39:32","date_gmt":"2025-09-09T14:39:32","guid":{"rendered":"https:\/\/roveyayinevi.com.tr\/index.php\/urun\/kariyer-ve-aile\/"},"modified":"2026-02-03T03:33:28","modified_gmt":"2026-02-03T00:33:28","slug":"kariyer-ve-aile","status":"publish","type":"product","link":"https:\/\/roveyayinevi.com.tr\/index.php\/urun\/kariyer-ve-aile\/","title":{"rendered":"Kariyer ve Aile"},"content":{"rendered":"<p>Claudia Goldin\u2019e Nobel \u00d6d\u00fcl\u00fc kazand\u0131ran bu \u00e7al\u0131\u015fmas\u0131, cinsiyetler aras\u0131 \u00fccret fark\u0131n\u0131n sebeplerini ara\u015ft\u0131r\u0131rken kad\u0131nlar\u0131n ekonomideki tarihini de ayd\u0131nlat\u0131yor.   Bundan y\u00fczy\u0131l \u00f6nce \u00fcniversite mezunu bir kad\u0131n kariyer ile aile aras\u0131nda bir se\u00e7im yapmak zorundayd\u0131. \u0130kisine birden sahip olma imk\u00e2n\u0131 yoktu. G\u00fcn\u00fcm\u00fczde ise hi\u00e7 olmad\u0131\u011f\u0131 kadar \u00fcniversite mezunu kad\u0131n var ve daha fazla kad\u0131n hem kariyer hem de aile istiyor. Kariyer ve Aile, nesiller i\u00e7inde kad\u0131nlar\u0131n ev ve i\u015f hayat\u0131n\u0131 nas\u0131l dengeledi\u011fini, hangi zorluklarla ba\u015fa \u00e7\u0131kt\u0131\u011f\u0131n\u0131 ve neden h\u00e2l\u00e2 tam bir \u00fccret e\u015fitli\u011fi ya\u015fanamad\u0131\u011f\u0131n\u0131 a\u00e7\u0131kl\u0131yor.   Yirminci y\u00fczy\u0131l\u0131n ba\u015f\u0131ndan itibaren kad\u0131nlar\u0131n ekonomideki yerini inceleyen Goldin, baz\u0131 mesleklerin nas\u0131l \u201ca\u00e7g\u00f6zl\u00fc\u201d oldu\u011funu, i\u015f k\u00fclt\u00fcrleri y\u00fcz\u00fcnden erkekler ile kad\u0131nlar aras\u0131ndaki \u00fccret fark\u0131n\u0131n nas\u0131l bir t\u00fcrl\u00fc kapanamad\u0131\u011f\u0131n\u0131 anlat\u0131yor. Ayr\u0131mc\u0131l\u0131k kar\u015f\u0131t\u0131 yasalar ve \u00f6nyarg\u0131s\u0131z y\u00f6neticiler maalesef yeterli de\u011fil. Cinsiyetler aras\u0131nda ger\u00e7ek bir e\u015fitlik sa\u011flamak istiyorsak i\u015fe ve ev i\u015flerine yakla\u015f\u0131m\u0131m\u0131z\u0131 temelden de\u011fi\u015ftirmemiz gerekiyor. <\/p>\n","protected":false},"excerpt":{"rendered":"<p>Claudia Goldin\u2019e Nobel \u00d6d\u00fcl\u00fc kazand\u0131ran bu \u00e7al\u0131\u015fmas\u0131, cinsiyetler aras\u0131 \u00fccret fark\u0131n\u0131n sebeplerini ara\u015ft\u0131r\u0131rken kad\u0131nlar\u0131n ekonomideki tarihini de ayd\u0131nlat\u0131yor. Bundan y\u00fczy\u0131l \u00f6nce \u00fcniversite mezunu bir kad\u0131n kariyer<span class=\"excerpt-hellip\"> [\u2026]<\/span><\/p>\n","protected":false},"featured_media":0,"template":"","meta":{"_monsterinsights_skip_tracking":false,"_monsterinsights_sitenote_active":false,"_monsterinsights_sitenote_note":"","_monsterinsights_sitenote_category":0},"product_brand":[],"product_cat":[14841,13043],"product_tag":[],"class_list":{"0":"post-775138","1":"product","2":"type-product","3":"status-publish","5":"product_cat-arastirma-inceleme-kuram","6":"product_cat-ekonomi","7":"pa_cilt-ciltsiz","8":"pa_tur-kitap","9":"pa_yayinevi-dogan-kitap","10":"pa_yazar-claudia-goldin","12":"first","13":"instock","14":"sale","15":"shipping-taxable","16":"purchasable","17":"product-type-simple"},"_links":{"self":[{"href":"https:\/\/roveyayinevi.com.tr\/index.php\/wp-json\/wp\/v2\/product\/775138","targetHints":{"allow":["GET"]}}],"collection":[{"href":"https:\/\/roveyayinevi.com.tr\/index.php\/wp-json\/wp\/v2\/product"}],"about":[{"href":"https:\/\/roveyayinevi.com.tr\/index.php\/wp-json\/wp\/v2\/types\/product"}],"wp:attachment":[{"href":"https:\/\/roveyayinevi.com.tr\/index.php\/wp-json\/wp\/v2\/media?parent=775138"}],"wp:term":[{"taxonomy":"product_brand","embeddable":true,"href":"https:\/\/roveyayinevi.com.tr\/index.php\/wp-json\/wp\/v2\/product_brand?post=775138"},{"taxonomy":"product_cat","embeddable":true,"href":"https:\/\/roveyayinevi.com.tr\/index.php\/wp-json\/wp\/v2\/product_cat?post=775138"},{"taxonomy":"product_tag","embeddable":true,"href":"https:\/\/roveyayinevi.com.tr\/index.php\/wp-json\/wp\/v2\/product_tag?post=775138"}],"curies":[{"name":"wp","href":"https:\/\/api.w.org\/{rel}","templated":true}]}}