{"id":775137,"date":"2025-09-09T17:37:41","date_gmt":"2025-09-09T14:37:41","guid":{"rendered":"https:\/\/roveyayinevi.com.tr\/index.php\/urun\/diyalog-edebiyatta-tiyatroda-ve-sinemada-sozlu-aksiyon-sanati\/"},"modified":"2026-04-15T03:32:06","modified_gmt":"2026-04-15T00:32:06","slug":"diyalog-edebiyatta-tiyatroda-ve-sinemada-sozlu-aksiyon-sanati","status":"publish","type":"product","link":"https:\/\/roveyayinevi.com.tr\/index.php\/urun\/diyalog-edebiyatta-tiyatroda-ve-sinemada-sozlu-aksiyon-sanati\/","title":{"rendered":"Diyalog: Edebiyatta, Tiyatroda ve Sinemada S\u00f6zl\u00fc Aksiyon Sanat\u0131"},"content":{"rendered":"<p>\u201cHik\u00e2ye Semineri\u201dnin d\u00fcnyaca \u00fcnl\u00fc \u00f6\u011fretmeni Robert McKee\u2019den m\u00fckemmel bir diyalog rehberi! McKee, senaryo yaz\u0131m\u0131n\u0131n olmazsa olmaz kitaplar\u0131ndan biri say\u0131lan Hik\u00e2ye\u2019nin ard\u0131ndan yakla\u015f\u0131k yirmi y\u0131l sonra yay\u0131mlad\u0131\u011f\u0131 eseriyle bu kez diyalog yazma sanat\u0131n\u0131n inceliklerine odaklan\u0131yor. McKee Diyalog\u2019da, karakterlerin televizyon ve sinema ekranlar\u0131nda, tiyatro sahnelerinde, edebi metinlerin sayfalar\u0131nda inand\u0131r\u0131c\u0131 ve ilgi \u00e7ekici \u015fekilde nas\u0131l konu\u015ftu\u011funa dair derinlemesine analizlerde bulunuyor; diyalo\u011fun yap\u0131s\u0131n\u0131 \u00e7\u00f6z\u00fcml\u00fcyor, g\u00f6r\u00fcnmez temellerini ortaya koyuyor. Karakterler ve daha da \u00f6nemlisi izleyiciler i\u00e7in etkili diyaloglar olu\u015fturman\u0131n yollar\u0131n\u0131 g\u00f6stermek amac\u0131yla bol miktarda \u00f6rnek kullan\u0131yor ve se\u00e7ti\u011fi sahneleri par\u00e7alara ay\u0131rarak analiz ediyor. Kitap, her \u015feyden \u00f6nce karakterlerin sadece bedenleriyle de\u011fil, konu\u015farak da bir eylemde bulunduklar\u0131na dikkat \u00e7ekerek bizi diyalo\u011fun y\u00fczeyinden alt katmanlar\u0131na do\u011fru indiriyor. Bir karakter konu\u015furken, okuyucunun veya izleyicinin sadece bunlar\u0131 duymakla kalmad\u0131\u011f\u0131n\u0131, ayn\u0131 zamanda zihninin de bu konu\u015fmalar\u0131n ve kelimelerin i\u00e7inden ge\u00e7erek konu\u015fan\u0131n bilin\u00e7alt\u0131na do\u011fru \u00e7ekildi\u011finin alt\u0131n\u0131 \u00e7iziyor. Bunu ba\u015farmak i\u00e7in \u201cbo\u015f konu\u015fma\u201d, \u201ca\u015f\u0131r\u0131 duygusal konu\u015fma\u201d gibi diyalo\u011fun g\u00fcvenilirli\u011fini zedeleyen hatalara d\u00fc\u015fmeden \u015feffafl\u0131k, inand\u0131r\u0131c\u0131l\u0131k ve alt metin olu\u015fturman\u0131n nas\u0131l sa\u011flanaca\u011f\u0131n\u0131 g\u00f6steriyor. Baz\u0131 diyaloglar\u0131n sayfadan \u00e7\u0131k\u0131p bir oyuncunun a\u011fz\u0131na cuk oturmas\u0131n\u0131 sa\u011flayan, baz\u0131lar\u0131n\u0131n ise k\u00fcl\u00e7e gibi a\u011f\u0131r, belki ger\u00e7ek veya otantik gibi g\u00f6r\u00fcnse de s\u0131k\u0131c\u0131 olmas\u0131n\u0131 sa\u011flayan \u015feyin ne oldu\u011funu merak ediyorsan\u0131z, bu kitab\u0131 mutlaka okumal\u0131s\u0131n\u0131z. <\/p>\n","protected":false},"excerpt":{"rendered":"<p>\u201cHik\u00e2ye Semineri\u201dnin d\u00fcnyaca \u00fcnl\u00fc \u00f6\u011fretmeni Robert McKee\u2019den m\u00fckemmel bir diyalog rehberi! McKee, senaryo yaz\u0131m\u0131n\u0131n olmazsa olmaz kitaplar\u0131ndan biri say\u0131lan Hik\u00e2ye\u2019nin ard\u0131ndan yakla\u015f\u0131k yirmi y\u0131l sonra yay\u0131mlad\u0131\u011f\u0131<span class=\"excerpt-hellip\"> [\u2026]<\/span><\/p>\n","protected":false},"featured_media":0,"template":"","meta":{"_monsterinsights_skip_tracking":false,"_monsterinsights_sitenote_active":false,"_monsterinsights_sitenote_note":"","_monsterinsights_sitenote_category":0},"product_brand":[],"product_cat":[12409,12408],"product_tag":[],"class_list":{"0":"post-775137","1":"product","2":"type-product","3":"status-publish","5":"product_cat-fotograf-sinema-tiyatro","6":"product_cat-sanat","7":"pa_cilt-ciltsiz","8":"pa_tur-kitap","9":"pa_yayinevi-inka-yayinlari","10":"pa_yazar-robert-mckee","12":"first","13":"instock","14":"sale","15":"shipping-taxable","16":"purchasable","17":"product-type-simple"},"_links":{"self":[{"href":"https:\/\/roveyayinevi.com.tr\/index.php\/wp-json\/wp\/v2\/product\/775137","targetHints":{"allow":["GET"]}}],"collection":[{"href":"https:\/\/roveyayinevi.com.tr\/index.php\/wp-json\/wp\/v2\/product"}],"about":[{"href":"https:\/\/roveyayinevi.com.tr\/index.php\/wp-json\/wp\/v2\/types\/product"}],"wp:attachment":[{"href":"https:\/\/roveyayinevi.com.tr\/index.php\/wp-json\/wp\/v2\/media?parent=775137"}],"wp:term":[{"taxonomy":"product_brand","embeddable":true,"href":"https:\/\/roveyayinevi.com.tr\/index.php\/wp-json\/wp\/v2\/product_brand?post=775137"},{"taxonomy":"product_cat","embeddable":true,"href":"https:\/\/roveyayinevi.com.tr\/index.php\/wp-json\/wp\/v2\/product_cat?post=775137"},{"taxonomy":"product_tag","embeddable":true,"href":"https:\/\/roveyayinevi.com.tr\/index.php\/wp-json\/wp\/v2\/product_tag?post=775137"}],"curies":[{"name":"wp","href":"https:\/\/api.w.org\/{rel}","templated":true}]}}