{"id":775135,"date":"2025-09-09T17:37:08","date_gmt":"2025-09-09T14:37:08","guid":{"rendered":"https:\/\/roveyayinevi.com.tr\/index.php\/urun\/cocuklugun-ve-cocuk-haklarinin-tarihcesi\/"},"modified":"2026-04-15T03:32:04","modified_gmt":"2026-04-15T00:32:04","slug":"cocuklugun-ve-cocuk-haklarinin-tarihcesi","status":"publish","type":"product","link":"https:\/\/roveyayinevi.com.tr\/index.php\/urun\/cocuklugun-ve-cocuk-haklarinin-tarihcesi\/","title":{"rendered":"\u00c7ocuklu\u011fun ve \u00c7ocuk Haklar\u0131n\u0131n Tarih\u00e7esi"},"content":{"rendered":"<p>\u00c7ocuklar\u0131n haklar\u0131n\u0131 bilmeleri, kullanmalar\u0131 ve savunmalar\u0131 i\u00e7in olanaklar yarat\u0131lmal\u0131d\u0131r. \u00c7ocuklar\u0131 karar alma s\u00fcre\u00e7lerine katmak ve onlara d\u00fc\u015f\u00fcncelerini \u00f6zg\u00fcrce ifade edebilecekleri e\u011fitim ortamlar\u0131 sunmak ayn\u0131 zamanda sa\u011fl\u0131kl\u0131 ve g\u00fcvenli okul ikliminin olu\u015fmas\u0131na da katk\u0131da bulunacakt\u0131r.   Bu do\u011frultuda, \u201caktif vatanda\u015fl\u0131k\u201d de\u011ferlerinin geli\u015ftirilmesinde kilit rol oynayan okullardan beklenen; demokratik ya\u015fam i\u00e7in \u00e7ocuklarda gerekli becerileri geli\u015ftirerek sorumlu ve ilgili vatanda\u015flar olarak b\u00fcy\u00fcmelerine yard\u0131mc\u0131 olmak, t\u00fcm faaliyet alanlar\u0131nda, karar alma s\u00fcre\u00e7lerinde yer almalar\u0131n\u0131 sa\u011flamak ve haklar\u0131n\u0131n korundu\u011fu g\u00fcvenli bir ortam\u0131n sa\u011flanmas\u0131na rehberlik etmektir.<\/p>\n","protected":false},"excerpt":{"rendered":"<p>\u00c7ocuklar\u0131n haklar\u0131n\u0131 bilmeleri, kullanmalar\u0131 ve savunmalar\u0131 i\u00e7in olanaklar yarat\u0131lmal\u0131d\u0131r. \u00c7ocuklar\u0131 karar alma s\u00fcre\u00e7lerine katmak ve onlara d\u00fc\u015f\u00fcncelerini \u00f6zg\u00fcrce ifade edebilecekleri e\u011fitim ortamlar\u0131 sunmak ayn\u0131 zamanda sa\u011fl\u0131kl\u0131<span class=\"excerpt-hellip\"> [\u2026]<\/span><\/p>\n","protected":false},"featured_media":0,"template":"","meta":{"_monsterinsights_skip_tracking":false,"_monsterinsights_sitenote_active":false,"_monsterinsights_sitenote_note":"","_monsterinsights_sitenote_category":0},"product_brand":[],"product_cat":[12573,12566],"product_tag":[],"class_list":{"0":"post-775135","1":"product","2":"type-product","3":"status-publish","5":"product_cat-akademik-kitaplar","6":"product_cat-egitim","7":"pa_cilt-ciltsiz","8":"pa_tur-kitap","9":"pa_yayinevi-egiten-kitap","10":"pa_yazar-kolektif","12":"first","13":"instock","14":"sale","15":"shipping-taxable","16":"purchasable","17":"product-type-simple"},"_links":{"self":[{"href":"https:\/\/roveyayinevi.com.tr\/index.php\/wp-json\/wp\/v2\/product\/775135","targetHints":{"allow":["GET"]}}],"collection":[{"href":"https:\/\/roveyayinevi.com.tr\/index.php\/wp-json\/wp\/v2\/product"}],"about":[{"href":"https:\/\/roveyayinevi.com.tr\/index.php\/wp-json\/wp\/v2\/types\/product"}],"wp:attachment":[{"href":"https:\/\/roveyayinevi.com.tr\/index.php\/wp-json\/wp\/v2\/media?parent=775135"}],"wp:term":[{"taxonomy":"product_brand","embeddable":true,"href":"https:\/\/roveyayinevi.com.tr\/index.php\/wp-json\/wp\/v2\/product_brand?post=775135"},{"taxonomy":"product_cat","embeddable":true,"href":"https:\/\/roveyayinevi.com.tr\/index.php\/wp-json\/wp\/v2\/product_cat?post=775135"},{"taxonomy":"product_tag","embeddable":true,"href":"https:\/\/roveyayinevi.com.tr\/index.php\/wp-json\/wp\/v2\/product_tag?post=775135"}],"curies":[{"name":"wp","href":"https:\/\/api.w.org\/{rel}","templated":true}]}}