{"id":775132,"date":"2025-09-09T17:35:49","date_gmt":"2025-09-09T14:35:49","guid":{"rendered":"https:\/\/roveyayinevi.com.tr\/index.php\/urun\/gecmisten-gunumuze-anadolu\/"},"modified":"2026-04-15T03:31:38","modified_gmt":"2026-04-15T00:31:38","slug":"gecmisten-gunumuze-anadolu","status":"publish","type":"product","link":"https:\/\/roveyayinevi.com.tr\/index.php\/urun\/gecmisten-gunumuze-anadolu\/","title":{"rendered":"Ge\u00e7mi\u015ften G\u00fcn\u00fcm\u00fcze Anadolu"},"content":{"rendered":"<p>Bir ta\u015f neden m\u00fczede sergilenir? \u00c7\u00fcnk\u00fc insan yonttu onu.   \u0130nsan\u0131n binlerce y\u0131l \u00f6nce ne yapt\u0131\u011f\u0131 nas\u0131l bilinir? Bu soruya cevab\u0131, insan\u0131n arkas\u0131nda b\u0131rakt\u0131\u011f\u0131 izleri aray\u0131p bulan arkeologlar verir. Kan\u0131t genellikle toprak alt\u0131ndan gelir&#8230; <\/p>\n","protected":false},"excerpt":{"rendered":"<p>Bir ta\u015f neden m\u00fczede sergilenir? \u00c7\u00fcnk\u00fc insan yonttu onu. \u0130nsan\u0131n binlerce y\u0131l \u00f6nce ne yapt\u0131\u011f\u0131 nas\u0131l bilinir? Bu soruya cevab\u0131, insan\u0131n arkas\u0131nda b\u0131rakt\u0131\u011f\u0131 izleri aray\u0131p bulan<span class=\"excerpt-hellip\"> [\u2026]<\/span><\/p>\n","protected":false},"featured_media":0,"template":"","meta":{"_monsterinsights_skip_tracking":false,"_monsterinsights_sitenote_active":false,"_monsterinsights_sitenote_note":"","_monsterinsights_sitenote_category":0},"product_brand":[],"product_cat":[12274,15842],"product_tag":[],"class_list":{"0":"post-775132","1":"product","2":"type-product","3":"status-publish","5":"product_cat-cocuk-ve-genclik-kitaplari","6":"product_cat-egitici-kitaplar","7":"pa_cilt-ciltsiz","8":"pa_tur-kitap","9":"pa_yayinevi-can-cocuk-yayinlari","10":"pa_yazar-handan-durgut","12":"first","13":"instock","14":"sale","15":"shipping-taxable","16":"purchasable","17":"product-type-simple"},"_links":{"self":[{"href":"https:\/\/roveyayinevi.com.tr\/index.php\/wp-json\/wp\/v2\/product\/775132","targetHints":{"allow":["GET"]}}],"collection":[{"href":"https:\/\/roveyayinevi.com.tr\/index.php\/wp-json\/wp\/v2\/product"}],"about":[{"href":"https:\/\/roveyayinevi.com.tr\/index.php\/wp-json\/wp\/v2\/types\/product"}],"wp:attachment":[{"href":"https:\/\/roveyayinevi.com.tr\/index.php\/wp-json\/wp\/v2\/media?parent=775132"}],"wp:term":[{"taxonomy":"product_brand","embeddable":true,"href":"https:\/\/roveyayinevi.com.tr\/index.php\/wp-json\/wp\/v2\/product_brand?post=775132"},{"taxonomy":"product_cat","embeddable":true,"href":"https:\/\/roveyayinevi.com.tr\/index.php\/wp-json\/wp\/v2\/product_cat?post=775132"},{"taxonomy":"product_tag","embeddable":true,"href":"https:\/\/roveyayinevi.com.tr\/index.php\/wp-json\/wp\/v2\/product_tag?post=775132"}],"curies":[{"name":"wp","href":"https:\/\/api.w.org\/{rel}","templated":true}]}}