{"id":775130,"date":"2025-09-09T17:34:20","date_gmt":"2025-09-09T14:34:20","guid":{"rendered":"https:\/\/roveyayinevi.com.tr\/index.php\/urun\/edebiyat-ve-psikoloji-etkilesimi\/"},"modified":"2026-04-15T03:31:34","modified_gmt":"2026-04-15T00:31:34","slug":"edebiyat-ve-psikoloji-etkilesimi","status":"publish","type":"product","link":"https:\/\/roveyayinevi.com.tr\/index.php\/urun\/edebiyat-ve-psikoloji-etkilesimi\/","title":{"rendered":"Edebiyat ve Psikoloji Etkile\u015fimi"},"content":{"rendered":"<p>Edebiyat insani bir faaliyettir. \u0130nsan\u0131 da di\u011fer canl\u0131lardan ay\u0131ran en temel \u00f6zelli\u011fi duygu, d\u00fc\u015f\u00fcnce, durum ve olgular\u0131 s\u00f6zle \u201cg\u00fczel ve etkili\u201d s\u00f6ylemeye y\u00f6nelmesidir. Bu y\u00f6nelim binlerce y\u0131ll\u0131k k\u00fclt\u00fcrel aktar\u0131mla muazzam bir edebiyat evrenini olu\u015fturmu\u015ftur. \u0130nsanl\u0131k ve bilim tarihi a\u00e7\u0131s\u0131ndan \u00e7ok ge\u00e7 denebilecek bir d\u00f6nemde disiplinle\u015fen psikoloji bilimi ise temelde insan  davran\u0131\u015flar\u0131 ve d\u00fc\u015f\u00fcncesini irdeler. Her iki disiplinin ortak noktas\u0131n\u0131n insan ve insan zihninin tezah\u00fcrlerini incelemek  oldu\u011fundan bilim adamlar\u0131 i\u00e7in olduk\u00e7a geni\u015f bir inceleme  alan\u0131 ortaya \u00e7\u0131kmaktad\u0131r. Edebiyat eserini \u201c\u00fcr\u00fcn\u201d olarak de\u011ferlendirirsek bu \u00e7\u0131kt\u0131n\u0131n as\u0131l kayna\u011f\u0131 olan insan psikolojisinin hangi saiklerle \u00fcr\u00fcn vermeye y\u00f6neldi\u011finin irdelenmesi ilgili bilim dallar\u0131 i\u00e7in \u00e7ok geni\u015f bir \u00e7al\u0131\u015fma alan\u0131d\u0131r. Bu \u00e7al\u0131\u015fmam\u0131zda bu iki bilim alan\u0131n\u0131n kesi\u015fme alanlar\u0131 i\u00e7erisine girebilecek ve\/veya bir di\u011ferinin imk\u00e2nlar\u0131yla \u00f6zg\u00fcn alan\u0131nda bilime katk\u0131 yapabilecek \u00f6rnekler vermeye \u00e7al\u0131\u015ft\u0131k. Elbette s\u0131n\u0131rs\u0131z bir imk\u00e2n alan\u0131 i\u00e7inde bu yazd\u0131klar\u0131m\u0131z olduk\u00e7a m\u00fctevaz\u0131 kalsa da ilgili sahalarda \u00e7al\u0131\u015fmak isteyenler i\u00e7in elbette \u00f6nemli i\u00e7erikler bar\u0131nd\u0131rd\u0131\u011f\u0131 kanaatindeyiz.  Kitap temel iki k\u0131s\u0131mdan olu\u015fmaktad\u0131r. \u0130lk iki ba\u015fl\u0131\u011f\u0131m\u0131z \u00f6zg\u00fcn, makale format\u0131nda i\u00e7eriklerden olu\u015fmakta, son iki ba\u015fl\u0131k ise haz\u0131rlad\u0131\u011f\u0131m \u201c\u015eair \u0130smet \u00d6zel\u201d kitab\u0131mdan psikolojik analizlerimi i\u00e7ermektedir.<\/p>\n","protected":false},"excerpt":{"rendered":"<p>Edebiyat insani bir faaliyettir. \u0130nsan\u0131 da di\u011fer canl\u0131lardan ay\u0131ran en temel \u00f6zelli\u011fi duygu, d\u00fc\u015f\u00fcnce, durum ve olgular\u0131 s\u00f6zle \u201cg\u00fczel ve etkili\u201d s\u00f6ylemeye y\u00f6nelmesidir. Bu y\u00f6nelim binlerce<span class=\"excerpt-hellip\"> [\u2026]<\/span><\/p>\n","protected":false},"featured_media":0,"template":"","meta":{"_monsterinsights_skip_tracking":false,"_monsterinsights_sitenote_active":false,"_monsterinsights_sitenote_note":"","_monsterinsights_sitenote_category":0},"product_brand":[],"product_cat":[13072,12291],"product_tag":[],"class_list":{"0":"post-775130","1":"product","2":"type-product","3":"status-publish","5":"product_cat-arastirma-inceleme-referans","6":"product_cat-edebiyat","7":"pa_cilt-ciltsiz","8":"pa_tur-kitap","9":"pa_yayinevi-kultur-ajans-yayinlari","10":"pa_yazar-dr-ahmet-kaya","12":"first","13":"instock","14":"sale","15":"shipping-taxable","16":"purchasable","17":"product-type-simple"},"_links":{"self":[{"href":"https:\/\/roveyayinevi.com.tr\/index.php\/wp-json\/wp\/v2\/product\/775130","targetHints":{"allow":["GET"]}}],"collection":[{"href":"https:\/\/roveyayinevi.com.tr\/index.php\/wp-json\/wp\/v2\/product"}],"about":[{"href":"https:\/\/roveyayinevi.com.tr\/index.php\/wp-json\/wp\/v2\/types\/product"}],"wp:attachment":[{"href":"https:\/\/roveyayinevi.com.tr\/index.php\/wp-json\/wp\/v2\/media?parent=775130"}],"wp:term":[{"taxonomy":"product_brand","embeddable":true,"href":"https:\/\/roveyayinevi.com.tr\/index.php\/wp-json\/wp\/v2\/product_brand?post=775130"},{"taxonomy":"product_cat","embeddable":true,"href":"https:\/\/roveyayinevi.com.tr\/index.php\/wp-json\/wp\/v2\/product_cat?post=775130"},{"taxonomy":"product_tag","embeddable":true,"href":"https:\/\/roveyayinevi.com.tr\/index.php\/wp-json\/wp\/v2\/product_tag?post=775130"}],"curies":[{"name":"wp","href":"https:\/\/api.w.org\/{rel}","templated":true}]}}