{"id":775129,"date":"2025-09-09T17:32:52","date_gmt":"2025-09-09T14:32:52","guid":{"rendered":"https:\/\/roveyayinevi.com.tr\/index.php\/urun\/dunyaya-degil-kendine-meydan-oku\/"},"modified":"2026-04-03T03:22:30","modified_gmt":"2026-04-03T00:22:30","slug":"dunyaya-degil-kendine-meydan-oku","status":"publish","type":"product","link":"https:\/\/roveyayinevi.com.tr\/index.php\/urun\/dunyaya-degil-kendine-meydan-oku\/","title":{"rendered":"D\u00fcnyaya De\u011fil Kendine Meydan Oku"},"content":{"rendered":"<p>Mutluluk, her yer karanl\u0131kken i\u00e7indeki ayd\u0131nl\u0131\u011fa g\u00fcvenmektir. \u0130\u00e7inizde doldurulamayan bir bo\u015fluk duygusu mu var? Kendinizi ya\u015fad\u0131\u011f\u0131n\u0131z hayata ait hissedemiyor musunuz? Her \u015fey var bir \u015fey yok gibi mi asl\u0131nda? Gelecek belirsizliklerle dolu ve korkutucu mu geliyor? Hi\u00e7bir yerde ve hi\u00e7bir \u015feyde anlam bulam\u0131yor musunuz? G\u00fcn\u00fcn sonunda kendisinin alacakl\u0131 oldu\u011funa inanan insan, hep haks\u0131zl\u0131\u011fa u\u011fram\u0131\u015f hisseder kendini, hakk\u0131n\u0131n gasp edildi\u011fine inan\u0131r, h\u0131n\u00e7la dolar, k\u00fcser ve hep kurband\u0131r. Oysa d\u00fcnyan\u0131n da hayat\u0131n da kimseye borcu yoktur. \u0130nsan alacakl\u0131 de\u011fildir. Tam da bu y\u00fczden istemek yerine vermeyi, t\u00fcketmek yerine \u00fcretmeyi, reddetmek yerine anlamay\u0131 se\u00e7mek gerekir. D\u00fcnyaya De\u011fil Kendine Meydan Oku, d\u0131\u015far\u0131daki anlams\u0131z hesapla\u015fmadan i\u00e7erideki anlaml\u0131 uzla\u015fmaya davet ediyor sizi. Bu kitap, giderek yaln\u0131zla\u015fan \u00e7a\u011f\u0131m\u0131z insan\u0131n\u0131n ger\u00e7ek tatmine, g\u00fc\u00e7l\u00fc sosyal ba\u011flara ve anlaml\u0131 bir hayata nas\u0131l ula\u015faca\u011f\u0131n\u0131 anlat\u0131yor. <\/p>\n","protected":false},"excerpt":{"rendered":"<p>Mutluluk, her yer karanl\u0131kken i\u00e7indeki ayd\u0131nl\u0131\u011fa g\u00fcvenmektir. \u0130\u00e7inizde doldurulamayan bir bo\u015fluk duygusu mu var? Kendinizi ya\u015fad\u0131\u011f\u0131n\u0131z hayata ait hissedemiyor musunuz? Her \u015fey var bir \u015fey yok<span class=\"excerpt-hellip\"> [\u2026]<\/span><\/p>\n","protected":false},"featured_media":0,"template":"","meta":{"_monsterinsights_skip_tracking":false,"_monsterinsights_sitenote_active":false,"_monsterinsights_sitenote_note":"","_monsterinsights_sitenote_category":0},"product_brand":[],"product_cat":[12364,12376],"product_tag":[],"class_list":{"0":"post-775129","1":"product","2":"type-product","3":"status-publish","5":"product_cat-genel-konular","6":"product_cat-kisisel-gelisim","7":"pa_cilt-ciltsiz","8":"pa_tur-kitap","9":"pa_yayinevi-destek-yayinlari","10":"pa_yazar-muthis-psikoloji","12":"first","13":"instock","14":"sale","15":"shipping-taxable","16":"purchasable","17":"product-type-simple"},"_links":{"self":[{"href":"https:\/\/roveyayinevi.com.tr\/index.php\/wp-json\/wp\/v2\/product\/775129","targetHints":{"allow":["GET"]}}],"collection":[{"href":"https:\/\/roveyayinevi.com.tr\/index.php\/wp-json\/wp\/v2\/product"}],"about":[{"href":"https:\/\/roveyayinevi.com.tr\/index.php\/wp-json\/wp\/v2\/types\/product"}],"wp:attachment":[{"href":"https:\/\/roveyayinevi.com.tr\/index.php\/wp-json\/wp\/v2\/media?parent=775129"}],"wp:term":[{"taxonomy":"product_brand","embeddable":true,"href":"https:\/\/roveyayinevi.com.tr\/index.php\/wp-json\/wp\/v2\/product_brand?post=775129"},{"taxonomy":"product_cat","embeddable":true,"href":"https:\/\/roveyayinevi.com.tr\/index.php\/wp-json\/wp\/v2\/product_cat?post=775129"},{"taxonomy":"product_tag","embeddable":true,"href":"https:\/\/roveyayinevi.com.tr\/index.php\/wp-json\/wp\/v2\/product_tag?post=775129"}],"curies":[{"name":"wp","href":"https:\/\/api.w.org\/{rel}","templated":true}]}}