{"id":775125,"date":"2025-09-09T17:27:12","date_gmt":"2025-09-09T14:27:12","guid":{"rendered":"https:\/\/roveyayinevi.com.tr\/index.php\/urun\/dark-souls-1-kefaret\/"},"modified":"2026-04-15T03:30:19","modified_gmt":"2026-04-15T00:30:19","slug":"dark-souls-1-kefaret","status":"publish","type":"product","link":"https:\/\/roveyayinevi.com.tr\/index.php\/urun\/dark-souls-1-kefaret\/","title":{"rendered":"Dark Souls 1 &#8211; Kefaret"},"content":{"rendered":"<p>B\u0130R O\u011eLUN LANET\u0130, B\u0130R ANNEN\u0130N KADER\u0130.   Bir kamp ate\u015finin s\u00f6nmekte olan ku\u0308llerinin ayd\u0131nlatt\u0131\u011f\u0131 harap olmu\u015f bir du\u0308nyada, gizemli bir i\u015faretle hayata d\u00f6ndu\u0308ru\u0308len bir kad\u0131n, derin bir uykudan ge\u00e7mi\u015fe dair hi\u00e7bir an\u0131s\u0131 olmadan uyan\u0131r.   Bu tan\u0131nmaz hale gelmi\u015f evrende, korkutucu Pul Koruyucular\u0131 taraf\u0131ndan amans\u0131zca takip edilmektedir. Ancak ge\u00e7mi\u015fine dair s\u0131rlar\u0131 s\u0131k\u0131ca saklayan g\u00f6rkemli birinden beklenmedik bir kurtulu\u015f teklifi al\u0131r&#8230;   \u015eimdi, \u00f6zgu\u0308n ve yepyeni Dark Souls hik\u00e2yesinde yaln\u0131z ruhlarla yu\u0308zle\u015fip karanl\u0131\u011f\u0131 kucaklamaya haz\u0131rlan\u0131n. <\/p>\n","protected":false},"excerpt":{"rendered":"<p>B\u0130R O\u011eLUN LANET\u0130, B\u0130R ANNEN\u0130N KADER\u0130. Bir kamp ate\u015finin s\u00f6nmekte olan ku\u0308llerinin ayd\u0131nlatt\u0131\u011f\u0131 harap olmu\u015f bir du\u0308nyada, gizemli bir i\u015faretle hayata d\u00f6ndu\u0308ru\u0308len bir kad\u0131n, derin bir<span class=\"excerpt-hellip\"> [\u2026]<\/span><\/p>\n","protected":false},"featured_media":0,"template":"","meta":{"_monsterinsights_skip_tracking":false,"_monsterinsights_sitenote_active":false,"_monsterinsights_sitenote_note":"","_monsterinsights_sitenote_category":0},"product_brand":[],"product_cat":[12416,12291],"product_tag":[],"class_list":{"0":"post-775125","1":"product","2":"type-product","3":"status-publish","5":"product_cat-cizgi-roman","6":"product_cat-edebiyat","7":"pa_cilt-ciltsiz","8":"pa_tur-kitap","9":"pa_yayinevi-athica-yayinlari","10":"pa_yazar-julien-blondel","12":"first","13":"instock","14":"sale","15":"shipping-taxable","16":"purchasable","17":"product-type-simple"},"_links":{"self":[{"href":"https:\/\/roveyayinevi.com.tr\/index.php\/wp-json\/wp\/v2\/product\/775125","targetHints":{"allow":["GET"]}}],"collection":[{"href":"https:\/\/roveyayinevi.com.tr\/index.php\/wp-json\/wp\/v2\/product"}],"about":[{"href":"https:\/\/roveyayinevi.com.tr\/index.php\/wp-json\/wp\/v2\/types\/product"}],"wp:attachment":[{"href":"https:\/\/roveyayinevi.com.tr\/index.php\/wp-json\/wp\/v2\/media?parent=775125"}],"wp:term":[{"taxonomy":"product_brand","embeddable":true,"href":"https:\/\/roveyayinevi.com.tr\/index.php\/wp-json\/wp\/v2\/product_brand?post=775125"},{"taxonomy":"product_cat","embeddable":true,"href":"https:\/\/roveyayinevi.com.tr\/index.php\/wp-json\/wp\/v2\/product_cat?post=775125"},{"taxonomy":"product_tag","embeddable":true,"href":"https:\/\/roveyayinevi.com.tr\/index.php\/wp-json\/wp\/v2\/product_tag?post=775125"}],"curies":[{"name":"wp","href":"https:\/\/api.w.org\/{rel}","templated":true}]}}