{"id":775123,"date":"2025-09-09T17:26:01","date_gmt":"2025-09-09T14:26:01","guid":{"rendered":"https:\/\/roveyayinevi.com.tr\/index.php\/urun\/iliskilerde-denge-oyunu\/"},"modified":"2026-04-08T03:26:35","modified_gmt":"2026-04-08T00:26:35","slug":"iliskilerde-denge-oyunu","status":"publish","type":"product","link":"https:\/\/roveyayinevi.com.tr\/index.php\/urun\/iliskilerde-denge-oyunu\/","title":{"rendered":"\u0130li\u015fkilerde Denge Oyunu"},"content":{"rendered":"<p>\u201c\u0130L\u0130\u015eK\u0130, \u0130K\u0130 K\u0130\u015e\u0130N\u0130N DE KAZANMASI GEREKEN B\u0130R DENGE OYUNUDUR.\u201d \u25c6 Her kar\u015f\u0131la\u015fma, her \u00e7at\u0131\u015fma ve her mutluluk an\u0131, bizi daha derin bir ba\u011f kurmaya davet eder mi? \u25c6 Peki, ili\u015fkilerimizde ger\u00e7ekten ne kadar sa\u011fl\u0131kl\u0131y\u0131z? \u25c6 Su\u00e7lama ve ele\u015ftirilerin g\u00f6lgesinde, sevgi ve sayg\u0131 dengesini nas\u0131l koruyabiliriz? \u25c6 \u0130li\u015fkilerde kendimizi nas\u0131l ifade edece\u011fiz, \u00e7at\u0131\u015fmalar\u0131 nas\u0131l y\u00f6netece\u011fiz ve daha anlaml\u0131 ba\u011flar nas\u0131l kuraca\u011f\u0131z? \u0130li\u015fkiler, hayat\u0131m\u0131z\u0131n en derin k\u00f6\u015felerinde yer edinmi\u015f karma\u015f\u0131k, bir o kadar da b\u00fcy\u00fcleyici bir oyundur. Bu oyunda kazananlar, her zaman dengenin ve sa\u011fl\u0131kl\u0131 ileti\u015fimin pe\u015finde olanlard\u0131r. Klinik Psikolog Tuna T\u00fcner, kaleme ald\u0131\u011f\u0131 bu kitapta, g\u00f6n\u00fcl ili\u015fkilerimizin derinliklerine inerek i\u00e7 d\u00fcnyam\u0131z\u0131 ke\u015ffetmemizi ve ili\u015fkilerimizdeki temel sorunlar\u0131 anlamam\u0131z\u0131 sa\u011flarken, klinik tecr\u00fcbelerini de okurlar\u0131yla c\u00f6mert\u00e7e payla\u015f\u0131yor. Bu kitap, sadece bir ili\u015fki rehberi de\u011fil, ayn\u0131 zamanda kendinizi yeniden ke\u015ffetme f\u0131rsat\u0131 sunan bir yol arkada\u015f\u0131d\u0131r.<\/p>\n","protected":false},"excerpt":{"rendered":"<p>\u201c\u0130L\u0130\u015eK\u0130, \u0130K\u0130 K\u0130\u015e\u0130N\u0130N DE KAZANMASI GEREKEN B\u0130R DENGE OYUNUDUR.\u201d \u25c6 Her kar\u015f\u0131la\u015fma, her \u00e7at\u0131\u015fma ve her mutluluk an\u0131, bizi daha derin bir ba\u011f kurmaya davet eder<span class=\"excerpt-hellip\"> [\u2026]<\/span><\/p>\n","protected":false},"featured_media":0,"template":"","meta":{"_monsterinsights_skip_tracking":false,"_monsterinsights_sitenote_active":false,"_monsterinsights_sitenote_note":"","_monsterinsights_sitenote_category":0},"product_brand":[],"product_cat":[12364,12376],"product_tag":[],"class_list":{"0":"post-775123","1":"product","2":"type-product","3":"status-publish","5":"product_cat-genel-konular","6":"product_cat-kisisel-gelisim","7":"pa_cilt-ciltsiz","8":"pa_tur-kitap","9":"pa_yayinevi-destek-yayinlari","10":"pa_yazar-tuna-tuner","12":"first","13":"instock","14":"sale","15":"shipping-taxable","16":"purchasable","17":"product-type-simple"},"_links":{"self":[{"href":"https:\/\/roveyayinevi.com.tr\/index.php\/wp-json\/wp\/v2\/product\/775123","targetHints":{"allow":["GET"]}}],"collection":[{"href":"https:\/\/roveyayinevi.com.tr\/index.php\/wp-json\/wp\/v2\/product"}],"about":[{"href":"https:\/\/roveyayinevi.com.tr\/index.php\/wp-json\/wp\/v2\/types\/product"}],"wp:attachment":[{"href":"https:\/\/roveyayinevi.com.tr\/index.php\/wp-json\/wp\/v2\/media?parent=775123"}],"wp:term":[{"taxonomy":"product_brand","embeddable":true,"href":"https:\/\/roveyayinevi.com.tr\/index.php\/wp-json\/wp\/v2\/product_brand?post=775123"},{"taxonomy":"product_cat","embeddable":true,"href":"https:\/\/roveyayinevi.com.tr\/index.php\/wp-json\/wp\/v2\/product_cat?post=775123"},{"taxonomy":"product_tag","embeddable":true,"href":"https:\/\/roveyayinevi.com.tr\/index.php\/wp-json\/wp\/v2\/product_tag?post=775123"}],"curies":[{"name":"wp","href":"https:\/\/api.w.org\/{rel}","templated":true}]}}