{"id":775115,"date":"2025-09-09T17:20:07","date_gmt":"2025-09-09T14:20:07","guid":{"rendered":"https:\/\/roveyayinevi.com.tr\/index.php\/urun\/resimli-turkce-sozluk-cep-boy\/"},"modified":"2026-04-15T03:28:39","modified_gmt":"2026-04-15T00:28:39","slug":"resimli-turkce-sozluk-cep-boy","status":"publish","type":"product","link":"https:\/\/roveyayinevi.com.tr\/index.php\/urun\/resimli-turkce-sozluk-cep-boy\/","title":{"rendered":"Resimli T\u00fcrk\u00e7e S\u00f6zl\u00fck (Cep Boy)"},"content":{"rendered":"<p>Sevgili \u00e7ocuklar,S\u00f6zl\u00fck, ana dilimizi daha g\u00fczel kullanmam\u0131zda ve kelime da\u011farc\u0131\u011f\u0131m\u0131z\u0131 geni\u015fletmekte en \u00f6nemli kaynakt\u0131r&#8230;Bizler de B&amp;T Yay\u0131nevi olarak sizler i\u00e7in resimlerle renklendirdi\u011fimiz bu g\u00fczel s\u00f6zl\u00fc\u011f\u00fc haz\u0131rlad\u0131k&#8230;Hem e\u011flenece\u011finiz hem de kelimelerin anlamlar\u0131n\u0131 ve kullan\u0131ld\u0131klar\u0131 yerleri \u00f6\u011frenebilece\u011finiz s\u00f6zl\u00fc\u011f\u00fcm\u00fcz, T\u00fcrk Dil Kurumunun son Yaz\u0131m K\u0131lavuzu esas al\u0131narak haz\u0131rlanm\u0131\u015ft\u0131r&#8230; Hem renklerin hem de kelimelerin d\u00fcnyas\u0131naho\u015f geldiniz&#8230;<\/p>\n","protected":false},"excerpt":{"rendered":"<p>Sevgili \u00e7ocuklar,S\u00f6zl\u00fck, ana dilimizi daha g\u00fczel kullanmam\u0131zda ve kelime da\u011farc\u0131\u011f\u0131m\u0131z\u0131 geni\u015fletmekte en \u00f6nemli kaynakt\u0131r&#8230;Bizler de B&amp;T Yay\u0131nevi olarak sizler i\u00e7in resimlerle renklendirdi\u011fimiz bu g\u00fczel s\u00f6zl\u00fc\u011f\u00fc haz\u0131rlad\u0131k&#8230;Hem<span class=\"excerpt-hellip\"> [\u2026]<\/span><\/p>\n","protected":false},"featured_media":0,"template":"","meta":{"_monsterinsights_skip_tracking":false,"_monsterinsights_sitenote_active":false,"_monsterinsights_sitenote_note":"","_monsterinsights_sitenote_category":0},"product_brand":[],"product_cat":[12566,13611],"product_tag":[],"class_list":{"0":"post-775115","1":"product","2":"type-product","3":"status-publish","5":"product_cat-egitim","6":"product_cat-sozlukler-ve-konusma-kilavuzlari","7":"pa_cilt-ciltsiz","8":"pa_tur-kitap","9":"pa_yayinevi-ema-kitap","10":"pa_yazar-kolektif","12":"first","13":"instock","14":"sale","15":"shipping-taxable","16":"purchasable","17":"product-type-simple"},"_links":{"self":[{"href":"https:\/\/roveyayinevi.com.tr\/index.php\/wp-json\/wp\/v2\/product\/775115","targetHints":{"allow":["GET"]}}],"collection":[{"href":"https:\/\/roveyayinevi.com.tr\/index.php\/wp-json\/wp\/v2\/product"}],"about":[{"href":"https:\/\/roveyayinevi.com.tr\/index.php\/wp-json\/wp\/v2\/types\/product"}],"wp:attachment":[{"href":"https:\/\/roveyayinevi.com.tr\/index.php\/wp-json\/wp\/v2\/media?parent=775115"}],"wp:term":[{"taxonomy":"product_brand","embeddable":true,"href":"https:\/\/roveyayinevi.com.tr\/index.php\/wp-json\/wp\/v2\/product_brand?post=775115"},{"taxonomy":"product_cat","embeddable":true,"href":"https:\/\/roveyayinevi.com.tr\/index.php\/wp-json\/wp\/v2\/product_cat?post=775115"},{"taxonomy":"product_tag","embeddable":true,"href":"https:\/\/roveyayinevi.com.tr\/index.php\/wp-json\/wp\/v2\/product_tag?post=775115"}],"curies":[{"name":"wp","href":"https:\/\/api.w.org\/{rel}","templated":true}]}}