{"id":775113,"date":"2025-09-09T17:14:44","date_gmt":"2025-09-09T14:14:44","guid":{"rendered":"https:\/\/roveyayinevi.com.tr\/index.php\/urun\/tasavvufun-sirlari-1-uyanis\/"},"modified":"2026-04-15T03:27:38","modified_gmt":"2026-04-15T00:27:38","slug":"tasavvufun-sirlari-1-uyanis","status":"publish","type":"product","link":"https:\/\/roveyayinevi.com.tr\/index.php\/urun\/tasavvufun-sirlari-1-uyanis\/","title":{"rendered":"Tasavvufun S\u0131rlar\u0131 1 &#8211; Uyan\u0131\u015f"},"content":{"rendered":"<p>KALP, ALLAH\u2019IN EV\u0130D\u0130R. KALB\u0130N\u0130 O\u2019NA A\u00c7 K\u0130, O SEN\u0130 UYANDIRSIN.   Kalbin Derinliklerinden Sonsuzlu\u011fa Yolculuk   Tasavvuf, insan ruhunun en derin k\u00f6\u015felerine do\u011fru yap\u0131lan bir seyri s\u00fcluk, ilahi a\u015fka varan ince bir yoldur. Bu kitap, sadece bir \u00f6\u011freti de\u011fil, ayn\u0131 zamanda bir ya\u015fam bi\u00e7imi olan tasavvufun kap\u0131lar\u0131n\u0131 aral\u0131yor. Her sat\u0131r\u0131nda, insan\u0131n kendini bulma, ruhunu ar\u0131nd\u0131rma ve Yaradan\u2019a yakla\u015fma \u00e7abas\u0131 sakl\u0131.   Bu eseri okurken, y\u00fczy\u0131llar\u0131n birikimiyle \u015fekillenmi\u015f bir gelene\u011fin i\u00e7sel yolculu\u011funa tan\u0131k olacak, kalbinizin en derinlerine dokunan, ruhunuzu sarsan ve ayd\u0131nlatan bir yolculu\u011fa \u00e7\u0131kacaks\u0131n\u0131z. \u015eairlerin, \u00e2limlerin ve dervi\u015flerin ayak izlerini takip ederek, insan olman\u0131n ve ilahi a\u015fka ula\u015fman\u0131n ne demek oldu\u011funu ke\u015ffedeceksiniz.   Tasavvuf, s\u0131radan hayat\u0131n g\u00fcr\u00fclt\u00fcs\u00fcnden uzakla\u015f\u0131p, kalbin sesine kulak vermeyi \u00f6\u011fretir. Bu kitap, size kendi i\u00e7 yolculu\u011funuzda rehberlik edecek bir dost olarak yaz\u0131ld\u0131. Her sayfas\u0131nda, y\u00fcre\u011finizin derinliklerinde sakl\u0131 olan hakikatlere dair izler bulacak, sonsuzlukla olan ba\u011f\u0131n\u0131z\u0131 daha g\u00fc\u00e7l\u00fc hissedeceksiniz.   Kendini bulmak, anlam aray\u0131\u015f\u0131nda olan her ruha hitap eden bu eser, sizleri hakikatin derinliklerinde unutulmaz bir yolculu\u011fa davet ediyor. Kalbinizin ve ruhunuzun bu \u00e7a\u011fr\u0131ya kulak vermesine izin verin. Bu yolculu\u011fa \u00e7\u0131kt\u0131\u011f\u0131n\u0131zda, hi\u00e7bir \u015feyin eskisi gibi olmad\u0131\u011f\u0131n\u0131 g\u00f6receksiniz. <\/p>\n","protected":false},"excerpt":{"rendered":"<p>KALP, ALLAH\u2019IN EV\u0130D\u0130R. KALB\u0130N\u0130 O\u2019NA A\u00c7 K\u0130, O SEN\u0130 UYANDIRSIN. Kalbin Derinliklerinden Sonsuzlu\u011fa Yolculuk Tasavvuf, insan ruhunun en derin k\u00f6\u015felerine do\u011fru yap\u0131lan bir seyri s\u00fcluk, ilahi<span class=\"excerpt-hellip\"> [\u2026]<\/span><\/p>\n","protected":false},"featured_media":0,"template":"","meta":{"_monsterinsights_skip_tracking":false,"_monsterinsights_sitenote_active":false,"_monsterinsights_sitenote_note":"","_monsterinsights_sitenote_category":0},"product_brand":[],"product_cat":[12718,12719,15238],"product_tag":[],"class_list":{"0":"post-775113","1":"product","2":"type-product","3":"status-publish","5":"product_cat-din","6":"product_cat-islam","7":"product_cat-tasavvuf","8":"pa_cilt-ciltsiz","9":"pa_tur-kitap","10":"pa_yayinevi-destek-yayinlari","11":"pa_yazar-ferhat-atik","13":"first","14":"instock","15":"sale","16":"shipping-taxable","17":"purchasable","18":"product-type-simple"},"_links":{"self":[{"href":"https:\/\/roveyayinevi.com.tr\/index.php\/wp-json\/wp\/v2\/product\/775113","targetHints":{"allow":["GET"]}}],"collection":[{"href":"https:\/\/roveyayinevi.com.tr\/index.php\/wp-json\/wp\/v2\/product"}],"about":[{"href":"https:\/\/roveyayinevi.com.tr\/index.php\/wp-json\/wp\/v2\/types\/product"}],"wp:attachment":[{"href":"https:\/\/roveyayinevi.com.tr\/index.php\/wp-json\/wp\/v2\/media?parent=775113"}],"wp:term":[{"taxonomy":"product_brand","embeddable":true,"href":"https:\/\/roveyayinevi.com.tr\/index.php\/wp-json\/wp\/v2\/product_brand?post=775113"},{"taxonomy":"product_cat","embeddable":true,"href":"https:\/\/roveyayinevi.com.tr\/index.php\/wp-json\/wp\/v2\/product_cat?post=775113"},{"taxonomy":"product_tag","embeddable":true,"href":"https:\/\/roveyayinevi.com.tr\/index.php\/wp-json\/wp\/v2\/product_tag?post=775113"}],"curies":[{"name":"wp","href":"https:\/\/api.w.org\/{rel}","templated":true}]}}