{"id":775112,"date":"2025-09-09T17:13:32","date_gmt":"2025-09-09T14:13:32","guid":{"rendered":"https:\/\/roveyayinevi.com.tr\/index.php\/urun\/kadriye-olgar-ile-hayatin-sifreleri\/"},"modified":"2026-04-15T03:27:16","modified_gmt":"2026-04-15T00:27:16","slug":"kadriye-olgar-ile-hayatin-sifreleri","status":"publish","type":"product","link":"https:\/\/roveyayinevi.com.tr\/index.php\/urun\/kadriye-olgar-ile-hayatin-sifreleri\/","title":{"rendered":"Kadriye Olgar ile Hayat\u0131n \u015eifreleri"},"content":{"rendered":"<p>MUTLULUK B\u0130R KARAR \u0130\u015e\u0130D\u0130R.   Bir g\u00fcn d\u00fcnya bana dedi ki: \u201cSensiz de d\u00f6nmeye devam edebilirim.\u201d Sonra anlad\u0131m ki bensiz d\u00f6nmeye devam eden d\u00fcnyadan ba\u015fka bir d\u00fcnyaya yerle\u015fmeliyim. Burada yeniden d\u00fcnyaya gelmeliyim.   Yeni bir \u015feyler \u00fcretmeliyim mesela&#8230;   Eski d\u00fcnyama veda ettim ama yeni d\u00fcnyamda da h\u00e2l\u00e2 insanlara faydal\u0131 olabilece\u011fimi g\u00f6stermeliyim.   Buna da \u00f6nce kendim inanmal\u0131y\u0131m.   \u015eimdiye kadar kendim i\u00e7in, ailem i\u00e7in ve i\u015fim i\u00e7in ya\u015fad\u0131m.   Bundan sonra toplum i\u00e7in de ya\u015famal\u0131 ve \u00fcretmeliyim. \u00c7\u00fcnk\u00fc ben sahip oldu\u011fum her \u015feyi topluma bor\u00e7luyum.   ***   Milyonlar\u0131n sevdi\u011fi ve takip etti\u011fi Kadriye Olgar, Hayat\u0131n \u015eifreleri kitab\u0131nda ya\u015fama sevincini asla kaybetmeden, hayat\u0131n yoku\u015flar\u0131n\u0131 nas\u0131l t\u0131rmand\u0131\u011f\u0131n\u0131, sert virajlar\u0131n\u0131 nas\u0131l d\u00f6nd\u00fc\u011f\u00fcn\u00fc ve u\u00e7urumlar\u0131n\u0131 nas\u0131l a\u015ft\u0131\u011f\u0131n\u0131 t\u00fcm samimiyetiyle anlat\u0131yor. <\/p>\n","protected":false},"excerpt":{"rendered":"<p>MUTLULUK B\u0130R KARAR \u0130\u015e\u0130D\u0130R. Bir g\u00fcn d\u00fcnya bana dedi ki: \u201cSensiz de d\u00f6nmeye devam edebilirim.\u201d Sonra anlad\u0131m ki bensiz d\u00f6nmeye devam eden d\u00fcnyadan ba\u015fka bir d\u00fcnyaya<span class=\"excerpt-hellip\"> [\u2026]<\/span><\/p>\n","protected":false},"featured_media":0,"template":"","meta":{"_monsterinsights_skip_tracking":false,"_monsterinsights_sitenote_active":false,"_monsterinsights_sitenote_note":"","_monsterinsights_sitenote_category":0},"product_brand":[],"product_cat":[18545,12291],"product_tag":[],"class_list":{"0":"post-775112","1":"product","2":"type-product","3":"status-publish","5":"product_cat-anlati","6":"product_cat-edebiyat","7":"pa_cilt-ciltsiz","8":"pa_tur-kitap","9":"pa_yayinevi-destek-yayinlari","10":"pa_yazar-kadriye-olgar","12":"first","13":"instock","14":"sale","15":"shipping-taxable","16":"purchasable","17":"product-type-simple"},"_links":{"self":[{"href":"https:\/\/roveyayinevi.com.tr\/index.php\/wp-json\/wp\/v2\/product\/775112","targetHints":{"allow":["GET"]}}],"collection":[{"href":"https:\/\/roveyayinevi.com.tr\/index.php\/wp-json\/wp\/v2\/product"}],"about":[{"href":"https:\/\/roveyayinevi.com.tr\/index.php\/wp-json\/wp\/v2\/types\/product"}],"wp:attachment":[{"href":"https:\/\/roveyayinevi.com.tr\/index.php\/wp-json\/wp\/v2\/media?parent=775112"}],"wp:term":[{"taxonomy":"product_brand","embeddable":true,"href":"https:\/\/roveyayinevi.com.tr\/index.php\/wp-json\/wp\/v2\/product_brand?post=775112"},{"taxonomy":"product_cat","embeddable":true,"href":"https:\/\/roveyayinevi.com.tr\/index.php\/wp-json\/wp\/v2\/product_cat?post=775112"},{"taxonomy":"product_tag","embeddable":true,"href":"https:\/\/roveyayinevi.com.tr\/index.php\/wp-json\/wp\/v2\/product_tag?post=775112"}],"curies":[{"name":"wp","href":"https:\/\/api.w.org\/{rel}","templated":true}]}}