{"id":775111,"date":"2025-09-09T17:12:03","date_gmt":"2025-09-09T14:12:03","guid":{"rendered":"https:\/\/roveyayinevi.com.tr\/index.php\/urun\/karsi-roman\/"},"modified":"2026-04-15T03:27:11","modified_gmt":"2026-04-15T00:27:11","slug":"karsi-roman","status":"publish","type":"product","link":"https:\/\/roveyayinevi.com.tr\/index.php\/urun\/karsi-roman\/","title":{"rendered":"Kar\u015f\u0131 Roman"},"content":{"rendered":"<p>\u201cOnlar tarihti diye s\u00f6ylendim biz kar\u015f\u0131 tarih, kasaba tarihti ben ve kurtlar kar\u015f\u0131 tarih; biri bir \u00e7ocu\u011fu \u00f6l\u00fcme g\u00f6nderiyor, di\u011ferleri \u00f6l\u00fcme g\u00f6nderilen \u00e7ocu\u011fun k\u0131y\u0131s\u0131ndan ge\u00e7iyordu. Benim yeniden y\u00fcr\u00fcmeyi se\u00e7mem, ans\u0131z\u0131n kalk\u0131p bir savunmaya yeltenmem, kasabal\u0131lara de\u011fil, kurtlara ve \u00f6b\u00fcr yabani hayvanlara \u015f\u00fckran borcumu \u00f6demekten ba\u015fka bir anlam ta\u015f\u0131m\u0131yor. Savunma b\u00fct\u00fcn\u00fcyle bu minval \u00fczerinde yap\u0131lacak ve bitti\u011finde kasaba kendisinde savunulacak en k\u00fc\u00e7\u00fck bir irfan k\u0131r\u0131nt\u0131s\u0131 bile olmad\u0131\u011f\u0131n\u0131 anlayacak.\u201d Ali Ay\u00e7il, &#8220;tarih&#8221;e de\u011fil de &#8220;kar\u015f\u0131 tarih&#8221;e inanan min\u00f6r bir kahraman\u0131n hik\u00e2yesini anlat\u0131yor. Kar\u015f\u0131 Roman, hem i\u00e7eri\u011fiyle hem de anlat\u0131m bi\u00e7imiyle kal\u0131plar\u0131 y\u0131kan, ezberlerin d\u0131\u015f\u0131na \u00e7\u0131kan ama ayn\u0131 zamanda, a\u015fk\u0131n ve sevginin sa\u011falt\u0131c\u0131 g\u00fcc\u00fcn\u00fc yeniden hat\u0131rlatan usta i\u015fi bir roman\u2026<\/p>\n","protected":false},"excerpt":{"rendered":"<p>\u201cOnlar tarihti diye s\u00f6ylendim biz kar\u015f\u0131 tarih, kasaba tarihti ben ve kurtlar kar\u015f\u0131 tarih; biri bir \u00e7ocu\u011fu \u00f6l\u00fcme g\u00f6nderiyor, di\u011ferleri \u00f6l\u00fcme g\u00f6nderilen \u00e7ocu\u011fun k\u0131y\u0131s\u0131ndan ge\u00e7iyordu. Benim<span class=\"excerpt-hellip\"> [\u2026]<\/span><\/p>\n","protected":false},"featured_media":0,"template":"","meta":{"_monsterinsights_skip_tracking":false,"_monsterinsights_sitenote_active":false,"_monsterinsights_sitenote_note":"","_monsterinsights_sitenote_category":0},"product_brand":[],"product_cat":[12291,12711],"product_tag":[],"class_list":{"0":"post-775111","1":"product","2":"type-product","3":"status-publish","5":"product_cat-edebiyat","6":"product_cat-roman-oyku","7":"pa_cilt-ciltsiz","8":"pa_tur-kitap","9":"pa_yayinevi-iletisim-yayinlari","10":"pa_yazar-ali-aycil","12":"first","13":"instock","14":"sale","15":"shipping-taxable","16":"purchasable","17":"product-type-simple"},"_links":{"self":[{"href":"https:\/\/roveyayinevi.com.tr\/index.php\/wp-json\/wp\/v2\/product\/775111","targetHints":{"allow":["GET"]}}],"collection":[{"href":"https:\/\/roveyayinevi.com.tr\/index.php\/wp-json\/wp\/v2\/product"}],"about":[{"href":"https:\/\/roveyayinevi.com.tr\/index.php\/wp-json\/wp\/v2\/types\/product"}],"wp:attachment":[{"href":"https:\/\/roveyayinevi.com.tr\/index.php\/wp-json\/wp\/v2\/media?parent=775111"}],"wp:term":[{"taxonomy":"product_brand","embeddable":true,"href":"https:\/\/roveyayinevi.com.tr\/index.php\/wp-json\/wp\/v2\/product_brand?post=775111"},{"taxonomy":"product_cat","embeddable":true,"href":"https:\/\/roveyayinevi.com.tr\/index.php\/wp-json\/wp\/v2\/product_cat?post=775111"},{"taxonomy":"product_tag","embeddable":true,"href":"https:\/\/roveyayinevi.com.tr\/index.php\/wp-json\/wp\/v2\/product_tag?post=775111"}],"curies":[{"name":"wp","href":"https:\/\/api.w.org\/{rel}","templated":true}]}}