{"id":775110,"date":"2025-09-09T17:11:48","date_gmt":"2025-09-09T14:11:48","guid":{"rendered":"https:\/\/roveyayinevi.com.tr\/index.php\/urun\/berserk-3\/"},"modified":"2026-04-15T03:27:11","modified_gmt":"2026-04-15T00:27:11","slug":"berserk-3","status":"publish","type":"product","link":"https:\/\/roveyayinevi.com.tr\/index.php\/urun\/berserk-3\/","title":{"rendered":"Berserk 3"},"content":{"rendered":"<p>\u0130ntikam arzusuyla dolu Kara Sava\u015f\u00e7\u0131 Guts ile mu\u0308ritlerden biri aras\u0131ndaki kanl\u0131 d\u00f6vu\u0308\u015fu\u0308n neticesinde korku, umutsuzluk ve \u00f6fkenin etkisiyle Behelit uyan\u0131yor. \u015eeytani varl\u0131klar\u0131 \u00e7a\u011f\u0131r\u0131yor! Arzunun koruyucu melekleri Godhand ve Guts aras\u0131ndaki derin ili\u015fkinin s\u0131rlar\u0131 a\u00e7\u0131\u011fa \u00e7\u0131k\u0131yor! Ard\u0131ndan Guts\u2019\u0131n \u00e7ocukluk y\u0131llar\u0131n\u0131 anlatan Alt\u0131n \u00c7a\u011f ba\u015fl\u0131yor! <\/p>\n","protected":false},"excerpt":{"rendered":"<p>\u0130ntikam arzusuyla dolu Kara Sava\u015f\u00e7\u0131 Guts ile mu\u0308ritlerden biri aras\u0131ndaki kanl\u0131 d\u00f6vu\u0308\u015fu\u0308n neticesinde korku, umutsuzluk ve \u00f6fkenin etkisiyle Behelit uyan\u0131yor. \u015eeytani varl\u0131klar\u0131 \u00e7a\u011f\u0131r\u0131yor! Arzunun koruyucu melekleri<span class=\"excerpt-hellip\"> [\u2026]<\/span><\/p>\n","protected":false},"featured_media":0,"template":"","meta":{"_monsterinsights_skip_tracking":false,"_monsterinsights_sitenote_active":false,"_monsterinsights_sitenote_note":"","_monsterinsights_sitenote_category":0},"product_brand":[],"product_cat":[12416,12291],"product_tag":[],"class_list":{"0":"post-775110","1":"product","2":"type-product","3":"status-publish","5":"product_cat-cizgi-roman","6":"product_cat-edebiyat","7":"pa_cilt-ciltsiz","8":"pa_tur-kitap","9":"pa_yayinevi-athica-yayinlari","10":"pa_yazar-kentaro-miura","12":"first","13":"instock","14":"sale","15":"shipping-taxable","16":"purchasable","17":"product-type-simple"},"_links":{"self":[{"href":"https:\/\/roveyayinevi.com.tr\/index.php\/wp-json\/wp\/v2\/product\/775110","targetHints":{"allow":["GET"]}}],"collection":[{"href":"https:\/\/roveyayinevi.com.tr\/index.php\/wp-json\/wp\/v2\/product"}],"about":[{"href":"https:\/\/roveyayinevi.com.tr\/index.php\/wp-json\/wp\/v2\/types\/product"}],"wp:attachment":[{"href":"https:\/\/roveyayinevi.com.tr\/index.php\/wp-json\/wp\/v2\/media?parent=775110"}],"wp:term":[{"taxonomy":"product_brand","embeddable":true,"href":"https:\/\/roveyayinevi.com.tr\/index.php\/wp-json\/wp\/v2\/product_brand?post=775110"},{"taxonomy":"product_cat","embeddable":true,"href":"https:\/\/roveyayinevi.com.tr\/index.php\/wp-json\/wp\/v2\/product_cat?post=775110"},{"taxonomy":"product_tag","embeddable":true,"href":"https:\/\/roveyayinevi.com.tr\/index.php\/wp-json\/wp\/v2\/product_tag?post=775110"}],"curies":[{"name":"wp","href":"https:\/\/api.w.org\/{rel}","templated":true}]}}