{"id":775106,"date":"2025-09-09T17:06:56","date_gmt":"2025-09-09T14:06:56","guid":{"rendered":"https:\/\/roveyayinevi.com.tr\/index.php\/urun\/hayvan-ozgurlesmesi-hemen-simdi\/"},"modified":"2026-04-16T03:14:50","modified_gmt":"2026-04-16T00:14:50","slug":"hayvan-ozgurlesmesi-hemen-simdi","status":"publish","type":"product","link":"https:\/\/roveyayinevi.com.tr\/index.php\/urun\/hayvan-ozgurlesmesi-hemen-simdi\/","title":{"rendered":"Hayvan \u00d6zg\u00fcrle\u015fmesi Hemen \u015eimdi"},"content":{"rendered":"<p>\u00c7ok az kitap yakla\u015f\u0131k 50 y\u0131l boyunca gu\u0308ncelli\u011fini korur ve ilk yay\u0131mland\u0131\u011f\u0131ndan bu yana su\u0308rekli bas\u0131lmaya devam eder. 1975\u2019teki ilk yay\u0131mlanmas\u0131ndan bugu\u0308ne, elinizdeki \u00e7\u0131\u011f\u0131r a\u00e7\u0131c\u0131 \u00e7al\u0131\u015fma, milyonlarca insan\u0131 \u201ctu\u0308rcu\u0308lu\u0308\u011fu\u0308n\u201d varl\u0131\u011f\u0131na kar\u015f\u0131 uyard\u0131 ve du\u0308nya \u00e7ap\u0131nda, hayvanlara kar\u015f\u0131 tutumumuzu de\u011fi\u015ftirmeyi ve onlara yapt\u0131\u011f\u0131m\u0131z zulu\u0308mleri ortadan kald\u0131rmay\u0131 ama\u00e7layan bir harekete ilham verdi. Hayvan \u00d6zgu\u0308rle\u015fmesi Hemen \u015eimdi\u2019de Singer, gu\u0308nu\u0308mu\u0308zu\u0308n \u201cendu\u0308striyel \u00e7iftliklerinin\u201d ve u\u0308ru\u0308nlerin test edilme i\u015flemlerinin tu\u0308yler u\u0308rpertici ger\u00e7eklerini a\u00e7\u0131\u011fa \u00e7\u0131kar\u0131yor, bunlar\u0131n ard\u0131ndaki sahte gerek\u00e7eleri yok ediyor ve bize, ne kadar ac\u0131 bir \u015fekilde yan\u0131lt\u0131ld\u0131\u011f\u0131m\u0131z\u0131 g\u00f6steriyor. Singer, kitab\u0131n ilk yay\u0131mland\u0131\u011f\u0131 gu\u0308nden sonra ilk kez temel argu\u0308manlara ve \u00f6rneklere d\u00f6nu\u0308p bizi \u015fimdiki ana getiriyor. Ba\u015ftan a\u015fa\u011f\u0131 g\u00f6zden ge\u00e7irilen bu bask\u0131, Avrupa Birli\u011fi\u2019nde ve ABD\u2019nin \u00e7e\u015fitli eyaletlerinde yap\u0131lan \u00f6nemli reformlar\u0131 da kaps\u0131yor ancak di\u011fer taraftan \u00c7in\u2019de hayvansal u\u0308ru\u0308nlere y\u00f6nelik talebin artmas\u0131 nedeniyle endu\u0308striyel \u00e7ift\u00e7ilikteki devasa geni\u015flemenin etkisini bize g\u00f6steriyor. Et tu\u0308ketimi bugu\u0308n \u00e7evreye ciddi zarar veriyor ve COVID-19\u2019dan bile daha k\u00f6tu\u0308 yeni viru\u0308slerin yay\u0131lma riskini art\u0131r\u0131yor. Hayvan \u00d6zgu\u0308rlu\u0308\u011fu\u0308 Hemen \u015eimdi, gu\u0308nu\u0308mu\u0308zu\u0308n en derin \u00e7evresel, sosyal ve ahlaki sorununa alternatif \u00e7\u00f6zu\u0308mler de i\u00e7eriyor. \u0130kna edici bir bi\u00e7imde vicdanlara ve adalet duygusuna seslenen bu \u00e7a\u011fr\u0131 ona \u015fu\u0308pheyle bakanlar i\u00e7in de destek vermeye haz\u0131r ki\u015filer i\u00e7in de okunmas\u0131 zorunlu bir eser. \u201c1970\u2019lerde Hayvan \u00d6zgu\u0308rle\u015fmesi\u2019ni okudu\u011fumda vejetaryen olmu\u015ftum. 1960\u2019tan beri sahadayd\u0131m ve endu\u0308striyel \u00e7iftlikler hakk\u0131nda bilgim yoktu. Deh\u015fete du\u0308\u015fmu\u0308\u015ftu\u0308m. Taba\u011f\u0131mda ilk et par\u00e7as\u0131n\u0131 g\u00f6rdu\u0308\u011fu\u0308mde bunun korku, ac\u0131 ve \u00f6lu\u0308mu\u0308 simgeledi\u011fini du\u0308\u015fu\u0308ndu\u0308m. Ard\u0131ndan o an orada et yemeyi b\u0131rakt\u0131m. Bu g\u00f6zden ge\u00e7irilmi\u015f Hayvan \u00d6zgu\u0308rle\u015fmesi Hemen \u015eimdi\u2019yi okusayd\u0131m daha k\u0131sa su\u0308rede vegan olurdum.\u201d Jane Goodall \u201cBu gu\u0308ncellenmi\u015f, geni\u015fletilmi\u015f ve ba\u015fl\u0131\u011f\u0131 de\u011fi\u015ftirilmi\u015f bask\u0131, Singer\u2019\u0131n neredeyse yar\u0131m yu\u0308zy\u0131l\u0131 a\u015fk\u0131n du\u0308\u015fu\u0308ncelerinin nas\u0131l geli\u015fti\u011fini yans\u0131tt\u0131\u011f\u0131 gibi ahlak felsefesinin tarihinde de bir kilometre ta\u015f\u0131d\u0131r.\u201d Jeff McMahan, Sekyra ve White Ahlak Felsefesi Profes\u00f6ru\u0308, Oxford \u00dcniversitesi \u201cSinger\u2019\u0131n sundu\u011fu belgeler retorikten ve duygusall\u0131ktan uzak, savlar\u0131 s\u0131k\u0131 ve zorlu \u00e7u\u0308nku\u0308 tezini ne ki\u015fisel ne dini ne de \u00e7ok soyut felsefi ilkelere dayand\u0131r\u0131yor, aksine hepimizin zaten kabul etti\u011fi ahlaki konumlara dayand\u0131r\u0131yor.\u201d New York Times Book Review <\/p>\n","protected":false},"excerpt":{"rendered":"<p>\u00c7ok az kitap yakla\u015f\u0131k 50 y\u0131l boyunca gu\u0308ncelli\u011fini korur ve ilk yay\u0131mland\u0131\u011f\u0131ndan bu yana su\u0308rekli bas\u0131lmaya devam eder. 1975\u2019teki ilk yay\u0131mlanmas\u0131ndan bugu\u0308ne, elinizdeki \u00e7\u0131\u011f\u0131r a\u00e7\u0131c\u0131 \u00e7al\u0131\u015fma,<span class=\"excerpt-hellip\"> [\u2026]<\/span><\/p>\n","protected":false},"featured_media":0,"template":"","meta":{"_monsterinsights_skip_tracking":false,"_monsterinsights_sitenote_active":false,"_monsterinsights_sitenote_note":"","_monsterinsights_sitenote_category":0},"product_brand":[],"product_cat":[12364],"product_tag":[],"class_list":{"0":"post-775106","1":"product","2":"type-product","3":"status-publish","5":"product_cat-genel-konular","6":"pa_cilt-ciltsiz","7":"pa_tur-kitap","8":"pa_yayinevi-ayrinti-yayinlari","9":"pa_yazar-peter-singer","11":"first","12":"instock","13":"sale","14":"shipping-taxable","15":"purchasable","16":"product-type-simple"},"_links":{"self":[{"href":"https:\/\/roveyayinevi.com.tr\/index.php\/wp-json\/wp\/v2\/product\/775106","targetHints":{"allow":["GET"]}}],"collection":[{"href":"https:\/\/roveyayinevi.com.tr\/index.php\/wp-json\/wp\/v2\/product"}],"about":[{"href":"https:\/\/roveyayinevi.com.tr\/index.php\/wp-json\/wp\/v2\/types\/product"}],"wp:attachment":[{"href":"https:\/\/roveyayinevi.com.tr\/index.php\/wp-json\/wp\/v2\/media?parent=775106"}],"wp:term":[{"taxonomy":"product_brand","embeddable":true,"href":"https:\/\/roveyayinevi.com.tr\/index.php\/wp-json\/wp\/v2\/product_brand?post=775106"},{"taxonomy":"product_cat","embeddable":true,"href":"https:\/\/roveyayinevi.com.tr\/index.php\/wp-json\/wp\/v2\/product_cat?post=775106"},{"taxonomy":"product_tag","embeddable":true,"href":"https:\/\/roveyayinevi.com.tr\/index.php\/wp-json\/wp\/v2\/product_tag?post=775106"}],"curies":[{"name":"wp","href":"https:\/\/api.w.org\/{rel}","templated":true}]}}