{"id":775105,"date":"2025-09-09T17:06:13","date_gmt":"2025-09-09T14:06:13","guid":{"rendered":"https:\/\/roveyayinevi.com.tr\/index.php\/urun\/hayatin-anlami-3\/"},"modified":"2026-03-26T15:59:42","modified_gmt":"2026-03-26T12:59:42","slug":"hayatin-anlami-3","status":"publish","type":"product","link":"https:\/\/roveyayinevi.com.tr\/index.php\/urun\/hayatin-anlami-3\/","title":{"rendered":"Hayat\u0131n Anlam\u0131"},"content":{"rendered":"<p>\u201cHayat\u0131n anlam\u0131\u201d pek b\u00fcy\u00fck bir ba\u015fl\u0131k. Herkesin ara s\u0131ra kendine sordu\u011fu, sormasa da kimi zaman bilin\u00e7li ama \u00e7o\u011fu zaman bilin\u00e7 d\u0131\u015f\u0131nda hep arad\u0131\u011f\u0131 temel bir mesele. Ak\u0131l denen yetenek nedeniyle \u201cs\u00fcrekli bir \u015feylere anlam vermek zorunda olan\u201d bizler, buradaki varl\u0131\u011f\u0131m\u0131z\u0131n da bir anlam\u0131 olmas\u0131n\u0131 arzu ediyoruz. \u201cHayat\u0131n anlam\u0131\u201d pek b\u00fcy\u00fck bir ba\u015fl\u0131k. Herkesin ara s\u0131ra kendine sordu\u011fu, sormasa da kimi zaman bilin\u00e7li ama \u00e7o\u011fu zaman bilin\u00e7 d\u0131\u015f\u0131nda hep arad\u0131\u011f\u0131 temel bir mesele. Ak\u0131l denen yetenek nedeniyle \u201cs\u00fcrekli bir \u015feylere anlam vermek zorunda olan\u201d bizler, buradaki varl\u0131\u011f\u0131m\u0131z\u0131n da bir anlam\u0131 olmas\u0131n\u0131 arzu ediyoruz. Biz mutlulu\u011fu iki \u015fey zannediyoruz: haz ve ac\u0131dan kurtulma hali. Haz ald\u0131\u011f\u0131m\u0131z \u015feylerde, yemek yemek, cinsel ili\u015fki dahil olmak \u00fczere her \u015feyde ortak bir y\u00f6n var: Bitiyor. Biz, insan olarak, yedi\u011fimiz yeme\u011fin, ili\u015fkinin, haz veren herhangi bir aktivitenin bitece\u011fini bilen tek varl\u0131\u011f\u0131z. Ald\u0131\u011f\u0131m\u0131z hazz\u0131n bitece\u011fini biliyoruz, o nedenle bir yandan bize \u00e7ok haz verirken ayn\u0131 esnada bitecek olmas\u0131n\u0131n h\u00fczn\u00fcn\u00fc ya\u015f\u0131yoruz. <\/p>\n","protected":false},"excerpt":{"rendered":"<p>\u201cHayat\u0131n anlam\u0131\u201d pek b\u00fcy\u00fck bir ba\u015fl\u0131k. Herkesin ara s\u0131ra kendine sordu\u011fu, sormasa da kimi zaman bilin\u00e7li ama \u00e7o\u011fu zaman bilin\u00e7 d\u0131\u015f\u0131nda hep arad\u0131\u011f\u0131 temel bir mesele.<span class=\"excerpt-hellip\"> [\u2026]<\/span><\/p>\n","protected":false},"featured_media":0,"template":"","meta":{"_monsterinsights_skip_tracking":false,"_monsterinsights_sitenote_active":false,"_monsterinsights_sitenote_note":"","_monsterinsights_sitenote_category":0},"product_brand":[],"product_cat":[12364],"product_tag":[],"class_list":{"0":"post-775105","1":"product","2":"type-product","3":"status-publish","5":"product_cat-genel-konular","6":"pa_cilt-ciltsiz","7":"pa_tur-kitap","8":"pa_yayinevi-alfa-yayinlari","9":"pa_yazar-sinan-canan","11":"first","12":"instock","13":"sale","14":"shipping-taxable","15":"purchasable","16":"product-type-simple"},"_links":{"self":[{"href":"https:\/\/roveyayinevi.com.tr\/index.php\/wp-json\/wp\/v2\/product\/775105","targetHints":{"allow":["GET"]}}],"collection":[{"href":"https:\/\/roveyayinevi.com.tr\/index.php\/wp-json\/wp\/v2\/product"}],"about":[{"href":"https:\/\/roveyayinevi.com.tr\/index.php\/wp-json\/wp\/v2\/types\/product"}],"wp:attachment":[{"href":"https:\/\/roveyayinevi.com.tr\/index.php\/wp-json\/wp\/v2\/media?parent=775105"}],"wp:term":[{"taxonomy":"product_brand","embeddable":true,"href":"https:\/\/roveyayinevi.com.tr\/index.php\/wp-json\/wp\/v2\/product_brand?post=775105"},{"taxonomy":"product_cat","embeddable":true,"href":"https:\/\/roveyayinevi.com.tr\/index.php\/wp-json\/wp\/v2\/product_cat?post=775105"},{"taxonomy":"product_tag","embeddable":true,"href":"https:\/\/roveyayinevi.com.tr\/index.php\/wp-json\/wp\/v2\/product_tag?post=775105"}],"curies":[{"name":"wp","href":"https:\/\/api.w.org\/{rel}","templated":true}]}}