{"id":775104,"date":"2025-09-09T17:05:48","date_gmt":"2025-09-09T14:05:48","guid":{"rendered":"https:\/\/roveyayinevi.com.tr\/index.php\/urun\/captain-tsubasa-gokyuzu-firtinasi-fleksi-kapak\/"},"modified":"2026-04-13T03:22:02","modified_gmt":"2026-04-13T00:22:02","slug":"captain-tsubasa-gokyuzu-firtinasi-fleksi-kapak","status":"publish","type":"product","link":"https:\/\/roveyayinevi.com.tr\/index.php\/urun\/captain-tsubasa-gokyuzu-firtinasi-fleksi-kapak\/","title":{"rendered":"Captain Tsubasa: G\u00f6ky\u00fcz\u00fc F\u0131rt\u0131nas\u0131 (Fleksi Kapak)"},"content":{"rendered":"<p>YETENEK, AZ\u0130M, GEL\u0130\u015e\u0130M ve ARKADA\u015eLIK:EFSANE OLMAK KOLAY DE\u011e\u0130L!     Ulusal Gen\u00e7lik Turnuvas\u0131 bitmi\u015f, herkes gelece\u011fini d\u00fc\u015f\u00fcnmeye ba\u015flam\u0131\u015ft\u0131. Kimileri i\u00e7in yeni rota yurtd\u0131\u015f\u0131yken kimileri i\u00e7inse futbolun kalbi h\u00e2l\u00e2 Japonya\u2019da at\u0131yordu. Tsubasa, Brezilya hayalini ger\u00e7ekle\u015ftirmeden \u00f6nce kendi \u00fclkesinde en iyisi olmak istiyor ve sadece bunun i\u00e7in \u00e7al\u0131\u015f\u0131yordu. Kar\u015f\u0131s\u0131na \u00e7\u0131kan t\u00fcm kupalar\u0131 kazanacak ve Brezilya\u2019ya bir \u015fampiyon olarak gidecekti. Ancak kupa yolundaki engeller bitmek bilmiyordu. Nankatsu\u2019da kalmaya karar veren Tsubasa, bir de sakatl\u0131klarla bo\u011fu\u015fuyordu.Rakipleri kendini geli\u015ftirip yeni teknikler \u00fcretirken onun da ustas\u0131 olmak istedi\u011fi tek bir \u015fut vard\u0131: A\u015f\u0131rtma \u015eutu. Nankatsu kar\u015f\u0131la\u015ft\u0131\u011f\u0131 t\u00fcm tak\u0131mlar\u0131 ezip ge\u00e7erken kadrosundaTa\u00e7ibana \u0130kizleri\u2019ni bulduran Hanawa onlar\u0131 alt etmeye kararl\u0131yd\u0131.Bunun i\u00e7in ne gerekiyorsa da yapacaklard\u0131. Futbolun efsanesi Tsubasa ve tak\u0131m\u0131 \u015fampiyonada f\u0131rt\u0131na gibi esen Hanawa\u2019y\u0131 durdurabilecek miydi? T\u00fcm engellere ra\u011fmen ad\u0131n\u0131 bir kez daha \u015fampiyonluk tarihine yazd\u0131rabilecek miydi?<\/p>\n","protected":false},"excerpt":{"rendered":"<p>YETENEK, AZ\u0130M, GEL\u0130\u015e\u0130M ve ARKADA\u015eLIK:EFSANE OLMAK KOLAY DE\u011e\u0130L! Ulusal Gen\u00e7lik Turnuvas\u0131 bitmi\u015f, herkes gelece\u011fini d\u00fc\u015f\u00fcnmeye ba\u015flam\u0131\u015ft\u0131. Kimileri i\u00e7in yeni rota yurtd\u0131\u015f\u0131yken kimileri i\u00e7inse futbolun kalbi h\u00e2l\u00e2<span class=\"excerpt-hellip\"> [\u2026]<\/span><\/p>\n","protected":false},"featured_media":0,"template":"","meta":{"_monsterinsights_skip_tracking":false,"_monsterinsights_sitenote_active":false,"_monsterinsights_sitenote_note":"","_monsterinsights_sitenote_category":0},"product_brand":[],"product_cat":[12274],"product_tag":[],"class_list":{"0":"post-775104","1":"product","2":"type-product","3":"status-publish","5":"product_cat-cocuk-ve-genclik-kitaplari","6":"pa_cilt-ciltsiz","7":"pa_tur-kitap","8":"pa_yayinevi-epsilon-yayinlari","9":"pa_yazar-yoici-takahasi","11":"first","12":"instock","13":"sale","14":"shipping-taxable","15":"purchasable","16":"product-type-simple"},"_links":{"self":[{"href":"https:\/\/roveyayinevi.com.tr\/index.php\/wp-json\/wp\/v2\/product\/775104","targetHints":{"allow":["GET"]}}],"collection":[{"href":"https:\/\/roveyayinevi.com.tr\/index.php\/wp-json\/wp\/v2\/product"}],"about":[{"href":"https:\/\/roveyayinevi.com.tr\/index.php\/wp-json\/wp\/v2\/types\/product"}],"wp:attachment":[{"href":"https:\/\/roveyayinevi.com.tr\/index.php\/wp-json\/wp\/v2\/media?parent=775104"}],"wp:term":[{"taxonomy":"product_brand","embeddable":true,"href":"https:\/\/roveyayinevi.com.tr\/index.php\/wp-json\/wp\/v2\/product_brand?post=775104"},{"taxonomy":"product_cat","embeddable":true,"href":"https:\/\/roveyayinevi.com.tr\/index.php\/wp-json\/wp\/v2\/product_cat?post=775104"},{"taxonomy":"product_tag","embeddable":true,"href":"https:\/\/roveyayinevi.com.tr\/index.php\/wp-json\/wp\/v2\/product_tag?post=775104"}],"curies":[{"name":"wp","href":"https:\/\/api.w.org\/{rel}","templated":true}]}}