{"id":775103,"date":"2025-09-09T17:04:58","date_gmt":"2025-09-09T14:04:58","guid":{"rendered":"https:\/\/roveyayinevi.com.tr\/index.php\/urun\/dortnala-ozgurluk\/"},"modified":"2026-04-16T03:14:43","modified_gmt":"2026-04-16T00:14:43","slug":"dortnala-ozgurluk","status":"publish","type":"product","link":"https:\/\/roveyayinevi.com.tr\/index.php\/urun\/dortnala-ozgurluk\/","title":{"rendered":"D\u00f6rtnala \u00d6zg\u00fcrl\u00fck"},"content":{"rendered":"<p>Okul listelerinin bol \u00f6d\u00fcll\u00fc kitab\u0131 Hayalperest\u2019in yazar\u0131ndan cesaret ve \u00f6zg\u00fcrl\u00fck \u00fczerine yeni bir hik\u00e2ye! Charlotte Parkhurst, erkek \u00e7ocuklar\u0131n\u0131n ya\u015fad\u0131\u011f\u0131 bir yetimhanede b\u00fcy\u00fcd\u00fc ve do\u011frusu, bunu hi\u00e7 sorun etmiyordu. Bebeklerle oynamay\u0131 sevmezdi, kavgalarda kendini savunabilirdi ve ah\u0131rda \u00e7al\u0131\u015fmay\u0131 \u00e7ok severdi. Charlotte\u2019\u0131n atlara kar\u015f\u0131 \u00f6zel bir ilgisi vard\u0131 ve en b\u00fcy\u00fck hayali kendi \u00e7iftli\u011finde atlar\u0131n\u0131 e\u011fitmek ve doyas\u0131ya at s\u00fcrmekti. Sorun \u015fuydu ki 1800\u2019lerin ortalar\u0131nda Charlotte\u2019\u0131n bir k\u0131z olarak \u00e7ok daha farkl\u0131 bir hayat ya\u015famas\u0131 bekleniyordu; hayalini kurdu\u011fu \u00f6zg\u00fcrl\u00fcklere sahip olmayaca\u011f\u0131 bir hayat&#8230; Ama Charlotte \u00e7ok ak\u0131ll\u0131 ve kararl\u0131 bir k\u0131zd\u0131; b\u00f6ylece b\u00fct\u00fcn riskleri g\u00f6ze alarak, hayallerini ger\u00e7ekle\u015ftirmek i\u00e7in nas\u0131l gerekiyorsa \u00f6yle ya\u015faman\u0131n bir yolunu bulacakt\u0131. \u0130ki y\u00fczy\u0131l \u00f6ncenin Amerika\u2019s\u0131nda ge\u00e7en ve ger\u00e7ek bir hayat hik\u00e2yesinden esinlenilerek yaz\u0131lm\u0131\u015f, at\u0131n\u0131 d\u00f6rtnala \u00f6zg\u00fcrl\u00fc\u011fe s\u00fcren bir k\u0131z\u0131n cesaret dolu \u00f6yk\u00fcs\u00fc, bol \u00f6d\u00fcll\u00fc yazar Pam Mu\u00f1oz Ryan\u2019\u0131n benzersiz anlat\u0131m\u0131yla kelimelere d\u00f6k\u00fcl\u00fcyor. <\/p>\n","protected":false},"excerpt":{"rendered":"<p>Okul listelerinin bol \u00f6d\u00fcll\u00fc kitab\u0131 Hayalperest\u2019in yazar\u0131ndan cesaret ve \u00f6zg\u00fcrl\u00fck \u00fczerine yeni bir hik\u00e2ye! Charlotte Parkhurst, erkek \u00e7ocuklar\u0131n\u0131n ya\u015fad\u0131\u011f\u0131 bir yetimhanede b\u00fcy\u00fcd\u00fc ve do\u011frusu, bunu hi\u00e7<span class=\"excerpt-hellip\"> [\u2026]<\/span><\/p>\n","protected":false},"featured_media":0,"template":"","meta":{"_monsterinsights_skip_tracking":false,"_monsterinsights_sitenote_active":false,"_monsterinsights_sitenote_note":"","_monsterinsights_sitenote_category":0},"product_brand":[],"product_cat":[12274,12284],"product_tag":[],"class_list":{"0":"post-775103","1":"product","2":"type-product","3":"status-publish","5":"product_cat-cocuk-ve-genclik-kitaplari","6":"product_cat-hikayeler","7":"pa_cilt-ciltsiz","8":"pa_tur-kitap","9":"pa_yayinevi-ithaki-yayinlari","10":"pa_yazar-pam-munoz-ryan","12":"first","13":"instock","14":"sale","15":"shipping-taxable","16":"purchasable","17":"product-type-simple"},"_links":{"self":[{"href":"https:\/\/roveyayinevi.com.tr\/index.php\/wp-json\/wp\/v2\/product\/775103","targetHints":{"allow":["GET"]}}],"collection":[{"href":"https:\/\/roveyayinevi.com.tr\/index.php\/wp-json\/wp\/v2\/product"}],"about":[{"href":"https:\/\/roveyayinevi.com.tr\/index.php\/wp-json\/wp\/v2\/types\/product"}],"wp:attachment":[{"href":"https:\/\/roveyayinevi.com.tr\/index.php\/wp-json\/wp\/v2\/media?parent=775103"}],"wp:term":[{"taxonomy":"product_brand","embeddable":true,"href":"https:\/\/roveyayinevi.com.tr\/index.php\/wp-json\/wp\/v2\/product_brand?post=775103"},{"taxonomy":"product_cat","embeddable":true,"href":"https:\/\/roveyayinevi.com.tr\/index.php\/wp-json\/wp\/v2\/product_cat?post=775103"},{"taxonomy":"product_tag","embeddable":true,"href":"https:\/\/roveyayinevi.com.tr\/index.php\/wp-json\/wp\/v2\/product_tag?post=775103"}],"curies":[{"name":"wp","href":"https:\/\/api.w.org\/{rel}","templated":true}]}}