{"id":775102,"date":"2025-09-09T17:04:48","date_gmt":"2025-09-09T14:04:48","guid":{"rendered":"https:\/\/roveyayinevi.com.tr\/index.php\/urun\/demir-alev\/"},"modified":"2026-02-03T03:28:42","modified_gmt":"2026-02-03T00:28:42","slug":"demir-alev","status":"publish","type":"product","link":"https:\/\/roveyayinevi.com.tr\/index.php\/urun\/demir-alev\/","title":{"rendered":"Demir Alev"},"content":{"rendered":"<p>Herkes Violet Sorrengail\u2019in Basgiath Sava\u015f Akademisi\u2019ndeki ilk y\u0131l\u0131nda \u00f6lmesini bekliyordu; buna Violet da d\u00e2hil. Ancak Harman, iradesi zay\u0131f, de\u011fersiz ve \u015fanss\u0131z \u00f6\u011frencileri ay\u0131klama amac\u0131yla yap\u0131lan imk\u00e2ns\u0131z s\u0131navlar\u0131n sadece ilkiydi. As\u0131l e\u011fitim \u015fimdi ba\u015fl\u0131yordu ve Violet bu e\u011fitimlerden nas\u0131l ge\u00e7ece\u011fini merak ediyordu. Mesele bu e\u011fitimlerin sadece zor ve ac\u0131mas\u0131z olmalar\u0131, hatta binicilerin ac\u0131 e\u015fi\u011fini sa\u011flamla\u015ft\u0131rmak i\u00e7in tasarlanm\u0131\u015f olmalar\u0131 da de\u011fildi. Mesele, Violet\u2019a ne kadar gu\u0308\u00e7su\u0308z oldu\u011funu hat\u0131rlatmay\u0131 \u015fahsi g\u00f6revi h\u00e2line getiren ve onu sevdi\u011fi adama ihanet etmeye zorlayan yeni komutan yard\u0131mc\u0131s\u0131yd\u0131. Violet\u2019\u0131n bedeni di\u011fer \u00f6\u011frencilere g\u00f6re daha zay\u0131f ve k\u0131r\u0131lgan olabilirdi ama zek\u00e2s\u0131 ve demir gibi bir iradesi vard\u0131. \u00d6nderler Basgiath\u2019\u0131n ona \u00f6\u011fretti\u011fi en \u00f6nemli dersi unutuyordu: Ejderha binicileri kendi kurallar\u0131n\u0131 kendileri koyard\u0131. Ama bu y\u0131l hayatta kalmak i\u00e7in, yaln\u0131zca kararl\u0131 olmak yetmeyecekti. \u00c7u\u0308nku\u0308 Violet, Basgiath Sava\u015f Akademisi\u2019nin yu\u0308zy\u0131llard\u0131r saklanan s\u0131rlar\u0131n\u0131 \u00f6\u011frenmi\u015fti ve sonunda onlar\u0131 hi\u00e7bir \u015fey kurtaramayabilirdi. Ejderha ate\u015fi bile. <\/p>\n","protected":false},"excerpt":{"rendered":"<p>Herkes Violet Sorrengail\u2019in Basgiath Sava\u015f Akademisi\u2019ndeki ilk y\u0131l\u0131nda \u00f6lmesini bekliyordu; buna Violet da d\u00e2hil. Ancak Harman, iradesi zay\u0131f, de\u011fersiz ve \u015fanss\u0131z \u00f6\u011frencileri ay\u0131klama amac\u0131yla yap\u0131lan imk\u00e2ns\u0131z<span class=\"excerpt-hellip\"> [\u2026]<\/span><\/p>\n","protected":false},"featured_media":0,"template":"","meta":{"_monsterinsights_skip_tracking":false,"_monsterinsights_sitenote_active":false,"_monsterinsights_sitenote_note":"","_monsterinsights_sitenote_category":0},"product_brand":[],"product_cat":[12291,14777],"product_tag":[],"class_list":{"0":"post-775102","1":"product","2":"type-product","3":"status-publish","5":"product_cat-edebiyat","6":"product_cat-fantastik","7":"pa_cilt-ciltsiz","8":"pa_tur-kitap","9":"pa_yayinevi-olimpos-yayinlari","10":"pa_yazar-rebecca-yarros","12":"first","13":"instock","14":"sale","15":"shipping-taxable","16":"purchasable","17":"product-type-simple"},"_links":{"self":[{"href":"https:\/\/roveyayinevi.com.tr\/index.php\/wp-json\/wp\/v2\/product\/775102","targetHints":{"allow":["GET"]}}],"collection":[{"href":"https:\/\/roveyayinevi.com.tr\/index.php\/wp-json\/wp\/v2\/product"}],"about":[{"href":"https:\/\/roveyayinevi.com.tr\/index.php\/wp-json\/wp\/v2\/types\/product"}],"wp:attachment":[{"href":"https:\/\/roveyayinevi.com.tr\/index.php\/wp-json\/wp\/v2\/media?parent=775102"}],"wp:term":[{"taxonomy":"product_brand","embeddable":true,"href":"https:\/\/roveyayinevi.com.tr\/index.php\/wp-json\/wp\/v2\/product_brand?post=775102"},{"taxonomy":"product_cat","embeddable":true,"href":"https:\/\/roveyayinevi.com.tr\/index.php\/wp-json\/wp\/v2\/product_cat?post=775102"},{"taxonomy":"product_tag","embeddable":true,"href":"https:\/\/roveyayinevi.com.tr\/index.php\/wp-json\/wp\/v2\/product_tag?post=775102"}],"curies":[{"name":"wp","href":"https:\/\/api.w.org\/{rel}","templated":true}]}}