{"id":775101,"date":"2025-09-09T17:04:38","date_gmt":"2025-09-09T14:04:38","guid":{"rendered":"https:\/\/roveyayinevi.com.tr\/index.php\/urun\/iste-hayat-hayat-iste\/"},"modified":"2026-04-08T03:23:11","modified_gmt":"2026-04-08T00:23:11","slug":"iste-hayat-hayat-iste","status":"publish","type":"product","link":"https:\/\/roveyayinevi.com.tr\/index.php\/urun\/iste-hayat-hayat-iste\/","title":{"rendered":"\u0130\u015fte Hayat &amp; Hayat \u0130\u015fte"},"content":{"rendered":"<p>\u201cHer insan i\u00e7in imk\u00e2ns\u0131za a\u00e7\u0131lan kap\u0131lar vard\u0131r. Bu asl\u0131nda mucizedir. T\u0131pk\u0131 hayat gibi! Burada \u00f6nemli olan, ona nas\u0131l bakt\u0131\u011f\u0131n ve ne g\u00f6rd\u00fc\u011f\u00fcnd\u00fcr. Bak\u0131\u015f a\u00e7\u0131n seni ya imk\u00e2ns\u0131za ta\u015f\u0131yacak ya da mucizeyi g\u00f6rmeni sa\u011flayacakt\u0131r.\u201d Art\u0131k doyumsuz ve g\u00fcn ge\u00e7tik\u00e7e daha da mutsuzla\u015ft\u0131\u011f\u0131m\u0131z ya\u015famlar\u0131m\u0131z var. Do\u011fdu\u011fumuz andan itibaren sahip olmam\u0131z gerekenlerin \u00f6\u011fretildi\u011fi, b\u00f6ylece mutlu olaca\u011f\u0131m\u0131za inand\u0131r\u0131ld\u0131\u011f\u0131m\u0131z, bu y\u00fczden kendimiz olmaktan vazge\u00e7ip istenen olmaya \u00e7abalad\u0131\u011f\u0131m\u0131z, anlam\u0131n ve de\u011ferin eksik oldu\u011fu ya\u015famlar\u2026 Oysa \u00f6\u011frenmeye, geli\u015fmeye, ke\u015ffetmeye, anlamaya, en \u00f6nemlisi de kendimiz olmaya geldik bu d\u00fcnyaya. Bunun i\u00e7in ya g\u00f6n\u00fcll\u00fc olup \u00e7aba harcar\u0131z ya da ya\u015fam bizi zorlar. Ac\u0131 ya da tatl\u0131\u2026 Olmas\u0131 gerekti\u011fi zamanda ve tam da olmas\u0131 gerekti\u011fi gibi olur her \u015fey. \u201cYol bu y\u00fczden, yolculuk da bu y\u00fczdendir.\u201d \u0130\u015fte Hayat&amp;Hayat \u0130\u015fte, bir yolcudan t\u00fcm yola \u00e7\u0131kanlara rehber olmas\u0131 umuduyla&#8230; <\/p>\n","protected":false},"excerpt":{"rendered":"<p>\u201cHer insan i\u00e7in imk\u00e2ns\u0131za a\u00e7\u0131lan kap\u0131lar vard\u0131r. Bu asl\u0131nda mucizedir. T\u0131pk\u0131 hayat gibi! Burada \u00f6nemli olan, ona nas\u0131l bakt\u0131\u011f\u0131n ve ne g\u00f6rd\u00fc\u011f\u00fcnd\u00fcr. Bak\u0131\u015f a\u00e7\u0131n seni ya<span class=\"excerpt-hellip\"> [\u2026]<\/span><\/p>\n","protected":false},"featured_media":0,"template":"","meta":{"_monsterinsights_skip_tracking":false,"_monsterinsights_sitenote_active":false,"_monsterinsights_sitenote_note":"","_monsterinsights_sitenote_category":0},"product_brand":[],"product_cat":[12364,12376],"product_tag":[],"class_list":{"0":"post-775101","1":"product","2":"type-product","3":"status-publish","5":"product_cat-genel-konular","6":"product_cat-kisisel-gelisim","7":"pa_cilt-ciltsiz","8":"pa_tur-kitap","9":"pa_yayinevi-dogan-solibri-yayinlari","10":"pa_yazar-asli-karatas","12":"first","13":"instock","14":"sale","15":"shipping-taxable","16":"purchasable","17":"product-type-simple"},"_links":{"self":[{"href":"https:\/\/roveyayinevi.com.tr\/index.php\/wp-json\/wp\/v2\/product\/775101","targetHints":{"allow":["GET"]}}],"collection":[{"href":"https:\/\/roveyayinevi.com.tr\/index.php\/wp-json\/wp\/v2\/product"}],"about":[{"href":"https:\/\/roveyayinevi.com.tr\/index.php\/wp-json\/wp\/v2\/types\/product"}],"wp:attachment":[{"href":"https:\/\/roveyayinevi.com.tr\/index.php\/wp-json\/wp\/v2\/media?parent=775101"}],"wp:term":[{"taxonomy":"product_brand","embeddable":true,"href":"https:\/\/roveyayinevi.com.tr\/index.php\/wp-json\/wp\/v2\/product_brand?post=775101"},{"taxonomy":"product_cat","embeddable":true,"href":"https:\/\/roveyayinevi.com.tr\/index.php\/wp-json\/wp\/v2\/product_cat?post=775101"},{"taxonomy":"product_tag","embeddable":true,"href":"https:\/\/roveyayinevi.com.tr\/index.php\/wp-json\/wp\/v2\/product_tag?post=775101"}],"curies":[{"name":"wp","href":"https:\/\/api.w.org\/{rel}","templated":true}]}}