{"id":775099,"date":"2025-09-09T17:01:56","date_gmt":"2025-09-09T14:01:56","guid":{"rendered":"https:\/\/roveyayinevi.com.tr\/index.php\/urun\/rezonans\/"},"modified":"2026-04-16T03:13:32","modified_gmt":"2026-04-16T00:13:32","slug":"rezonans","status":"publish","type":"product","link":"https:\/\/roveyayinevi.com.tr\/index.php\/urun\/rezonans\/","title":{"rendered":"Rezonans"},"content":{"rendered":"<p>\u201cD\u00fc\u015f\u00fcncelerine dikkat et, kaderin olur. D\u00fcnyay\u0131 sen \u015fekillendiriyorsun.\u201d   Evren bir enerjidir. Evrenin s\u0131rlar\u0131n\u0131 anlamak i\u00e7in Tesla\u2019n\u0131n da dedi\u011fi gibi enerjiyi ve titre\u015fimi d\u00fc\u015f\u00fcnmek gerekir. Dolay\u0131s\u0131yla duygular\u0131m\u0131z, d\u00fc\u015f\u00fcncelerimiz, hissetti\u011fimiz   ya da d\u00fc\u015f\u00fcnd\u00fc\u011f\u00fcm\u00fcz her \u015fey, bir rezonans alan\u0131 olu\u015fturur.   Bir durumla ya da duyguyla rezonans olu\u015fturmu\u015fsak, o ger\u00e7ekli\u011fi ya\u015farken buluruz kendimizi. Birbiriyle rezone olanlar, birbirleriyle etkile\u015fime girerler, yani benzer benzeri \u00e7eker. Titre\u015fimlerimizle uyumlu olan her \u015fey, hayat\u0131m\u0131zda ger\u00e7eklik bulur.   \u201cBug\u00fcn de b\u00f6yle oldu\u201d diyemeyece\u011fimiz kadar k\u0131ymetlidir hayat. \u00c7\u00fcnk\u00fc her an, bir yarat\u0131m enerjisini beslemektedir. \u0130yi veya k\u00f6t\u00fc&#8230; \u0130nsan hangi rezonansla anbean neyi besleyip b\u00fcy\u00fctt\u00fc\u011f\u00fcn\u00fcn fark\u0131nda olmal\u0131d\u0131r.   Kader, elbette cesareti sever, \u00e7\u00fcnk\u00fc ancak cesur olanlar imk\u00e2ns\u0131z\u0131n m\u00fcmk\u00fcn olabilece\u011fini yayarlar evrene. Rezonans kanunuyla olmazlar\u0131 oldurabilme becerisine sahip insano\u011flunun s\u0131\u011f sularda ac\u0131 i\u00e7inde k\u0131vranmas\u0131, sonsuz yeteneklerine kar\u015f\u0131 yapabilece\u011fi en b\u00fcy\u00fck haks\u0131zl\u0131k. D\u00fcnyay\u0131 kurtarabilme potansiyeline sahipken g\u00fcn\u00fc kurtarmay\u0131 zaferden saymaya son vermenin zaman\u0131 geldi. Rezonans kanununu hat\u0131rlay\u0131n, hemen \u015fimdi kullanmaya ba\u015flay\u0131n. <\/p>\n","protected":false},"excerpt":{"rendered":"<p>\u201cD\u00fc\u015f\u00fcncelerine dikkat et, kaderin olur. D\u00fcnyay\u0131 sen \u015fekillendiriyorsun.\u201d Evren bir enerjidir. Evrenin s\u0131rlar\u0131n\u0131 anlamak i\u00e7in Tesla\u2019n\u0131n da dedi\u011fi gibi enerjiyi ve titre\u015fimi d\u00fc\u015f\u00fcnmek gerekir. Dolay\u0131s\u0131yla duygular\u0131m\u0131z,<span class=\"excerpt-hellip\"> [\u2026]<\/span><\/p>\n","protected":false},"featured_media":0,"template":"","meta":{"_monsterinsights_skip_tracking":false,"_monsterinsights_sitenote_active":false,"_monsterinsights_sitenote_note":"","_monsterinsights_sitenote_category":0},"product_brand":[],"product_cat":[12364,12376],"product_tag":[],"class_list":{"0":"post-775099","1":"product","2":"type-product","3":"status-publish","5":"product_cat-genel-konular","6":"product_cat-kisisel-gelisim","7":"pa_cilt-ciltsiz","8":"pa_tur-kitap","9":"pa_yayinevi-destek-yayinlari","10":"pa_yazar-binnur-duman","12":"first","13":"instock","14":"sale","15":"shipping-taxable","16":"purchasable","17":"product-type-simple"},"_links":{"self":[{"href":"https:\/\/roveyayinevi.com.tr\/index.php\/wp-json\/wp\/v2\/product\/775099","targetHints":{"allow":["GET"]}}],"collection":[{"href":"https:\/\/roveyayinevi.com.tr\/index.php\/wp-json\/wp\/v2\/product"}],"about":[{"href":"https:\/\/roveyayinevi.com.tr\/index.php\/wp-json\/wp\/v2\/types\/product"}],"wp:attachment":[{"href":"https:\/\/roveyayinevi.com.tr\/index.php\/wp-json\/wp\/v2\/media?parent=775099"}],"wp:term":[{"taxonomy":"product_brand","embeddable":true,"href":"https:\/\/roveyayinevi.com.tr\/index.php\/wp-json\/wp\/v2\/product_brand?post=775099"},{"taxonomy":"product_cat","embeddable":true,"href":"https:\/\/roveyayinevi.com.tr\/index.php\/wp-json\/wp\/v2\/product_cat?post=775099"},{"taxonomy":"product_tag","embeddable":true,"href":"https:\/\/roveyayinevi.com.tr\/index.php\/wp-json\/wp\/v2\/product_tag?post=775099"}],"curies":[{"name":"wp","href":"https:\/\/api.w.org\/{rel}","templated":true}]}}