{"id":775097,"date":"2025-09-09T17:01:01","date_gmt":"2025-09-09T14:01:01","guid":{"rendered":"https:\/\/roveyayinevi.com.tr\/index.php\/urun\/101-igrenc-gercek-1-kitap\/"},"modified":"2026-04-16T03:13:29","modified_gmt":"2026-04-16T00:13:29","slug":"101-igrenc-gercek-1-kitap","status":"publish","type":"product","link":"https:\/\/roveyayinevi.com.tr\/index.php\/urun\/101-igrenc-gercek-1-kitap\/","title":{"rendered":"101 \u0130\u011fren\u00e7 Ger\u00e7ek 1. Kitap"},"content":{"rendered":"<p>Bu kitap harika \u015fekilde i\u011fren\u00e7! Her g\u00fcn bir fincan s\u00fcm\u00fck yuttu\u011funu, kulak kirinin \u00e7atlam\u0131\u015f dudaklara \u00e7ok iyi geldi\u011fini, penguenlerin yiyecekleri yavrular\u0131n\u0131n a\u011fz\u0131na kustu\u011funu, Kore\u2019de canl\u0131 ahtapot par\u00e7alar\u0131n\u0131 yerken vantuzlar\u0131n\u0131n a\u011fz\u0131na yap\u0131\u015ft\u0131\u011f\u0131n\u0131 biliyor musun? \u0130\u015fte 101 \u0130\u011fren\u00e7 Ger\u00e7ek 1. Kitap, 4 ba\u015fl\u0131k alt\u0131nda bunlar gibi tam 40 i\u011fren\u00e7 ama ger\u00e7ek bilgiyi i\u00e7eriyor. Okurken y\u00fcz\u00fcn biraz buru\u015fabilir ama kesinlikle \u00e7ok farkl\u0131 bilgiler \u00f6\u011frenece\u011fine emin olabilirsin. 3 kitaptan olu\u015fan 101 \u0130\u011fren\u00e7 Ger\u00e7ek, Bel\u00e7ikal\u0131 yazar Mathilda Masters taraf\u0131ndan yaz\u0131ld\u0131 ve Madeleine van der Raad taraf\u0131ndan resimlendi. \u00c7evirisi Ela Serdaro\u011flu taraf\u0131ndan Felemenk\u00e7e asl\u0131ndan yap\u0131lan kitab\u0131n edit\u00f6rl\u00fc\u011f\u00fcn\u00fc Semra G\u00fcltekin \u00fcstlendi. <\/p>\n","protected":false},"excerpt":{"rendered":"<p>Bu kitap harika \u015fekilde i\u011fren\u00e7! Her g\u00fcn bir fincan s\u00fcm\u00fck yuttu\u011funu, kulak kirinin \u00e7atlam\u0131\u015f dudaklara \u00e7ok iyi geldi\u011fini, penguenlerin yiyecekleri yavrular\u0131n\u0131n a\u011fz\u0131na kustu\u011funu, Kore\u2019de canl\u0131 ahtapot<span class=\"excerpt-hellip\"> [\u2026]<\/span><\/p>\n","protected":false},"featured_media":0,"template":"","meta":{"_monsterinsights_skip_tracking":false,"_monsterinsights_sitenote_active":false,"_monsterinsights_sitenote_note":"","_monsterinsights_sitenote_category":0},"product_brand":[],"product_cat":[13005,13006],"product_tag":[],"class_list":{"0":"post-775097","1":"product","2":"type-product","3":"status-publish","5":"product_cat-bilim-muhendislik","6":"product_cat-populer-bilim","7":"pa_cilt-ciltsiz","8":"pa_tur-kitap","9":"pa_yayinevi-potikare-yayincilik","10":"pa_yazar-mathilda-masters","12":"first","13":"instock","14":"sale","15":"shipping-taxable","16":"purchasable","17":"product-type-simple"},"_links":{"self":[{"href":"https:\/\/roveyayinevi.com.tr\/index.php\/wp-json\/wp\/v2\/product\/775097","targetHints":{"allow":["GET"]}}],"collection":[{"href":"https:\/\/roveyayinevi.com.tr\/index.php\/wp-json\/wp\/v2\/product"}],"about":[{"href":"https:\/\/roveyayinevi.com.tr\/index.php\/wp-json\/wp\/v2\/types\/product"}],"wp:attachment":[{"href":"https:\/\/roveyayinevi.com.tr\/index.php\/wp-json\/wp\/v2\/media?parent=775097"}],"wp:term":[{"taxonomy":"product_brand","embeddable":true,"href":"https:\/\/roveyayinevi.com.tr\/index.php\/wp-json\/wp\/v2\/product_brand?post=775097"},{"taxonomy":"product_cat","embeddable":true,"href":"https:\/\/roveyayinevi.com.tr\/index.php\/wp-json\/wp\/v2\/product_cat?post=775097"},{"taxonomy":"product_tag","embeddable":true,"href":"https:\/\/roveyayinevi.com.tr\/index.php\/wp-json\/wp\/v2\/product_tag?post=775097"}],"curies":[{"name":"wp","href":"https:\/\/api.w.org\/{rel}","templated":true}]}}