{"id":775093,"date":"2025-09-09T16:58:09","date_gmt":"2025-09-09T13:58:09","guid":{"rendered":"https:\/\/roveyayinevi.com.tr\/index.php\/urun\/aydinlanma-ruyasi-modern-felsefenin-yukselisi\/"},"modified":"2026-04-16T03:13:05","modified_gmt":"2026-04-16T00:13:05","slug":"aydinlanma-ruyasi-modern-felsefenin-yukselisi","status":"publish","type":"product","link":"https:\/\/roveyayinevi.com.tr\/index.php\/urun\/aydinlanma-ruyasi-modern-felsefenin-yukselisi\/","title":{"rendered":"Ayd\u0131nlanma R\u00fcyas\u0131: Modern Felsefenin Y\u00fckseli\u015fi"},"content":{"rendered":"<p>Britanyal\u0131 fikir tarih\u00e7isi Anthony Gottlieb, yay\u0131nland\u0131\u011f\u0131nda b\u00fcy\u00fck ilgi g\u00f6ren bu kitapta, Bat\u0131 d\u00fc\u015f\u00fcncesinin R\u00f6nesanstan sonraki ikinci b\u00fcy\u00fck entelekt\u00fcel patlamas\u0131 olan Ayd\u0131nlanma \u00c7a\u011f\u0131n\u0131 ele al\u0131yor. Ayd\u0131nlanma R\u00fcyas\u0131, Galileocu bilimsel devrimin ve kanl\u0131 din sava\u015flar\u0131n\u0131n ard\u0131ndan Descartes, Hobbes, Spinoza, Locke ve Leibniz\u2019in felsefi sorgulamalar\u0131yla temelleri at\u0131lan Ayd\u0131nlanman\u0131n, sonraki y\u00fczy\u0131lda Hume, Voltaire ve Rousseau gibi filozoflar\u0131n tart\u0131\u015fmalar\u0131yla Avrupa\u2019n\u0131n k\u00fclt\u00fcrel co\u011frafyas\u0131nda nas\u0131l b\u00fcy\u00fck bir zihin devrimine yol a\u00e7t\u0131\u011f\u0131n\u0131 inceliyor. Otuz Y\u0131l Sava\u015flar\u0131ndan Frans\u0131z Devrimine uzanan s\u00fcre\u00e7te yakla\u015f\u0131k y\u00fcz elli y\u0131ll\u0131k bir d\u00f6neme tekab\u00fcl eden canl\u0131 tart\u0131\u015fma ortam\u0131n\u0131 ayr\u0131nt\u0131lar\u0131yla ele alan Ayd\u0131nlanma R\u00fcyas\u0131: Modern Felsefenin Y\u00fckseli\u015fi, Ayd\u0131nlanmac\u0131lar\u0131n dinsel d\u00fc\u015f\u00fcnceden sek\u00fcler d\u00fc\u015f\u00fcnceye, ahl\u00e2k felsefesinden toplumsal d\u00fczen aray\u0131\u015flar\u0131na y\u00f6neli\u015fini takip etmek ad\u0131na \u00f6nemli bir ba\u015fvuru kayna\u011f\u0131.<\/p>\n","protected":false},"excerpt":{"rendered":"<p>Britanyal\u0131 fikir tarih\u00e7isi Anthony Gottlieb, yay\u0131nland\u0131\u011f\u0131nda b\u00fcy\u00fck ilgi g\u00f6ren bu kitapta, Bat\u0131 d\u00fc\u015f\u00fcncesinin R\u00f6nesanstan sonraki ikinci b\u00fcy\u00fck entelekt\u00fcel patlamas\u0131 olan Ayd\u0131nlanma \u00c7a\u011f\u0131n\u0131 ele al\u0131yor. Ayd\u0131nlanma R\u00fcyas\u0131,<span class=\"excerpt-hellip\"> [\u2026]<\/span><\/p>\n","protected":false},"featured_media":0,"template":"","meta":{"_monsterinsights_skip_tracking":false,"_monsterinsights_sitenote_active":false,"_monsterinsights_sitenote_note":"","_monsterinsights_sitenote_category":0},"product_brand":[],"product_cat":[12389,12388],"product_tag":[],"class_list":{"0":"post-775093","1":"product","2":"type-product","3":"status-publish","5":"product_cat-diger-felsefe","6":"product_cat-felsefe","7":"pa_cilt-ciltsiz","8":"pa_tur-kitap","9":"pa_yayinevi-vakifbank-kultur-yayinlari","10":"pa_yazar-anthony-gottlieb","12":"first","13":"instock","14":"sale","15":"shipping-taxable","16":"purchasable","17":"product-type-simple"},"_links":{"self":[{"href":"https:\/\/roveyayinevi.com.tr\/index.php\/wp-json\/wp\/v2\/product\/775093","targetHints":{"allow":["GET"]}}],"collection":[{"href":"https:\/\/roveyayinevi.com.tr\/index.php\/wp-json\/wp\/v2\/product"}],"about":[{"href":"https:\/\/roveyayinevi.com.tr\/index.php\/wp-json\/wp\/v2\/types\/product"}],"wp:attachment":[{"href":"https:\/\/roveyayinevi.com.tr\/index.php\/wp-json\/wp\/v2\/media?parent=775093"}],"wp:term":[{"taxonomy":"product_brand","embeddable":true,"href":"https:\/\/roveyayinevi.com.tr\/index.php\/wp-json\/wp\/v2\/product_brand?post=775093"},{"taxonomy":"product_cat","embeddable":true,"href":"https:\/\/roveyayinevi.com.tr\/index.php\/wp-json\/wp\/v2\/product_cat?post=775093"},{"taxonomy":"product_tag","embeddable":true,"href":"https:\/\/roveyayinevi.com.tr\/index.php\/wp-json\/wp\/v2\/product_tag?post=775093"}],"curies":[{"name":"wp","href":"https:\/\/api.w.org\/{rel}","templated":true}]}}