{"id":775092,"date":"2025-09-09T16:57:41","date_gmt":"2025-09-09T13:57:41","guid":{"rendered":"https:\/\/roveyayinevi.com.tr\/index.php\/urun\/gunesle-dogan-gunlere-merhaba\/"},"modified":"2026-04-16T03:13:03","modified_gmt":"2026-04-16T00:13:03","slug":"gunesle-dogan-gunlere-merhaba","status":"publish","type":"product","link":"https:\/\/roveyayinevi.com.tr\/index.php\/urun\/gunesle-dogan-gunlere-merhaba\/","title":{"rendered":"G\u00fcne\u015fle Do\u011fan G\u00fcnlere Merhaba"},"content":{"rendered":"<p>ADIM\u2019IN ANLAMI ADALET OLUNCA \u015eiirlerim \u00f6ze akan nehir misali \u0130\u00e7sel yolculu\u011fumla konum Hak Yolum Hak\u2019a do\u011fru olunca G\u00fcnl\u00fck merhabala\u015ft\u0131\u011f\u0131m g\u00fcne\u015fim \u0130nsan a\u015fk\u0131 karde\u015flik bilincimle \u015f\u00fckretti\u011fim hayat\u0131m gibi her g\u00fcn daha g\u00fc\u00e7l\u00fc do\u011fdu. \u0130nsaf K\u0131l\u0131\u00e7 <\/p>\n","protected":false},"excerpt":{"rendered":"<p>ADIM\u2019IN ANLAMI ADALET OLUNCA \u015eiirlerim \u00f6ze akan nehir misali \u0130\u00e7sel yolculu\u011fumla konum Hak Yolum Hak\u2019a do\u011fru olunca G\u00fcnl\u00fck merhabala\u015ft\u0131\u011f\u0131m g\u00fcne\u015fim \u0130nsan a\u015fk\u0131 karde\u015flik bilincimle \u015f\u00fckretti\u011fim hayat\u0131m<span class=\"excerpt-hellip\"> [\u2026]<\/span><\/p>\n","protected":false},"featured_media":0,"template":"","meta":{"_monsterinsights_skip_tracking":false,"_monsterinsights_sitenote_active":false,"_monsterinsights_sitenote_note":"","_monsterinsights_sitenote_category":0},"product_brand":[],"product_cat":[12291,12509],"product_tag":[],"class_list":{"0":"post-775092","1":"product","2":"type-product","3":"status-publish","5":"product_cat-edebiyat","6":"product_cat-siir","7":"pa_cilt-ciltsiz","8":"pa_tur-kitap","9":"pa_yayinevi-zet-yayinlari","10":"pa_yazar-insaf-kilic","12":"first","13":"instock","14":"sale","15":"shipping-taxable","16":"purchasable","17":"product-type-simple"},"_links":{"self":[{"href":"https:\/\/roveyayinevi.com.tr\/index.php\/wp-json\/wp\/v2\/product\/775092","targetHints":{"allow":["GET"]}}],"collection":[{"href":"https:\/\/roveyayinevi.com.tr\/index.php\/wp-json\/wp\/v2\/product"}],"about":[{"href":"https:\/\/roveyayinevi.com.tr\/index.php\/wp-json\/wp\/v2\/types\/product"}],"wp:attachment":[{"href":"https:\/\/roveyayinevi.com.tr\/index.php\/wp-json\/wp\/v2\/media?parent=775092"}],"wp:term":[{"taxonomy":"product_brand","embeddable":true,"href":"https:\/\/roveyayinevi.com.tr\/index.php\/wp-json\/wp\/v2\/product_brand?post=775092"},{"taxonomy":"product_cat","embeddable":true,"href":"https:\/\/roveyayinevi.com.tr\/index.php\/wp-json\/wp\/v2\/product_cat?post=775092"},{"taxonomy":"product_tag","embeddable":true,"href":"https:\/\/roveyayinevi.com.tr\/index.php\/wp-json\/wp\/v2\/product_tag?post=775092"}],"curies":[{"name":"wp","href":"https:\/\/api.w.org\/{rel}","templated":true}]}}