{"id":775091,"date":"2025-09-09T16:57:24","date_gmt":"2025-09-09T13:57:24","guid":{"rendered":"https:\/\/roveyayinevi.com.tr\/index.php\/urun\/insan-vucudunun-harikalari\/"},"modified":"2026-04-16T03:13:02","modified_gmt":"2026-04-16T00:13:02","slug":"insan-vucudunun-harikalari","status":"publish","type":"product","link":"https:\/\/roveyayinevi.com.tr\/index.php\/urun\/insan-vucudunun-harikalari\/","title":{"rendered":"\u0130nsan V\u00fccudunun Harikalari"},"content":{"rendered":"<p>\u0130nsan v\u00fccudu ola\u011fan\u00fcst\u00fcd\u00fcr! Bu kitab\u0131 okuyunca v\u00fccudunu, organlar\u0131n\u0131 ve b\u00fct\u00fcn bunlar\u0131n nas\u0131l \u00e7al\u0131\u015ft\u0131\u011f\u0131n\u0131 \u00f6\u011freneceksin. Kemiklerin neden bu kadar sert? Neden \u00f6ks\u00fcr\u00fcr\u00fcz veya hap\u015f\u0131r\u0131r\u0131z? V\u00fccudundaki en b\u00fcy\u00fck organ\u0131n deri oldu\u011funu biliyor muydun? B\u00fct\u00fcn bu sorular\u0131n ve daha fazlas\u0131n\u0131n cevab\u0131n\u0131 bu kitapta bulacak ve her sayfadaki rengarenk resimlere bay\u0131lacaks\u0131n. Bu f\u0131rsat\u0131 sak\u0131n ka\u00e7\u0131rma.<\/p>\n","protected":false},"excerpt":{"rendered":"<p>\u0130nsan v\u00fccudu ola\u011fan\u00fcst\u00fcd\u00fcr! Bu kitab\u0131 okuyunca v\u00fccudunu, organlar\u0131n\u0131 ve b\u00fct\u00fcn bunlar\u0131n nas\u0131l \u00e7al\u0131\u015ft\u0131\u011f\u0131n\u0131 \u00f6\u011freneceksin. Kemiklerin neden bu kadar sert? Neden \u00f6ks\u00fcr\u00fcr\u00fcz veya hap\u015f\u0131r\u0131r\u0131z? V\u00fccudundaki en b\u00fcy\u00fck<span class=\"excerpt-hellip\"> [\u2026]<\/span><\/p>\n","protected":false},"featured_media":0,"template":"","meta":{"_monsterinsights_skip_tracking":false,"_monsterinsights_sitenote_active":false,"_monsterinsights_sitenote_note":"","_monsterinsights_sitenote_category":0},"product_brand":[],"product_cat":[13829,12274],"product_tag":[],"class_list":{"0":"post-775091","1":"product","2":"type-product","3":"status-publish","5":"product_cat-bilimsel-kitaplar","6":"product_cat-cocuk-ve-genclik-kitaplari","7":"pa_cilt-ciltsiz","8":"pa_tur-kitap","9":"pa_yayinevi-teleskop-populer-bilim","10":"pa_yazar-alejandro-algarra","12":"first","13":"instock","14":"sale","15":"shipping-taxable","16":"purchasable","17":"product-type-simple"},"_links":{"self":[{"href":"https:\/\/roveyayinevi.com.tr\/index.php\/wp-json\/wp\/v2\/product\/775091","targetHints":{"allow":["GET"]}}],"collection":[{"href":"https:\/\/roveyayinevi.com.tr\/index.php\/wp-json\/wp\/v2\/product"}],"about":[{"href":"https:\/\/roveyayinevi.com.tr\/index.php\/wp-json\/wp\/v2\/types\/product"}],"wp:attachment":[{"href":"https:\/\/roveyayinevi.com.tr\/index.php\/wp-json\/wp\/v2\/media?parent=775091"}],"wp:term":[{"taxonomy":"product_brand","embeddable":true,"href":"https:\/\/roveyayinevi.com.tr\/index.php\/wp-json\/wp\/v2\/product_brand?post=775091"},{"taxonomy":"product_cat","embeddable":true,"href":"https:\/\/roveyayinevi.com.tr\/index.php\/wp-json\/wp\/v2\/product_cat?post=775091"},{"taxonomy":"product_tag","embeddable":true,"href":"https:\/\/roveyayinevi.com.tr\/index.php\/wp-json\/wp\/v2\/product_tag?post=775091"}],"curies":[{"name":"wp","href":"https:\/\/api.w.org\/{rel}","templated":true}]}}