{"id":775090,"date":"2025-09-09T16:54:20","date_gmt":"2025-09-09T13:54:20","guid":{"rendered":"https:\/\/roveyayinevi.com.tr\/index.php\/urun\/seninle-ictigim-sigara-1\/"},"modified":"2026-04-16T03:12:38","modified_gmt":"2026-04-16T00:12:38","slug":"seninle-ictigim-sigara-1","status":"publish","type":"product","link":"https:\/\/roveyayinevi.com.tr\/index.php\/urun\/seninle-ictigim-sigara-1\/","title":{"rendered":"Seninle \u0130\u00e7ti\u011fim Sigara 1"},"content":{"rendered":"<p>Her gu\u0308n \u015firketinde ter d\u00f6ken, yorgun ve ya\u015fl\u0131 bir adam olan Sasaki\u2019nin kafas\u0131n\u0131 da\u011f\u0131tmak i\u00e7in tek yolu, sigara ve du\u0308zenli gitti\u011fi marketteki kasiyer Yamada-San\u2019\u0131n gu\u0308lu\u0308msemesidir.   Bir gece i\u015ften sonra yine kafas\u0131n\u0131 da\u011f\u0131tmak i\u00e7in markete giden Sasaki, bu kez Yamada-San\u2019\u0131n orada olmad\u0131\u011f\u0131n\u0131 fark eder. Sigara i\u00e7mek i\u00e7in uygun bir yer de yoktur. Al\u0131\u015f\u0131lm\u0131\u015f\u0131n d\u0131\u015f\u0131nda k\u0131yafetleriyle Tayama isimli bir kad\u0131n \u201cBurada i\u00e7ebilirsin\u201d diye seslenir. <\/p>\n","protected":false},"excerpt":{"rendered":"<p>Her gu\u0308n \u015firketinde ter d\u00f6ken, yorgun ve ya\u015fl\u0131 bir adam olan Sasaki\u2019nin kafas\u0131n\u0131 da\u011f\u0131tmak i\u00e7in tek yolu, sigara ve du\u0308zenli gitti\u011fi marketteki kasiyer Yamada-San\u2019\u0131n gu\u0308lu\u0308msemesidir. Bir<span class=\"excerpt-hellip\"> [\u2026]<\/span><\/p>\n","protected":false},"featured_media":0,"template":"","meta":{"_monsterinsights_skip_tracking":false,"_monsterinsights_sitenote_active":false,"_monsterinsights_sitenote_note":"","_monsterinsights_sitenote_category":0},"product_brand":[],"product_cat":[12416,12291],"product_tag":[],"class_list":{"0":"post-775090","1":"product","2":"type-product","3":"status-publish","5":"product_cat-cizgi-roman","6":"product_cat-edebiyat","7":"pa_cilt-ciltsiz","8":"pa_tur-kitap","9":"pa_yayinevi-athica-yayinlari","10":"pa_yazar-jinushi","12":"first","13":"instock","14":"sale","15":"shipping-taxable","16":"purchasable","17":"product-type-simple"},"_links":{"self":[{"href":"https:\/\/roveyayinevi.com.tr\/index.php\/wp-json\/wp\/v2\/product\/775090","targetHints":{"allow":["GET"]}}],"collection":[{"href":"https:\/\/roveyayinevi.com.tr\/index.php\/wp-json\/wp\/v2\/product"}],"about":[{"href":"https:\/\/roveyayinevi.com.tr\/index.php\/wp-json\/wp\/v2\/types\/product"}],"wp:attachment":[{"href":"https:\/\/roveyayinevi.com.tr\/index.php\/wp-json\/wp\/v2\/media?parent=775090"}],"wp:term":[{"taxonomy":"product_brand","embeddable":true,"href":"https:\/\/roveyayinevi.com.tr\/index.php\/wp-json\/wp\/v2\/product_brand?post=775090"},{"taxonomy":"product_cat","embeddable":true,"href":"https:\/\/roveyayinevi.com.tr\/index.php\/wp-json\/wp\/v2\/product_cat?post=775090"},{"taxonomy":"product_tag","embeddable":true,"href":"https:\/\/roveyayinevi.com.tr\/index.php\/wp-json\/wp\/v2\/product_tag?post=775090"}],"curies":[{"name":"wp","href":"https:\/\/api.w.org\/{rel}","templated":true}]}}