{"id":775088,"date":"2025-09-09T16:54:12","date_gmt":"2025-09-09T13:54:12","guid":{"rendered":"https:\/\/roveyayinevi.com.tr\/index.php\/urun\/tutundugumuz-gercekler-ciltli\/"},"modified":"2026-04-16T03:12:38","modified_gmt":"2026-04-16T00:12:38","slug":"tutundugumuz-gercekler-ciltli","status":"publish","type":"product","link":"https:\/\/roveyayinevi.com.tr\/index.php\/urun\/tutundugumuz-gercekler-ciltli\/","title":{"rendered":"Tutundu\u011fumuz Gerc\u0327ekler (Ciltli)"},"content":{"rendered":"<p>Demokrasimiz, hayat\u0131m\u0131zda g\u00f6rd\u00fc\u011f\u00fcm\u00fcz hi\u00e7bir \u015feye benzemeyen bir sald\u0131r\u0131 ile kar\u015f\u0131 kar\u015f\u0131ya kalsa bile, sistemimizin, \u00fclkesini \u00f6nemseyen insanlar aya\u011fa kalk\u0131p meydan okudu\u011fu zaman \u00e7al\u0131\u015ft\u0131\u011f\u0131n\u0131 hat\u0131rlamal\u0131y\u0131z. \u00c7\u00f6z\u00fcm\u00fcn bir par\u00e7as\u0131 olmak, \u00fclkenin ruhu i\u00e7in sava\u015fta co\u015fkulu bir sava\u015f\u00e7\u0131 olmak, benim kendime kar\u015f\u0131 g\u00fcnl\u00fck meydan okumam. Size meydan okuyu\u015fum ise, bu gayrete e\u015flik etmeniz i\u00e7in. Kollar\u0131m\u0131z\u0131 s\u0131vama zaman\u0131 geldi\u011finde, ellerimizi kald\u0131r\u0131p teslim olmayal\u0131m.\u00c7\u00fcnk\u00fc bundan y\u0131llar sonra, bu an ge\u00e7mi\u015f olacak. \u00c7ocuklar\u0131m\u0131z ve torunlar\u0131m\u0131z bize tehlike bu kadar b\u00fcy\u00fckken nerede oldu\u011fumuzu soracaklar. Bize nas\u0131l bir \u015fey oldu\u011funu soracaklar. Onlara sadece ne hissetti\u011fimizi s\u00f6ylememizi istemiyorum. Onlara ne yapt\u0131\u011f\u0131m\u0131z\u0131 s\u00f6ylememizi istiyorum.Kamala Harris, Tutundu\u011fumuz Ger\u00e7ekler\u2019de, birlikte kar\u015f\u0131la\u015f\u0131lan b\u00fcy\u00fck zorluklar\u0131 da hesaba kat\u0131p kendi kariyeriyle birlikte, ona en \u00e7ok ilham veren ki\u015filerin bilgeliklerinden, sezgilerinden ve \u00e7al\u0131\u015fmalar\u0131ndan elde ettikleri deneyimlerinden de yararlanarak m\u00fccadele ederken, problem \u00e7\u00f6z\u00fcm\u00fc, kriz y\u00f6netimi ve zorlu zamanlarda liderlik etme konusunda ustal\u0131k dersi veriyor. Kamala Harris\u2019in, kendi ya\u015fam d\u00f6ng\u00fcs\u00fcnden ve g\u00fcn\u00fcm\u00fczden verdi\u011fi \u00f6nemli \u00f6rneklerde de g\u00f6r\u00fclece\u011fi gibi,  ortak m\u00fccadele, ortak ama\u00e7 ve ortak de\u011ferler \u00fcst\u00fcne g\u00f6r\u00fc\u015flerini bu kitapta izliyoruz. Kitap, \u00fclkenin ger\u00e7eklerine ve \u00f6zellikle \u00fclkedeki bir avu\u00e7 insan\u0131n, as\u0131l kalabal\u0131k kitleleri sahip olduklar\u0131ndan daha az ortak y\u00f6nleri oldu\u011funa ikna etmek i\u00e7in ne kadar s\u0131k\u0131 \u00e7al\u0131\u015ft\u0131\u011f\u0131na dair zengin bir i\u00e7eri\u011fe sahip. Onlar\u0131 g\u00f6rmezden gelerek ortak ger\u00e7eklerimizden yararlanmaya devam etme gayretini g\u00f6stermek ise bize d\u00fc\u015f\u00fcyor. Bunu yapabildi\u011fimizde, ortak \u00e7abam\u0131z bizi ve b\u00fcy\u00fck ulusu \u015fimdi ve gelecek zamanlarda ayakta tutmaya devam edecektir.KAMALA D. HARRIS Amerika Birle\u015fik Devletleri\u2019nin se\u00e7ilmi\u015f ba\u015fkan yard\u0131mc\u0131s\u0131d\u0131r. Kariyerine Alameda \u0130l\u00e7e B\u00f6lge Savc\u0131l\u0131\u011f\u0131nda ba\u015flad\u0131, ard\u0131ndan San Francisco b\u00f6lge savc\u0131s\u0131 se\u00e7ildi. Kaliforniya\u2019n\u0131n ba\u015fsavc\u0131s\u0131 olarak Harris, ulus\u00f6tesi \u00e7eteleri, b\u00fcy\u00fck bankalar\u0131, b\u00fcy\u00fck petrol \u015firketlerini ve ticari \u00fcniversiteleri yarg\u0131lad\u0131, Ekonomik Bak\u0131m Yasas\u0131na y\u00f6nelik sald\u0131r\u0131lara kar\u015f\u0131 sava\u015ft\u0131. Ayr\u0131ca, ilkokulda devams\u0131zl\u0131\u011f\u0131 azaltmak i\u00e7in m\u00fccadele etti, ceza hukuku sistemindeki \u0131rksal e\u015fitsizlikleri ortaya \u00e7\u0131karmak i\u00e7in \u00fclkenin ilk a\u00e7\u0131k veri inisiyatifine \u00f6nc\u00fcl\u00fck etti ve polis memurlar\u0131 i\u00e7in \u00f6rt\u00fck \u00f6nyarg\u0131 e\u011fitimi uygulad\u0131. \u015eimdiye kadar ABD Senatosuna se\u00e7ilen ikinci Siyah kad\u0131n ve ilk Siyah \/ Hint-Amerikan ba\u015fkan yard\u0131mc\u0131s\u0131 olan Harris, ceza hukuku sisteminde reform yapmak, asgari \u00fccreti y\u00fckseltmek, Amerikal\u0131lar\u0131n \u00e7o\u011funlu\u011funa y\u00fcksek\u00f6\u011frenimi har\u00e7s\u0131z hale getirmek ve m\u00fcltecilerle g\u00f6\u00e7menlerin yasal haklar\u0131n\u0131 korumak i\u00e7in \u00e7al\u0131\u015f\u0131yor.Amerika\u2019n\u0131n en ilham verici siyasi liderlerinden biri olan Kamala Harris, toplumlar\u0131 birle\u015ftiren temel ger\u00e7ekleri ve bu ger\u00e7eklere g\u00f6re nas\u0131l davran\u0131lmas\u0131 gerekti\u011fini, kendi hayat\u0131ndan yola \u00e7\u0131karak olu\u015fturdu\u011fu uzun m\u00fccadeleyi bu kitapla okurlara aktar\u0131yor.Ba\u015fkan Yard\u0131mc\u0131s\u0131 Kamala Harris\u2019in ger\u00e7ekleri konu\u015fma konusundaki kararl\u0131l\u0131\u011f\u0131, yeti\u015ftirilme tarz\u0131yla \u015fekillendi. G\u00f6\u00e7men ebeveynlerin k\u0131z\u0131 olarak, Kaliforniya, Oakland\u2019da, sosyal adaleti derinden \u00f6nemseyen bir toplumda b\u00fcy\u00fcd\u00fc; Jamaikal\u0131 sayg\u0131n bir ekonomist olan babas\u0131 ve Hindistan\u2019da hayranl\u0131k uyand\u0131ran bir kanser ara\u015ft\u0131rmac\u0131s\u0131 olan annesi, Berkeley\u2019de y\u00fcksek lisans \u00f6\u011frencisiyken sivil haklar hareketi eylemlerinde tan\u0131\u015ft\u0131lar. B\u00fcy\u00fcrken, Harris adalete olan tutkusunu hi\u00e7bir zaman saklamad\u0131 ve hukuk fak\u00fcltesini bitirerek b\u00f6lge savc\u0131 yard\u0131mc\u0131s\u0131 oldu\u011funda, kendini h\u0131zla Amerikan kolluk kuvvetlerinin en yenilik\u00e7i temsilcilerinden biri olarak buldu. K\u0131sa s\u00fcre sonra, San Francisco b\u00f6lge savc\u0131l\u0131\u011f\u0131na y\u00fckseldi, ard\u0131ndan Kaliforniya eyaletinin ba\u015fkanun uygulay\u0131c\u0131s\u0131 oldu. Orta s\u0131n\u0131f\u0131n en b\u00fcy\u00fck destek\u00e7ilerinden biri olarak tan\u0131nan ve sessizlerin sesini duyurmaya \u00e7al\u0131\u015fan Harris, haciz krizi s\u0131ras\u0131nda b\u00fcy\u00fck bankalarla sava\u015ft\u0131 ve Kaliforniya\u2019n\u0131n \u00e7al\u0131\u015fan aileleri i\u00e7in tarihi bir uzla\u015fma elde etti. Kaliforniya\u2019n\u0131n en \u00e7etrefilli sorunlar\u0131n\u0131n \u00e7o- \u011funa b\u00fct\u00fcnc\u00fcl, veriye dayal\u0131 bir yakla\u015f\u0131m uygulad\u0131 ve bir dizi yanl\u0131\u015f tercih sundu\u011fu i\u00e7in \u201csu\u00e7a kar\u015f\u0131 sert&#8221; retori\u011finden her zaman ka\u00e7\u0131nd\u0131. Su\u00e7 konusundaki mantras\u0131 ne &#8220;sert&#8221; ne de &#8220;yumu\u015fak&#8221; ama ak\u0131ll\u0131 oldu. Ak\u0131ll\u0131 olmak, bir toplum olarak bizi daha iyi hale getirebilecek ger\u00e7ekleri \u00f6\u011frenmek ve bu ger\u00e7ekleri t\u00fcm g\u00fcc\u00fcm\u00fczle desteklemek demektir. Bu, Harris&#8217;i, Kaliforniya ba\u015fsavc\u0131s\u0131 olarak, bir ABD senat\u00f6r\u00fc olarak ve \u015fimdi ba\u015fkan yard\u0131mc\u0131s\u0131 olarak, sa\u011fl\u0131k hizmetleri ve yeni ekonomiden g\u00f6\u00e7menli\u011fe, ulusal g\u00fcvenlikten, opioid krizi ve h\u0131zla artan e\u015fitsizli\u011fe uzanan bir dizi karma\u015f\u0131k meseleyle u\u011fra\u015f\u0131rken, d\u00f6n\u00fc\u015f\u00fcmsel bir kariyere y\u00f6nlendiren ba\u015f unsur oldu.<\/p>\n","protected":false},"excerpt":{"rendered":"<p>Demokrasimiz, hayat\u0131m\u0131zda g\u00f6rd\u00fc\u011f\u00fcm\u00fcz hi\u00e7bir \u015feye benzemeyen bir sald\u0131r\u0131 ile kar\u015f\u0131 kar\u015f\u0131ya kalsa bile, sistemimizin, \u00fclkesini \u00f6nemseyen insanlar aya\u011fa kalk\u0131p meydan okudu\u011fu zaman \u00e7al\u0131\u015ft\u0131\u011f\u0131n\u0131 hat\u0131rlamal\u0131y\u0131z. \u00c7\u00f6z\u00fcm\u00fcn bir<span class=\"excerpt-hellip\"> [\u2026]<\/span><\/p>\n","protected":false},"featured_media":0,"template":"","meta":{"_monsterinsights_skip_tracking":false,"_monsterinsights_sitenote_active":false,"_monsterinsights_sitenote_note":"","_monsterinsights_sitenote_category":0},"product_brand":[],"product_cat":[12337],"product_tag":[],"class_list":{"0":"post-775088","1":"product","2":"type-product","3":"status-publish","5":"product_cat-politika-siyaset","6":"pa_cilt-ciltli","7":"pa_tur-kitap","8":"pa_yayinevi-marti-yayinlari","9":"pa_yazar-kamala-harris","11":"first","12":"instock","13":"sale","14":"shipping-taxable","15":"purchasable","16":"product-type-simple"},"_links":{"self":[{"href":"https:\/\/roveyayinevi.com.tr\/index.php\/wp-json\/wp\/v2\/product\/775088","targetHints":{"allow":["GET"]}}],"collection":[{"href":"https:\/\/roveyayinevi.com.tr\/index.php\/wp-json\/wp\/v2\/product"}],"about":[{"href":"https:\/\/roveyayinevi.com.tr\/index.php\/wp-json\/wp\/v2\/types\/product"}],"wp:attachment":[{"href":"https:\/\/roveyayinevi.com.tr\/index.php\/wp-json\/wp\/v2\/media?parent=775088"}],"wp:term":[{"taxonomy":"product_brand","embeddable":true,"href":"https:\/\/roveyayinevi.com.tr\/index.php\/wp-json\/wp\/v2\/product_brand?post=775088"},{"taxonomy":"product_cat","embeddable":true,"href":"https:\/\/roveyayinevi.com.tr\/index.php\/wp-json\/wp\/v2\/product_cat?post=775088"},{"taxonomy":"product_tag","embeddable":true,"href":"https:\/\/roveyayinevi.com.tr\/index.php\/wp-json\/wp\/v2\/product_tag?post=775088"}],"curies":[{"name":"wp","href":"https:\/\/api.w.org\/{rel}","templated":true}]}}