{"id":775086,"date":"2025-09-09T16:51:37","date_gmt":"2025-09-09T13:51:37","guid":{"rendered":"https:\/\/roveyayinevi.com.tr\/index.php\/urun\/aile-mirasi-receteler\/"},"modified":"2025-11-21T10:14:28","modified_gmt":"2025-11-21T07:14:28","slug":"aile-mirasi-receteler","status":"publish","type":"product","link":"https:\/\/roveyayinevi.com.tr\/index.php\/urun\/aile-mirasi-receteler\/","title":{"rendered":"Aile Miras\u0131 Re\u00e7eteler"},"content":{"rendered":"<p>Bu kitap, Anadolu\u2019nun y\u00fczy\u0131llar \u00f6ncesine dayanan zengin mutfak miras\u0131na bir sayg\u0131 duru\u015fudur.    Selin Atasoy\u2019un hayata ge\u00e7irdi\u011fi, gastronomi d\u00fcnyas\u0131n\u0131n sayg\u0131n ismi Sahrap Soysal\u2019\u0131n zengin deneyimiyle \u015fekillenmi\u015f, G\u00f6\u00e7men Artisan Bakery\u2019nin de\u011ferli katk\u0131lar\u0131yla can bulan bu eserde T\u00fcrkiye\u2019nin d\u00f6rt bir yan\u0131ndan 51 ailenin hik\u00e2yesi ve ku\u015faktan ku\u015fa\u011fa aktar\u0131lan de\u011ferli re\u00e7etelerini bulacaks\u0131n\u0131z. Yunanistan\u2019dan \u0130spanya\u2019ya, Bulgaristan\u2019dan Polonya\u2019ya uzanan bir gastronomi yolculu\u011funa \u00e7\u0131karken, bu re\u00e7etelerin arkas\u0131ndaki hik\u00e2yeler sizi derinden etkileyecek.   Sayfalar\u0131 \u00e7evirdik\u00e7e, mutfaklar\u0131m\u0131zda sakl\u0131 olan k\u00fclt\u00fcrel miras\u0131n izlerini takip edecek, geleneksel lezzetlerin yeni nesillere nas\u0131l aktar\u0131ld\u0131\u011f\u0131na tan\u0131k olacaks\u0131n\u0131z. \u0130stanbul\u2019dan Erzurum\u2019a, Trabzon\u2019dan Gaziantep\u2019e, Adana\u2019dan \u0130zmir\u2019e, Van\u2019dan Sinop\u2019a, Ad\u0131yaman\u2019dan G\u00fcm\u00fc\u015fhane\u2019ye uzanan bu yolculukta, S\u00fcryani, Ermeni, Musevi, Rus, \u00c7erkez, Girit, Bo\u015fnak, Rum, K\u00fcrt, Arnavut, Bulgar ve daha pek \u00e7ok mutfak lezzetinin, g\u00f6\u00e7lerle T\u00fcrkiye\u2019de nas\u0131l ya\u015fat\u0131ld\u0131\u011f\u0131n\u0131 ve zenginle\u015fti\u011fini ke\u015ffedeceksiniz. Bu kitap sizi \u00e7e\u015fitli etnik k\u00f6kenlerin ve yerel lezzetlerin olu\u015fturdu\u011fu renkli ve zengin mozaikte kaybolmaya davet ediyor.   Bu kitab\u0131n da bir par\u00e7as\u0131 oldu\u011fu \u201cLezzet G\u00f6\u00e7\u00fcn\u00fcn \u0130zinde&#8230; Aile Miras\u0131 Re\u00e7eteler\u201d projesi, T\u00fcrkiye\u2019nin kadim yemek k\u00fclt\u00fcr\u00fcn\u00fc, geleneksel hamur i\u015fleri tarifleri ve can al\u0131c\u0131 aile hik\u00e2yeleriyle birle\u015ftirerek, ortak bir haf\u0131za olu\u015fturuyor. Cumhuriyet\u2019in 100. y\u0131l\u0131na \u00f6zel bir katk\u0131 olarak, farkl\u0131 k\u00fclt\u00fcrler aras\u0131ndaki ba\u011flar\u0131 ve toplumlar aras\u0131ndaki benzerlikleri ortaya koyuyor.   Bu e\u015fsiz lezzet yolculu\u011funa siz de kat\u0131l\u0131n ve ailenizin nesiller boyu s\u00fcregelen re\u00e7etelerini ve hik\u00e2yelerini  birlikte b\u00fcy\u00fctece\u011fimiz ortak haf\u0131za mozai\u011fimize ekleyin.    Hik\u00e2yenizi d\u00fcnyayla payla\u015fma zaman\u0131 geldi, haz\u0131r m\u0131s\u0131n\u0131z?<\/p>\n","protected":false},"excerpt":{"rendered":"<p>Bu kitap, Anadolu\u2019nun y\u00fczy\u0131llar \u00f6ncesine dayanan zengin mutfak miras\u0131na bir sayg\u0131 duru\u015fudur. Selin Atasoy\u2019un hayata ge\u00e7irdi\u011fi, gastronomi d\u00fcnyas\u0131n\u0131n sayg\u0131n ismi Sahrap Soysal\u2019\u0131n zengin deneyimiyle \u015fekillenmi\u015f, G\u00f6\u00e7men<span class=\"excerpt-hellip\"> [\u2026]<\/span><\/p>\n","protected":false},"featured_media":0,"template":"","meta":{"_monsterinsights_skip_tracking":false,"_monsterinsights_sitenote_active":false,"_monsterinsights_sitenote_note":"","_monsterinsights_sitenote_category":0},"product_brand":[],"product_cat":[12457],"product_tag":[],"class_list":{"0":"post-775086","1":"product","2":"type-product","3":"status-publish","5":"product_cat-yemek-kitaplari","6":"pa_cilt-ciltsiz","7":"pa_tur-kitap","8":"pa_yayinevi-dogan-solibri-yayinlari","9":"pa_yazar-selin-atasoy-sahrap-soysal","11":"first","12":"instock","13":"sale","14":"shipping-taxable","15":"purchasable","16":"product-type-simple"},"_links":{"self":[{"href":"https:\/\/roveyayinevi.com.tr\/index.php\/wp-json\/wp\/v2\/product\/775086","targetHints":{"allow":["GET"]}}],"collection":[{"href":"https:\/\/roveyayinevi.com.tr\/index.php\/wp-json\/wp\/v2\/product"}],"about":[{"href":"https:\/\/roveyayinevi.com.tr\/index.php\/wp-json\/wp\/v2\/types\/product"}],"wp:attachment":[{"href":"https:\/\/roveyayinevi.com.tr\/index.php\/wp-json\/wp\/v2\/media?parent=775086"}],"wp:term":[{"taxonomy":"product_brand","embeddable":true,"href":"https:\/\/roveyayinevi.com.tr\/index.php\/wp-json\/wp\/v2\/product_brand?post=775086"},{"taxonomy":"product_cat","embeddable":true,"href":"https:\/\/roveyayinevi.com.tr\/index.php\/wp-json\/wp\/v2\/product_cat?post=775086"},{"taxonomy":"product_tag","embeddable":true,"href":"https:\/\/roveyayinevi.com.tr\/index.php\/wp-json\/wp\/v2\/product_tag?post=775086"}],"curies":[{"name":"wp","href":"https:\/\/api.w.org\/{rel}","templated":true}]}}