{"id":775083,"date":"2025-09-09T16:48:32","date_gmt":"2025-09-09T13:48:32","guid":{"rendered":"https:\/\/roveyayinevi.com.tr\/index.php\/urun\/aile-meseleleri-invincible-1\/"},"modified":"2026-04-08T03:20:16","modified_gmt":"2026-04-08T00:20:16","slug":"aile-meseleleri-invincible-1","status":"publish","type":"product","link":"https:\/\/roveyayinevi.com.tr\/index.php\/urun\/aile-meseleleri-invincible-1\/","title":{"rendered":"Aile  Meseleleri &#8211; Invincible 1"},"content":{"rendered":"<p>Mark Grayson, tam da ya\u015f\u0131tlar\u0131 gibi. Amerika\u2019da s\u0131radan bir lisenin son s\u0131n\u0131f \u00f6\u011frencisi. Okuldan sonra ve hafta sonlar\u0131 berbat bir yar\u0131zamanl\u0131 i\u015fi var. K\u0131zlara fena halde d\u00fc\u015fk\u00fcn ama onlar\u0131 tam olarak anlayam\u0131yor. Arkada\u015flar\u0131yla tak\u0131lmay\u0131, cumartesi geceleri de ge\u00e7 yatmay\u0131 seviyor (tabii ki iyi \u00e7izgi filmler ba\u015flayana kadar). Mark\u2019\u0131 di\u011ferlerinden ay\u0131ran tek \u015fey, babas\u0131n\u0131n d\u00fcnyan\u0131n en g\u00fc\u00e7l\u00fc s\u00fcper kahraman\u0131 olmas\u0131 ve son zamanlarda onun da babas\u0131n\u0131n g\u00fc\u00e7lerini miras al\u0131yormu\u015f gibi g\u00f6r\u00fcnmesi.   \u201cHer zaman uzun soluklu, iyi i\u015flenmi\u015f ve bu saatten sonra yeni bir \u015fey \u00fcretilemez denilen bir t\u00fcr\u00fcn merkezinde gayet sa\u011flam bir \u015fekilde duruyor.\u201d -Kurt Busiek\u2019in \u00f6ns\u00f6z\u00fcnden <\/p>\n","protected":false},"excerpt":{"rendered":"<p>Mark Grayson, tam da ya\u015f\u0131tlar\u0131 gibi. Amerika\u2019da s\u0131radan bir lisenin son s\u0131n\u0131f \u00f6\u011frencisi. Okuldan sonra ve hafta sonlar\u0131 berbat bir yar\u0131zamanl\u0131 i\u015fi var. K\u0131zlara fena halde<span class=\"excerpt-hellip\"> [\u2026]<\/span><\/p>\n","protected":false},"featured_media":0,"template":"","meta":{"_monsterinsights_skip_tracking":false,"_monsterinsights_sitenote_active":false,"_monsterinsights_sitenote_note":"","_monsterinsights_sitenote_category":0},"product_brand":[],"product_cat":[12416,12291],"product_tag":[],"class_list":{"0":"post-775083","1":"product","2":"type-product","3":"status-publish","5":"product_cat-cizgi-roman","6":"product_cat-edebiyat","7":"pa_cilt-ciltsiz","8":"pa_tur-kitap","9":"pa_yayinevi-athica-yayinlari","10":"pa_yazar-robert-kirkman","12":"first","13":"instock","14":"sale","15":"shipping-taxable","16":"purchasable","17":"product-type-simple"},"_links":{"self":[{"href":"https:\/\/roveyayinevi.com.tr\/index.php\/wp-json\/wp\/v2\/product\/775083","targetHints":{"allow":["GET"]}}],"collection":[{"href":"https:\/\/roveyayinevi.com.tr\/index.php\/wp-json\/wp\/v2\/product"}],"about":[{"href":"https:\/\/roveyayinevi.com.tr\/index.php\/wp-json\/wp\/v2\/types\/product"}],"wp:attachment":[{"href":"https:\/\/roveyayinevi.com.tr\/index.php\/wp-json\/wp\/v2\/media?parent=775083"}],"wp:term":[{"taxonomy":"product_brand","embeddable":true,"href":"https:\/\/roveyayinevi.com.tr\/index.php\/wp-json\/wp\/v2\/product_brand?post=775083"},{"taxonomy":"product_cat","embeddable":true,"href":"https:\/\/roveyayinevi.com.tr\/index.php\/wp-json\/wp\/v2\/product_cat?post=775083"},{"taxonomy":"product_tag","embeddable":true,"href":"https:\/\/roveyayinevi.com.tr\/index.php\/wp-json\/wp\/v2\/product_tag?post=775083"}],"curies":[{"name":"wp","href":"https:\/\/api.w.org\/{rel}","templated":true}]}}