{"id":775082,"date":"2025-09-09T16:48:26","date_gmt":"2025-09-09T13:48:26","guid":{"rendered":"https:\/\/roveyayinevi.com.tr\/index.php\/urun\/gece-ve-sonra\/"},"modified":"2026-04-16T03:11:48","modified_gmt":"2026-04-16T00:11:48","slug":"gece-ve-sonra","status":"publish","type":"product","link":"https:\/\/roveyayinevi.com.tr\/index.php\/urun\/gece-ve-sonra\/","title":{"rendered":"Gece ve Sonra"},"content":{"rendered":"<p>Will ile Rosie&#8217;nin yollar\u0131 hen\u00fcz ergenlik y\u0131llar\u0131ndayken kesi\u015fir. Her anlamda birbirlerinin z\u0131dd\u0131 iki gen\u00e7. Herkesin g\u00f6z\u00fcnde m\u00fckemmel, gelece\u011fi parlak, planlar\u0131 haz\u0131r Rosie ve onun ikiz karde\u015finin \u00f6ng\u00f6r\u00fclemez ve asi arkada\u015f\u0131 Will. Bir gece bir k\u00e2se m\u0131s\u0131r gevre\u011fiyle ba\u015flayan, payla\u015f\u0131lan m\u00fczikler, birlikte \u00e7\u0131k\u0131lan gizli y\u00fcr\u00fcy\u00fc\u015fler ve gece yar\u0131s\u0131 yap\u0131lan telefon konu\u015fmalar\u0131yla ilerleyen arkada\u015fl\u0131klar\u0131 \u00f6nce ka\u00e7\u0131n\u0131lmaz sonra da \u2013ya\u015fad\u0131klar\u0131 bir trajedi sonucu\u2013 imk\u00e2ns\u0131z bir ili\u015fkiye d\u00f6n\u00fc\u015f\u00fcr.Y\u0131llar i\u00e7inde yollar\u0131 tekrar tekrar kesi\u015ftik\u00e7e Will ile Rosie, kendilerini birbirlerine geri d\u00f6nmenin yolunu bulmaktan alamazlar. Ancak bazen do\u011fru yerde olsan\u0131z da zaman yanl\u0131\u015ft\u0131r.  Gece ve Sonra, ili\u015fkilerin bizi g\u00f6t\u00fcrd\u00fc\u011f\u00fc kusurlu ve karma\u015f\u0131k yollar\u0131n hik\u00e2yesi. Dostluk ve sadakatin, ikinci \u015fanslar\u0131n ve ka\u00e7\u0131r\u0131lan f\u0131rsatlar\u0131n, s\u00f6ylenen ve s\u00f6ylenmeyen s\u00f6zlerin, hayat\u0131n araya girmesinin.    &#8220;\u0130z b\u0131rakacak karakterlerle kurulmu\u015f ger\u00e7ek\u00e7i, \u015fefkatli ve bitmesini istemeyece\u011finiz bir hik\u00e2ye.&#8221; \u2013Jojo Moyes &#8220;\u00c7arp\u0131c\u0131, ac\u0131 verecek kadar g\u00fczel ve umut dolu. Akl\u0131mdan \u00e7\u0131kmayacak.&#8221; \u2013Chris Whitaker&#8221;Bir a\u015fk hik\u00e2yesinden \u00e7ok daha fazlas\u0131. \u015eiddetle tavsiye ediyorum.&#8221; \u2013Ann Napolitano <\/p>\n","protected":false},"excerpt":{"rendered":"<p>Will ile Rosie&#8217;nin yollar\u0131 hen\u00fcz ergenlik y\u0131llar\u0131ndayken kesi\u015fir. Her anlamda birbirlerinin z\u0131dd\u0131 iki gen\u00e7. Herkesin g\u00f6z\u00fcnde m\u00fckemmel, gelece\u011fi parlak, planlar\u0131 haz\u0131r Rosie ve onun ikiz karde\u015finin<span class=\"excerpt-hellip\"> [\u2026]<\/span><\/p>\n","protected":false},"featured_media":0,"template":"","meta":{"_monsterinsights_skip_tracking":false,"_monsterinsights_sitenote_active":false,"_monsterinsights_sitenote_note":"","_monsterinsights_sitenote_category":0},"product_brand":[],"product_cat":[12291,12711],"product_tag":[],"class_list":{"0":"post-775082","1":"product","2":"type-product","3":"status-publish","5":"product_cat-edebiyat","6":"product_cat-roman-oyku","7":"pa_cilt-ciltsiz","8":"pa_tur-kitap","9":"pa_yayinevi-domingo-yayinevi","10":"pa_yazar-claire-daverley","12":"first","13":"instock","14":"sale","15":"shipping-taxable","16":"purchasable","17":"product-type-simple"},"_links":{"self":[{"href":"https:\/\/roveyayinevi.com.tr\/index.php\/wp-json\/wp\/v2\/product\/775082","targetHints":{"allow":["GET"]}}],"collection":[{"href":"https:\/\/roveyayinevi.com.tr\/index.php\/wp-json\/wp\/v2\/product"}],"about":[{"href":"https:\/\/roveyayinevi.com.tr\/index.php\/wp-json\/wp\/v2\/types\/product"}],"wp:attachment":[{"href":"https:\/\/roveyayinevi.com.tr\/index.php\/wp-json\/wp\/v2\/media?parent=775082"}],"wp:term":[{"taxonomy":"product_brand","embeddable":true,"href":"https:\/\/roveyayinevi.com.tr\/index.php\/wp-json\/wp\/v2\/product_brand?post=775082"},{"taxonomy":"product_cat","embeddable":true,"href":"https:\/\/roveyayinevi.com.tr\/index.php\/wp-json\/wp\/v2\/product_cat?post=775082"},{"taxonomy":"product_tag","embeddable":true,"href":"https:\/\/roveyayinevi.com.tr\/index.php\/wp-json\/wp\/v2\/product_tag?post=775082"}],"curies":[{"name":"wp","href":"https:\/\/api.w.org\/{rel}","templated":true}]}}