{"id":775080,"date":"2025-09-09T16:39:01","date_gmt":"2025-09-09T13:39:01","guid":{"rendered":"https:\/\/roveyayinevi.com.tr\/index.php\/urun\/duygusal-zekanin-enneagrami\/"},"modified":"2025-12-30T11:18:45","modified_gmt":"2025-12-30T08:18:45","slug":"duygusal-zekanin-enneagrami","status":"publish","type":"product","link":"https:\/\/roveyayinevi.com.tr\/index.php\/urun\/duygusal-zekanin-enneagrami\/","title":{"rendered":"Duygusal Zekan\u0131n Enneagram\u0131"},"content":{"rendered":"<p>Duygusal zek\u00e2 (EQ), ki\u015fisel ve profesyonel ba\u015far\u0131n\u0131n en b\u00fcy\u00fck belirleyicilerinden biridir ve duygusal zek\u00e2y\u0131 etkili bir \u015fekilde kullanman\u0131n yolu da onu kendi ki\u015filik tipinizle ba\u011fda\u015ft\u0131rmaktan ge\u00e7mektedir. Bu kitapta, sertifikal\u0131 EQ ko\u00e7u ve Enneagram \u00f6\u011fretmeni Scott Allender, ki\u015fisel fark\u0131ndal\u0131k ve sa\u011fl\u0131kl\u0131 bir ya\u015fam i\u00e7in ki\u015fili\u011finize \u00f6zel bir yol \u00e7izmenize yard\u0131mc\u0131 oluyor. Allender, pop\u00fcler Enneagram sistemini kullanarak dokuz Enneagram tipinin her birinin duygusal zek\u00e2n\u0131n be\u015f temel becerisi olan kendini alg\u0131lama, kendini ifade etme, ki\u015fileraras\u0131 ili\u015fkiler, karar verme ve stres y\u00f6netimi ile nas\u0131l uyum sa\u011flad\u0131\u011f\u0131n\u0131 g\u00f6zler \u00f6n\u00fcne seriyor. Bu kitab\u0131 okumay\u0131 bitirdi\u011finizde kendinizle ilgili \u015fu sorular\u0131n cevab\u0131n\u0131 bulmu\u015f olacaks\u0131n\u0131z: Nas\u0131l daha bilin\u00e7li bir \u015fekilde kararlar alabilirim? Se\u00e7imlerimi belirleyen gizli korkular\u0131m nelerdir? Bunlardan nas\u0131l kurtulabilirim? Ve dahas\u0131\u2026 Duygusal Zek\u00e2n\u0131n Enneagram\u0131, \u00f6z fark\u0131ndal\u0131\u011fa do\u011fru \u00e7\u0131kaca\u011f\u0131n\u0131z bu yolculukta sizlere ba\u015f\u0131ndan beri ya\u015famak istedi\u011finiz hayat\u0131 ya\u015famaktan al\u0131koyan ve kendinizi s\u0131n\u0131rlayan inan\u00e7larla nas\u0131l m\u00fccadele edece\u011finizi \u00f6\u011freten harika bir yol haritas\u0131 olacak. &#8220;Scott Allender, ki\u015fisel fark\u0131ndal\u0131\u011fa ula\u015fmam\u0131za engel olan bulutlu perdeyi aral\u0131yor.&#8221; -Ian Morgan Cron &#8220;Scott Allender, kendimizi anlayarak daha iyi bir hayat ya\u015famam\u0131z i\u00e7in bizlere pratik, anlamas\u0131 kolay ve derin bir rehber sunuyor.&#8221; -Beatrice Chestnut<\/p>\n","protected":false},"excerpt":{"rendered":"<p>Duygusal zek\u00e2 (EQ), ki\u015fisel ve profesyonel ba\u015far\u0131n\u0131n en b\u00fcy\u00fck belirleyicilerinden biridir ve duygusal zek\u00e2y\u0131 etkili bir \u015fekilde kullanman\u0131n yolu da onu kendi ki\u015filik tipinizle ba\u011fda\u015ft\u0131rmaktan ge\u00e7mektedir.<span class=\"excerpt-hellip\"> [\u2026]<\/span><\/p>\n","protected":false},"featured_media":0,"template":"","meta":{"_monsterinsights_skip_tracking":false,"_monsterinsights_sitenote_active":false,"_monsterinsights_sitenote_note":"","_monsterinsights_sitenote_category":0},"product_brand":[],"product_cat":[12364,12376],"product_tag":[],"class_list":{"0":"post-775080","1":"product","2":"type-product","3":"status-publish","5":"product_cat-genel-konular","6":"product_cat-kisisel-gelisim","7":"pa_cilt-ciltsiz","8":"pa_tur-kitap","9":"pa_yayinevi-mona-kitap","10":"pa_yazar-scott-allender","12":"first","13":"instock","14":"sale","15":"shipping-taxable","16":"purchasable","17":"product-type-simple"},"_links":{"self":[{"href":"https:\/\/roveyayinevi.com.tr\/index.php\/wp-json\/wp\/v2\/product\/775080","targetHints":{"allow":["GET"]}}],"collection":[{"href":"https:\/\/roveyayinevi.com.tr\/index.php\/wp-json\/wp\/v2\/product"}],"about":[{"href":"https:\/\/roveyayinevi.com.tr\/index.php\/wp-json\/wp\/v2\/types\/product"}],"wp:attachment":[{"href":"https:\/\/roveyayinevi.com.tr\/index.php\/wp-json\/wp\/v2\/media?parent=775080"}],"wp:term":[{"taxonomy":"product_brand","embeddable":true,"href":"https:\/\/roveyayinevi.com.tr\/index.php\/wp-json\/wp\/v2\/product_brand?post=775080"},{"taxonomy":"product_cat","embeddable":true,"href":"https:\/\/roveyayinevi.com.tr\/index.php\/wp-json\/wp\/v2\/product_cat?post=775080"},{"taxonomy":"product_tag","embeddable":true,"href":"https:\/\/roveyayinevi.com.tr\/index.php\/wp-json\/wp\/v2\/product_tag?post=775080"}],"curies":[{"name":"wp","href":"https:\/\/api.w.org\/{rel}","templated":true}]}}