{"id":775079,"date":"2025-09-09T16:38:53","date_gmt":"2025-09-09T13:38:53","guid":{"rendered":"https:\/\/roveyayinevi.com.tr\/index.php\/urun\/ne-cok-bacak\/"},"modified":"2026-04-16T03:10:38","modified_gmt":"2026-04-16T00:10:38","slug":"ne-cok-bacak","status":"publish","type":"product","link":"https:\/\/roveyayinevi.com.tr\/index.php\/urun\/ne-cok-bacak\/","title":{"rendered":"Ne \u00c7ok Bacak!"},"content":{"rendered":"<p>Bir odada tek ba\u015f\u0131maysam, toplam ka\u00e7 bacak vard\u0131r sence? Peki, toplam ka\u00e7 bacak olur bir kutup ay\u0131s\u0131 \u00e7at kap\u0131 \u00e7aya gelse? Bir kanguru, s\u0131rt\u0131nda bir kurba\u011fa ile hoplaya z\u0131playa odaya girse&#8230; Ka\u00e7 bacak oldu toplam, hadi s\u00f6yle.   \u0130ngiltere\u2019nin en iyi on \u00e7ocuk kitab\u0131 yazar\u0131 aras\u0131nda g\u00f6sterilen, \u00e7ok sevilen Komik Hayvan \u0130simleri Bakanl\u0131\u011f\u0131&#8217;n\u0131n muzip yarat\u0131c\u0131s\u0131 Kes Gray\u2019den kahkaha garantili bir sayma ve toplama kitab\u0131!   D\u0130KKAT: G\u00dcLERKEN SAYMAYI UNUTMA! <\/p>\n","protected":false},"excerpt":{"rendered":"<p>Bir odada tek ba\u015f\u0131maysam, toplam ka\u00e7 bacak vard\u0131r sence? Peki, toplam ka\u00e7 bacak olur bir kutup ay\u0131s\u0131 \u00e7at kap\u0131 \u00e7aya gelse? Bir kanguru, s\u0131rt\u0131nda bir kurba\u011fa<span class=\"excerpt-hellip\"> [\u2026]<\/span><\/p>\n","protected":false},"featured_media":0,"template":"","meta":{"_monsterinsights_skip_tracking":false,"_monsterinsights_sitenote_active":false,"_monsterinsights_sitenote_note":"","_monsterinsights_sitenote_category":0},"product_brand":[],"product_cat":[12274,15842],"product_tag":[],"class_list":{"0":"post-775079","1":"product","2":"type-product","3":"status-publish","5":"product_cat-cocuk-ve-genclik-kitaplari","6":"product_cat-egitici-kitaplar","7":"pa_cilt-ciltsiz","8":"pa_tur-kitap","9":"pa_yayinevi-domingo-yayinevi","10":"pa_yazar-kes-gray","12":"first","13":"instock","14":"sale","15":"shipping-taxable","16":"purchasable","17":"product-type-simple"},"_links":{"self":[{"href":"https:\/\/roveyayinevi.com.tr\/index.php\/wp-json\/wp\/v2\/product\/775079","targetHints":{"allow":["GET"]}}],"collection":[{"href":"https:\/\/roveyayinevi.com.tr\/index.php\/wp-json\/wp\/v2\/product"}],"about":[{"href":"https:\/\/roveyayinevi.com.tr\/index.php\/wp-json\/wp\/v2\/types\/product"}],"wp:attachment":[{"href":"https:\/\/roveyayinevi.com.tr\/index.php\/wp-json\/wp\/v2\/media?parent=775079"}],"wp:term":[{"taxonomy":"product_brand","embeddable":true,"href":"https:\/\/roveyayinevi.com.tr\/index.php\/wp-json\/wp\/v2\/product_brand?post=775079"},{"taxonomy":"product_cat","embeddable":true,"href":"https:\/\/roveyayinevi.com.tr\/index.php\/wp-json\/wp\/v2\/product_cat?post=775079"},{"taxonomy":"product_tag","embeddable":true,"href":"https:\/\/roveyayinevi.com.tr\/index.php\/wp-json\/wp\/v2\/product_tag?post=775079"}],"curies":[{"name":"wp","href":"https:\/\/api.w.org\/{rel}","templated":true}]}}