{"id":775078,"date":"2025-09-09T16:37:13","date_gmt":"2025-09-09T13:37:13","guid":{"rendered":"https:\/\/roveyayinevi.com.tr\/index.php\/urun\/sevgi-ve-cinsellik\/"},"modified":"2026-04-16T03:10:04","modified_gmt":"2026-04-16T00:10:04","slug":"sevgi-ve-cinsellik","status":"publish","type":"product","link":"https:\/\/roveyayinevi.com.tr\/index.php\/urun\/sevgi-ve-cinsellik\/","title":{"rendered":"Sevgi ve Cinsellik"},"content":{"rendered":"<p>Cinsellik Kuram\u0131 \u00dczerine \u00dc\u00e7 Makale, psikanalizin varsaymaya zorlad\u0131\u011f\u0131 veya do\u011frulamay\u0131 m\u00fcmk\u00fcn k\u0131ld\u0131\u011f\u0131 \u015feyden ba\u015fka bir \u015feyi i\u00e7ermez. Bu nedenle, makalelerin bir \u201ccinsellik kuram\u0131\u201d haline gelecek \u015fekilde geni\u015fletilmeleri imkans\u0131zd\u0131r ve cinsel ya\u015fam\u0131n baz\u0131 \u00f6nemli sorunlar\u0131 hakk\u0131nda hi\u00e7 g\u00f6r\u00fc\u015f belirtmemeleri anla\u015f\u0131l\u0131r bir durumdur. Ama bu y\u00fczden san\u0131lmas\u0131n ki yazar b\u00fcy\u00fck konunun o atlanm\u0131\u015f b\u00f6l\u00fcmlerini bilmiyordur veya \u00f6nemsiz g\u00f6rerek ihmal etmi\u015ftir. Bu kitab\u0131n psikanaliz deneyimlerine ki kitab\u0131 yazmaya te\u015fvik etmi\u015flerdir, olan ba\u011f\u0131ml\u0131l\u0131\u011f\u0131 ise konunun sadece se\u00e7iminde de\u011fil, d\u00fczenlenmesinde de kendini g\u00f6steriyor. Her yerde belli bir hiyerar\u015fiye uyuluyor; rastlant\u0131sal belirleyici etkenler ba\u015fa konuyor, do\u011fal yatk\u0131nl\u0131kla ilgili etkenler geri planda b\u0131rak\u0131l\u0131yor ve ontogenetik geli\u015fim (bireyolu\u015f), filogenetik geli\u015fimden (soyolu\u015f) \u00f6nce dikkate al\u0131n\u0131yor. \u00c7\u00fcnk\u00fc rastlant\u0131sal unsur analizde esas rol\u00fc oynuyor, analizle neredeyse tamamen \u00fcstesinden geliniyor; do\u011fal yatk\u0131nl\u0131kla ilgili unsur ancak bunun ard\u0131ndan ya\u015fant\u0131lamayla uyand\u0131r\u0131lan bir \u015fey olarak ortaya \u00e7\u0131k\u0131yor ama de\u011ferlendirilmesi psikanalizin \u00e7al\u0131\u015fma alan\u0131n\u0131n \u00e7ok \u00f6tesine ge\u00e7iyor.<\/p>\n","protected":false},"excerpt":{"rendered":"<p>Cinsellik Kuram\u0131 \u00dczerine \u00dc\u00e7 Makale, psikanalizin varsaymaya zorlad\u0131\u011f\u0131 veya do\u011frulamay\u0131 m\u00fcmk\u00fcn k\u0131ld\u0131\u011f\u0131 \u015feyden ba\u015fka bir \u015feyi i\u00e7ermez. Bu nedenle, makalelerin bir \u201ccinsellik kuram\u0131\u201d haline gelecek \u015fekilde<span class=\"excerpt-hellip\"> [\u2026]<\/span><\/p>\n","protected":false},"featured_media":0,"template":"","meta":{"_monsterinsights_skip_tracking":false,"_monsterinsights_sitenote_active":false,"_monsterinsights_sitenote_note":"","_monsterinsights_sitenote_category":0},"product_brand":[],"product_cat":[12357],"product_tag":[],"class_list":{"0":"post-775078","1":"product","2":"type-product","3":"status-publish","5":"product_cat-psikoloji","6":"pa_cilt-ciltsiz","7":"pa_tur-kitap","8":"pa_yayinevi-cem-yayinevi","9":"pa_yazar-sigmund-freud","11":"first","12":"instock","13":"sale","14":"shipping-taxable","15":"purchasable","16":"product-type-simple"},"_links":{"self":[{"href":"https:\/\/roveyayinevi.com.tr\/index.php\/wp-json\/wp\/v2\/product\/775078","targetHints":{"allow":["GET"]}}],"collection":[{"href":"https:\/\/roveyayinevi.com.tr\/index.php\/wp-json\/wp\/v2\/product"}],"about":[{"href":"https:\/\/roveyayinevi.com.tr\/index.php\/wp-json\/wp\/v2\/types\/product"}],"wp:attachment":[{"href":"https:\/\/roveyayinevi.com.tr\/index.php\/wp-json\/wp\/v2\/media?parent=775078"}],"wp:term":[{"taxonomy":"product_brand","embeddable":true,"href":"https:\/\/roveyayinevi.com.tr\/index.php\/wp-json\/wp\/v2\/product_brand?post=775078"},{"taxonomy":"product_cat","embeddable":true,"href":"https:\/\/roveyayinevi.com.tr\/index.php\/wp-json\/wp\/v2\/product_cat?post=775078"},{"taxonomy":"product_tag","embeddable":true,"href":"https:\/\/roveyayinevi.com.tr\/index.php\/wp-json\/wp\/v2\/product_tag?post=775078"}],"curies":[{"name":"wp","href":"https:\/\/api.w.org\/{rel}","templated":true}]}}