{"id":775074,"date":"2025-09-09T16:34:12","date_gmt":"2025-09-09T13:34:12","guid":{"rendered":"https:\/\/roveyayinevi.com.tr\/index.php\/urun\/2025-tyt-turkce-konu-ozetli-soru-bankasi-tamami-video-cozumlu-ciltli\/"},"modified":"2026-04-16T03:09:39","modified_gmt":"2026-04-16T00:09:39","slug":"2025-tyt-turkce-konu-ozetli-soru-bankasi-tamami-video-cozumlu-ciltli","status":"publish","type":"product","link":"https:\/\/roveyayinevi.com.tr\/index.php\/urun\/2025-tyt-turkce-konu-ozetli-soru-bankasi-tamami-video-cozumlu-ciltli\/","title":{"rendered":"2025 TYT T\u00fcrk\u00e7e Konu \u00d6zetli Soru Bankas\u0131 Tamam\u0131 Video \u00c7\u00f6z\u00fcml\u00fc (Ciltli)"},"content":{"rendered":"<p>2024 TYT T\u00fcrk\u00e7e Konu \u00d6zetli Soru Bankas\u0131 Tamam\u0131 Video \u00c7\u00f6z\u00fcml\u00fc<\/p>\n","protected":false},"excerpt":{"rendered":"<p>2024 TYT T\u00fcrk\u00e7e Konu \u00d6zetli Soru Bankas\u0131 Tamam\u0131 Video \u00c7\u00f6z\u00fcml\u00fc<\/p>\n","protected":false},"featured_media":0,"template":"","meta":{"_monsterinsights_skip_tracking":false,"_monsterinsights_sitenote_active":false,"_monsterinsights_sitenote_note":"","_monsterinsights_sitenote_category":0},"product_brand":[],"product_cat":[12566,13473,51999,52037,87802,51998],"product_tag":[],"class_list":{"0":"post-775074","1":"product","2":"type-product","3":"status-publish","5":"product_cat-egitim","6":"product_cat-sinavlara-hazirlik-okula-yardimci-kaynaklar","7":"product_cat-tyt-kitaplari","8":"product_cat-tyt-soru-bankalari","9":"product_cat-tyt-turkce-soru-bankasi","10":"product_cat-yks-kitaplari","11":"pa_cilt-ciltli","12":"pa_tur-kitap","13":"pa_yayinevi-marka-yayinlari","14":"pa_yazar-marka-komisyon","16":"first","17":"instock","18":"sale","19":"shipping-taxable","20":"purchasable","21":"product-type-simple"},"_links":{"self":[{"href":"https:\/\/roveyayinevi.com.tr\/index.php\/wp-json\/wp\/v2\/product\/775074","targetHints":{"allow":["GET"]}}],"collection":[{"href":"https:\/\/roveyayinevi.com.tr\/index.php\/wp-json\/wp\/v2\/product"}],"about":[{"href":"https:\/\/roveyayinevi.com.tr\/index.php\/wp-json\/wp\/v2\/types\/product"}],"wp:attachment":[{"href":"https:\/\/roveyayinevi.com.tr\/index.php\/wp-json\/wp\/v2\/media?parent=775074"}],"wp:term":[{"taxonomy":"product_brand","embeddable":true,"href":"https:\/\/roveyayinevi.com.tr\/index.php\/wp-json\/wp\/v2\/product_brand?post=775074"},{"taxonomy":"product_cat","embeddable":true,"href":"https:\/\/roveyayinevi.com.tr\/index.php\/wp-json\/wp\/v2\/product_cat?post=775074"},{"taxonomy":"product_tag","embeddable":true,"href":"https:\/\/roveyayinevi.com.tr\/index.php\/wp-json\/wp\/v2\/product_tag?post=775074"}],"curies":[{"name":"wp","href":"https:\/\/api.w.org\/{rel}","templated":true}]}}