{"id":775064,"date":"2025-09-09T16:23:43","date_gmt":"2025-09-09T13:23:43","guid":{"rendered":"https:\/\/roveyayinevi.com.tr\/index.php\/urun\/hapishene-sifacisi\/"},"modified":"2025-11-21T09:44:16","modified_gmt":"2025-11-21T06:44:16","slug":"hapishene-sifacisi","status":"publish","type":"product","link":"https:\/\/roveyayinevi.com.tr\/index.php\/urun\/hapishene-sifacisi\/","title":{"rendered":"Hapishene \u015eifac\u0131s\u0131"},"content":{"rendered":"<p>\u201cLynette Noni usta bir hikaye anlat\u0131c\u0131s\u0131. Herhangi bir fantastik kurgusever i\u00e7in mutlaka okunmas\u0131 gereken bir kitap!\u201d &#8211; Sarah J. Maas, #1 Numaral\u0131 New York Times \u00c7ok Satan Yazar\u0131   On yedi ya\u015f\u0131ndaki Kiva Meridan, son on y\u0131l\u0131n\u0131 hayatta kalmak i\u00e7in m\u00fccadele verdi\u011fi ve hapishane \u015fifac\u0131s\u0131 olarak \u00e7al\u0131\u015ft\u0131\u011f\u0131 az\u0131l\u0131 \u00f6l\u00fcm hapishanesi olarak bilinen Zalindov\u2019da ge\u00e7irir.   Asi Krali\u00e7e yakaland\u0131\u011f\u0131nda, Kiva \u00f6l\u00fcmc\u00fcl derecede hasta olan kad\u0131n\u0131 H\u00fck\u00fcm \u0130mtihan\u0131\u2019na \u00e7\u0131kabilecek kadar uzun s\u00fcre hayatta tutmakla g\u00f6revlendirilir. H\u00fck\u00fcm \u0130mtihan\u0131; hava, ate\u015f, su ve topra\u011f\u0131n g\u00fc\u00e7lerine kar\u015f\u0131 bir dizi eziyet dolu elemental s\u0131navd\u0131r ve sadece en tehlikeli su\u00e7lular bu cezaya \u00e7arpt\u0131r\u0131l\u0131r. Bu s\u0131rada Kiva\u2019n\u0131n ailesinden \u015fifreli bir mesaj gelir ve i\u00e7inde tek bir emir vard\u0131r: \u201c\u00d6lmesine izin verme. Biz geliyoruz.\u201d \u0130mtihanlar\u0131n zaten hasta olan krali\u00e7eyi \u00f6ld\u00fcrece\u011fini fark eden Kiva, onun yerine g\u00f6n\u00fcll\u00fc olarak kendi hayat\u0131n\u0131 tehlikeye atar. E\u011fer ba\u015far\u0131rsa, hem o hem de krali\u00e7e \u00f6zg\u00fcrl\u00fc\u011f\u00fcne kavu\u015facakt\u0131r. Fakat \u015fimdiye kadar H\u00fck\u00fcm \u0130mtihanlar\u0131\u2019n\u0131n t\u00fcm\u00fcnden sa\u011f \u00e7\u0131kan olmam\u0131\u015ft\u0131r.   \u00c7aresi olmayan bir veba Zalindov\u2019da kol gezerken, gizemli yeni bir mahk\u00fbm Kiva\u2019n\u0131n kalbi u\u011fruna sava\u015f\u0131rken ve bir hapishane ayaklanmas\u0131 \u00e7\u0131kmak \u00fczereyken; Kiva, s\u0131navlar\u0131n\u0131n daha yeni ba\u015flad\u0131\u011f\u0131 hissinin korkun\u00e7lu\u011funu \u00fcst\u00fcnden atamaz. <\/p>\n","protected":false},"excerpt":{"rendered":"<p>\u201cLynette Noni usta bir hikaye anlat\u0131c\u0131s\u0131. Herhangi bir fantastik kurgusever i\u00e7in mutlaka okunmas\u0131 gereken bir kitap!\u201d &#8211; Sarah J. Maas, #1 Numaral\u0131 New York Times \u00c7ok<span class=\"excerpt-hellip\"> [\u2026]<\/span><\/p>\n","protected":false},"featured_media":0,"template":"","meta":{"_monsterinsights_skip_tracking":false,"_monsterinsights_sitenote_active":false,"_monsterinsights_sitenote_note":"","_monsterinsights_sitenote_category":0},"product_brand":[],"product_cat":[12291,12711],"product_tag":[],"class_list":{"0":"post-775064","1":"product","2":"type-product","3":"status-publish","5":"product_cat-edebiyat","6":"product_cat-roman-oyku","7":"pa_cilt-ciltsiz","8":"pa_tur-kitap","9":"pa_yayinevi-artemis-yayinlari","10":"pa_yazar-lynette-noni","12":"first","13":"instock","14":"sale","15":"shipping-taxable","16":"purchasable","17":"product-type-simple"},"_links":{"self":[{"href":"https:\/\/roveyayinevi.com.tr\/index.php\/wp-json\/wp\/v2\/product\/775064","targetHints":{"allow":["GET"]}}],"collection":[{"href":"https:\/\/roveyayinevi.com.tr\/index.php\/wp-json\/wp\/v2\/product"}],"about":[{"href":"https:\/\/roveyayinevi.com.tr\/index.php\/wp-json\/wp\/v2\/types\/product"}],"wp:attachment":[{"href":"https:\/\/roveyayinevi.com.tr\/index.php\/wp-json\/wp\/v2\/media?parent=775064"}],"wp:term":[{"taxonomy":"product_brand","embeddable":true,"href":"https:\/\/roveyayinevi.com.tr\/index.php\/wp-json\/wp\/v2\/product_brand?post=775064"},{"taxonomy":"product_cat","embeddable":true,"href":"https:\/\/roveyayinevi.com.tr\/index.php\/wp-json\/wp\/v2\/product_cat?post=775064"},{"taxonomy":"product_tag","embeddable":true,"href":"https:\/\/roveyayinevi.com.tr\/index.php\/wp-json\/wp\/v2\/product_tag?post=775064"}],"curies":[{"name":"wp","href":"https:\/\/api.w.org\/{rel}","templated":true}]}}