{"id":775063,"date":"2025-09-09T16:22:21","date_gmt":"2025-09-09T13:22:21","guid":{"rendered":"https:\/\/roveyayinevi.com.tr\/index.php\/urun\/birinci-umum-mufettislik-belgelerine-gore-ingiliz-casusu-lawrence\/"},"modified":"2026-04-16T03:08:16","modified_gmt":"2026-04-16T00:08:16","slug":"birinci-umum-mufettislik-belgelerine-gore-ingiliz-casusu-lawrence","status":"publish","type":"product","link":"https:\/\/roveyayinevi.com.tr\/index.php\/urun\/birinci-umum-mufettislik-belgelerine-gore-ingiliz-casusu-lawrence\/","title":{"rendered":"Birinci Umum M\u00fcfetti\u015flik Belgelerine G\u00f6re \u0130ngiliz Casusu Lawrence"},"content":{"rendered":"<p>\u0130ngiliz istihbarat\u0131n\u0131n elemanlar\u0131ndan Gertrude Margaret Lowthian Bell ile Thomas Edward Lawrence, y\u00fcklendikleri i\u015fleri iyi bir bi\u00e7imde yapmalar\u0131yla an\u0131l\u0131yorlard\u0131. Gertrude Margaret Lowthian Bell, 14 Temmuz 1868 tarihinde Durham\u2019da do\u011fdu. \u00dcvey anne elinde b\u00fcy\u00fcd\u00fc, ki\u015filik bozuklu\u011funa u\u011frad\u0131. Ki\u015filik bozuklu\u011fu zaman i\u00e7inde devam etti. Zengin ailesi sayesinde iyi bir e\u011fitim ald\u0131. Oxford \u00dcniversitesinde Jeoloji e\u011fitimi g\u00f6rd\u00fc. E\u011fitimini ba\u015far\u0131yla bitirdi ve mezun oldu. Kullan\u0131\u015fl\u0131 eleman oldu\u011fu anla\u015f\u0131l\u0131nca Mezopotamya\u2019ya g\u00f6nderildi. B\u00f6lgede \u0130ngiliz \u00e7\u0131karlar\u0131 do\u011frultusunda hizmet verdi. Mezopotamya\u2019da kurulan Irak devletinin s\u0131n\u0131rlar\u0131na bizzat cetvelle \u00e7izilmi\u015f imaj\u0131n\u0131 verdi. Thomas Edward Lawrence ile tan\u0131\u015ft\u0131 ve bildiklerini ona \u00f6\u011fretti. Thomas Edward Lawrence, 16 A\u011fustos 1888 tarihinde Galler\u2019in Tremadoc kasabas\u0131nda anne-babas\u0131n\u0131n garip ili\u015fkilerinden dolay\u0131 gayrime\u015fru \u00e7ocuk stat\u00fcs\u00fcnde do\u011fdu. \u0130ngiliz casusu Albay Lawrence, k\u00fc\u00e7\u00fck ya\u015ftan itibaren arkeoloji ve mimarl\u0131k tarihine ilgi duydu. Y\u00fcksek\u00f6\u011frenimine Oxford \u00dcniversitesi Jesus Kolejinde ba\u015flad\u0131. Tarih e\u011fitimi ald\u0131. British Museum\u2019un Karkam\u0131\u015f\u2019taki kaz\u0131lar\u0131na kat\u0131ld\u0131. S\u00fcre\u00e7 i\u00e7inde bir Arap kadar dili, bir M\u00fcsl\u00fcman kadar da dini \u00f6\u011frendi. Birinci Cihan Harbi\u2019nin ba\u015flamas\u0131yla \u0130ngiliz istihbarat te\u015fkilat\u0131nda g\u00f6rev ald\u0131. S\u00fcvey\u015f Kanal\u0131 Harek\u00e2t\u0131n\u0131n sonucunda esir al\u0131nan Osmanl\u0131 askerlerinin sorgulanmas\u0131 hususunda g\u00f6rev ald\u0131. 1919 senesindeki \u015eam ku\u015fatmas\u0131 s\u0131ras\u0131nda teslim olacaklar\u0131 i\u00e7in ate\u015f etmeyen T\u00fcrk askerlerini s\u0131\u011f\u0131nd\u0131klar\u0131 Camiyi bombalatarak \u015fehit etti. Canl\u0131 kalanlar\u0131n\u0131 da \u201cEsir almak yok\u201d emrini verip kafalar\u0131n\u0131 kestirerek \u015fehit ettirdi. Lawrence, 1922 senesinde \u00e7ok ciddi bir zihin karma\u015fas\u0131 i\u00e7ine d\u00fc\u015ft\u00fc. Etkisi azal\u0131nca da emekli edilmesine karar verildi. Emekli edilince \u0130ngiltere\u2019ye d\u00f6nd\u00fc. 13 May\u0131s 1935 tarihinde kaza ge\u00e7irdi. 20 May\u0131s 1935 tarihinde \u00f6ld\u00fc. Uslanmaz T\u00fcrk d\u00fc\u015fman\u0131 olan Lawrence, \u00f6l\u00fcm\u00fcn\u00fc takiben arkas\u0131nda birden \u00e7ok soru i\u015fareti b\u0131rakarak g\u00f6\u00e7t\u00fc. <\/p>\n","protected":false},"excerpt":{"rendered":"<p>\u0130ngiliz istihbarat\u0131n\u0131n elemanlar\u0131ndan Gertrude Margaret Lowthian Bell ile Thomas Edward Lawrence, y\u00fcklendikleri i\u015fleri iyi bir bi\u00e7imde yapmalar\u0131yla an\u0131l\u0131yorlard\u0131. Gertrude Margaret Lowthian Bell, 14 Temmuz 1868 tarihinde<span class=\"excerpt-hellip\"> [\u2026]<\/span><\/p>\n","protected":false},"featured_media":0,"template":"","meta":{"_monsterinsights_skip_tracking":false,"_monsterinsights_sitenote_active":false,"_monsterinsights_sitenote_note":"","_monsterinsights_sitenote_category":0},"product_brand":[],"product_cat":[12370,12304],"product_tag":[],"class_list":{"0":"post-775063","1":"product","2":"type-product","3":"status-publish","5":"product_cat-arastirma-inceleme","6":"product_cat-tarih","7":"pa_cilt-ciltsiz","8":"pa_tur-kitap","9":"pa_yayinevi-zet-akademi-yayinlari","10":"pa_yazar-eyup-sahin","12":"first","13":"instock","14":"sale","15":"shipping-taxable","16":"purchasable","17":"product-type-simple"},"_links":{"self":[{"href":"https:\/\/roveyayinevi.com.tr\/index.php\/wp-json\/wp\/v2\/product\/775063","targetHints":{"allow":["GET"]}}],"collection":[{"href":"https:\/\/roveyayinevi.com.tr\/index.php\/wp-json\/wp\/v2\/product"}],"about":[{"href":"https:\/\/roveyayinevi.com.tr\/index.php\/wp-json\/wp\/v2\/types\/product"}],"wp:attachment":[{"href":"https:\/\/roveyayinevi.com.tr\/index.php\/wp-json\/wp\/v2\/media?parent=775063"}],"wp:term":[{"taxonomy":"product_brand","embeddable":true,"href":"https:\/\/roveyayinevi.com.tr\/index.php\/wp-json\/wp\/v2\/product_brand?post=775063"},{"taxonomy":"product_cat","embeddable":true,"href":"https:\/\/roveyayinevi.com.tr\/index.php\/wp-json\/wp\/v2\/product_cat?post=775063"},{"taxonomy":"product_tag","embeddable":true,"href":"https:\/\/roveyayinevi.com.tr\/index.php\/wp-json\/wp\/v2\/product_tag?post=775063"}],"curies":[{"name":"wp","href":"https:\/\/api.w.org\/{rel}","templated":true}]}}