{"id":775059,"date":"2025-09-09T16:15:01","date_gmt":"2025-09-09T13:15:01","guid":{"rendered":"https:\/\/roveyayinevi.com.tr\/index.php\/urun\/kudusun-gizemli-tarihi\/"},"modified":"2026-04-16T03:07:19","modified_gmt":"2026-04-16T00:07:19","slug":"kudusun-gizemli-tarihi","status":"publish","type":"product","link":"https:\/\/roveyayinevi.com.tr\/index.php\/urun\/kudusun-gizemli-tarihi\/","title":{"rendered":"Kud\u00fcs&#8217;\u00fcn Gizemli Tarihi"},"content":{"rendered":"<p>\u2022 M\u00fcsl\u00fcmanlar i\u00e7in Kud\u00fcs neden kutsal? \u2022 Hz. Muhammed Kud\u00fcs&#8217;te hangi mek\u00e2ndan semaya y\u00fckseldi? \u2022 Kud\u00fcs Hz. \u0130sa ile ilgili hangi s\u0131rlar\u0131 bar\u0131nd\u0131r\u0131yor? \u2022 Mesih&#8217;in nereden g\u00f6\u011fe y\u00fckseldi\u011fine ve nereye gelece\u011fine inan\u0131yorlar? \u2022 Yahudiler, S\u00fcleyman Mabedi&#8217;ni neden yeniden in\u015fa etmek istiyor? \u2022 Zeytinda\u011f\u0131&#8217;na g\u00f6m\u00fclmek i\u00e7in neden servet harc\u0131yorlar? \u2022 A\u011flama Duvar\u0131&#8217;nda neden g\u00f6zya\u015f\u0131 d\u00f6k\u00fcyorlar? \u2022 Ha\u00e7l\u0131 Seferleri&#8217;ni Kud\u00fcs&#8217;e y\u00f6nelten Papa, hangi gizli \u00f6rg\u00fcte mensuptu? \u2022 Tap\u0131nak \u015e\u00f6valyeleri, Mescid-i Aksa&#8217;da neler yapt\u0131? \u2022 Yahudi Devleti&#8217;nin kurulmas\u0131 i\u00e7in 5 milyon alt\u0131n teklif edilen Sultan II. Abd\u00fclhamid buna nas\u0131l cevap verdi? \u2022 Osmanl\u0131, Kud\u00fcs&#8217;\u00fc nas\u0131l kaybetti? \u2022 \u0130srail Devleti hangi gizli planlarla kuruldu? \u2022 Yavuz&#8217;dan Kanuni&#8217;ye, H\u00fcrrem Sultan&#8217;dan Abd\u00fclhamid Han&#8217;a Osmanl\u0131, Kud\u00fcs&#8217;te hangi izleri b\u0131rakt\u0131? \u2022 Kud\u00fcs&#8217;te mah\u015fer g\u00fcn\u00fc neler ya\u015fanacak? \u2022 Kehanetler Kud\u00fcs&#8217;\u00fcn gelece\u011fi ile ilgili neye i\u015faret ediyor? <\/p>\n","protected":false},"excerpt":{"rendered":"<p>\u2022 M\u00fcsl\u00fcmanlar i\u00e7in Kud\u00fcs neden kutsal? \u2022 Hz. Muhammed Kud\u00fcs&#8217;te hangi mek\u00e2ndan semaya y\u00fckseldi? \u2022 Kud\u00fcs Hz. \u0130sa ile ilgili hangi s\u0131rlar\u0131 bar\u0131nd\u0131r\u0131yor? \u2022 Mesih&#8217;in nereden<span class=\"excerpt-hellip\"> [\u2026]<\/span><\/p>\n","protected":false},"featured_media":0,"template":"","meta":{"_monsterinsights_skip_tracking":false,"_monsterinsights_sitenote_active":false,"_monsterinsights_sitenote_note":"","_monsterinsights_sitenote_category":0},"product_brand":[],"product_cat":[12718,12719],"product_tag":[],"class_list":{"0":"post-775059","1":"product","2":"type-product","3":"status-publish","5":"product_cat-din","6":"product_cat-islam","7":"pa_cilt-ciltsiz","8":"pa_tur-kitap","9":"pa_yayinevi-yeditepe-yayinevi","10":"pa_yazar-pelin-cift-omer-faruk-harman","12":"first","13":"instock","14":"sale","15":"shipping-taxable","16":"purchasable","17":"product-type-simple"},"_links":{"self":[{"href":"https:\/\/roveyayinevi.com.tr\/index.php\/wp-json\/wp\/v2\/product\/775059","targetHints":{"allow":["GET"]}}],"collection":[{"href":"https:\/\/roveyayinevi.com.tr\/index.php\/wp-json\/wp\/v2\/product"}],"about":[{"href":"https:\/\/roveyayinevi.com.tr\/index.php\/wp-json\/wp\/v2\/types\/product"}],"wp:attachment":[{"href":"https:\/\/roveyayinevi.com.tr\/index.php\/wp-json\/wp\/v2\/media?parent=775059"}],"wp:term":[{"taxonomy":"product_brand","embeddable":true,"href":"https:\/\/roveyayinevi.com.tr\/index.php\/wp-json\/wp\/v2\/product_brand?post=775059"},{"taxonomy":"product_cat","embeddable":true,"href":"https:\/\/roveyayinevi.com.tr\/index.php\/wp-json\/wp\/v2\/product_cat?post=775059"},{"taxonomy":"product_tag","embeddable":true,"href":"https:\/\/roveyayinevi.com.tr\/index.php\/wp-json\/wp\/v2\/product_tag?post=775059"}],"curies":[{"name":"wp","href":"https:\/\/api.w.org\/{rel}","templated":true}]}}