{"id":775058,"date":"2025-09-09T16:12:51","date_gmt":"2025-09-09T13:12:51","guid":{"rendered":"https:\/\/roveyayinevi.com.tr\/index.php\/urun\/is-dunyasinda-yarim-yuzyil\/"},"modified":"2026-04-16T03:06:50","modified_gmt":"2026-04-16T00:06:50","slug":"is-dunyasinda-yarim-yuzyil","status":"publish","type":"product","link":"https:\/\/roveyayinevi.com.tr\/index.php\/urun\/is-dunyasinda-yarim-yuzyil\/","title":{"rendered":"\u0130\u015f D\u00fcnyas\u0131nda Yar\u0131m Y\u00fczy\u0131l"},"content":{"rendered":"<p>Ko\u00e7 Grubu\u2019nda ve Akk\u00f6k\u2019de y\u00f6netici olarak deneyim ve birikimler&#8230; 100. y\u0131l\u0131n\u0131 kutlamakta oldu\u011fumuz Cumhuriyetimizde 50 y\u0131l boyunca T\u00fcrkiye\u2019nin \u00f6nde gelen sanayi kurulu\u015flar\u0131nda \u00f6nemli g\u00f6revlerde bulunan Mehmet Ali Berkman, deneyim ve g\u00f6zlemlerini bu kitapta toplad\u0131. T\u00fcrkiye\u2019de ve ABD\u2019de \u00f6\u011frenim g\u00f6ren Berkman, \u00e7al\u0131\u015fma hayat\u0131na \u00fclkemizin en b\u00fcy\u00fck sanayi kurulu\u015fu Ko\u00e7 toplulu\u011funda ba\u015flad\u0131. Ko\u00e7 Burroughs \u015firketinden sonra, MAKO, UN\u0130ROYAL, D\u00d6KTA\u015e ve AR\u00c7EL\u0130K \u015firketlerinin Genel M\u00fcd\u00fcrl\u00fcklerini ve son olarak da Ko\u00e7 Holding kararg\u00e2h\u0131nda Stratejik Planlama ve \u0130nsan Kaynaklar\u0131 ba\u015fkanl\u0131klar\u0131n\u0131 yapt\u0131ktan sonra kurumsal ilke gere\u011fi emekliye ayr\u0131ld\u0131. Ard\u0131ndan yo\u011fun \u00e7al\u0131\u015fma hayat\u0131n\u0131 yine T\u00fcrkiye\u2019nin \u00f6nde gelen k\u00f6kl\u00fc kurulu\u015flar\u0131ndan biri olan Akk\u00f6k Holding\u2019in CEO\u2019su olarak s\u00fcrd\u00fcrmeye ba\u015flad\u0131. Bu yar\u0131m y\u00fczy\u0131ll\u0131k i\u015f hayat\u0131nda y\u00f6netiminde bulundu\u011fu \u015firketlerde \u00fclkemiz i\u00e7in yeni ve stratejik \u00fcr\u00fcnlerin \u00fcretimlerini ger\u00e7ekle\u015ftirdi ve hem g\u00f6rev ald\u0131\u011f\u0131 \u015firketlerle hem de bireysel olarak ulusal ve uluslararas\u0131 bir\u00e7ok \u00f6d\u00fcl\u00fcn sahibi oldu. Bir i\u015f adam\u0131, iyi bir baba ve toplumsal ili\u015fkiler i\u00e7inde duyarl\u0131 bir ki\u015fi olarak ilgin\u00e7 deneyimlere sahip olan Mehmet Ali Berkman\u2019\u0131n bu kitab\u0131, her ya\u015ftan t\u00fcm okurlar i\u00e7in de de\u011ferli bilgiler i\u00e7eriyor.<\/p>\n","protected":false},"excerpt":{"rendered":"<p>Ko\u00e7 Grubu\u2019nda ve Akk\u00f6k\u2019de y\u00f6netici olarak deneyim ve birikimler&#8230; 100. y\u0131l\u0131n\u0131 kutlamakta oldu\u011fumuz Cumhuriyetimizde 50 y\u0131l boyunca T\u00fcrkiye\u2019nin \u00f6nde gelen sanayi kurulu\u015flar\u0131nda \u00f6nemli g\u00f6revlerde bulunan Mehmet<span class=\"excerpt-hellip\"> [\u2026]<\/span><\/p>\n","protected":false},"featured_media":0,"template":"","meta":{"_monsterinsights_skip_tracking":false,"_monsterinsights_sitenote_active":false,"_monsterinsights_sitenote_note":"","_monsterinsights_sitenote_category":0},"product_brand":[],"product_cat":[13043,17647],"product_tag":[],"class_list":{"0":"post-775058","1":"product","2":"type-product","3":"status-publish","5":"product_cat-ekonomi","6":"product_cat-is-dunyasi","7":"pa_cilt-ciltsiz","8":"pa_tur-kitap","9":"pa_yayinevi-remzi-kitabevi","10":"pa_yazar-mehmet-ali-berkman","12":"first","13":"instock","14":"sale","15":"shipping-taxable","16":"purchasable","17":"product-type-simple"},"_links":{"self":[{"href":"https:\/\/roveyayinevi.com.tr\/index.php\/wp-json\/wp\/v2\/product\/775058","targetHints":{"allow":["GET"]}}],"collection":[{"href":"https:\/\/roveyayinevi.com.tr\/index.php\/wp-json\/wp\/v2\/product"}],"about":[{"href":"https:\/\/roveyayinevi.com.tr\/index.php\/wp-json\/wp\/v2\/types\/product"}],"wp:attachment":[{"href":"https:\/\/roveyayinevi.com.tr\/index.php\/wp-json\/wp\/v2\/media?parent=775058"}],"wp:term":[{"taxonomy":"product_brand","embeddable":true,"href":"https:\/\/roveyayinevi.com.tr\/index.php\/wp-json\/wp\/v2\/product_brand?post=775058"},{"taxonomy":"product_cat","embeddable":true,"href":"https:\/\/roveyayinevi.com.tr\/index.php\/wp-json\/wp\/v2\/product_cat?post=775058"},{"taxonomy":"product_tag","embeddable":true,"href":"https:\/\/roveyayinevi.com.tr\/index.php\/wp-json\/wp\/v2\/product_tag?post=775058"}],"curies":[{"name":"wp","href":"https:\/\/api.w.org\/{rel}","templated":true}]}}