{"id":775055,"date":"2025-09-09T16:07:39","date_gmt":"2025-09-09T13:07:39","guid":{"rendered":"https:\/\/roveyayinevi.com.tr\/index.php\/urun\/filin-yetenegi-nerede\/"},"modified":"2026-04-16T03:06:02","modified_gmt":"2026-04-16T00:06:02","slug":"filin-yetenegi-nerede","status":"publish","type":"product","link":"https:\/\/roveyayinevi.com.tr\/index.php\/urun\/filin-yetenegi-nerede\/","title":{"rendered":"Filin Yetene\u011fi Nerede?"},"content":{"rendered":"<p>Filin yetene\u011fi burnundan d\u00fc\u015ferse&#8230;Berna D\u00f6rtp\u0131nar&#8217;\u0131n yaz\u0131p resimledi\u011fi Filin Yetene\u011fi Nerede?, minikleri yeteneklerini ke\u015ffetmek i\u00e7in y\u00fcreklendiren, sevimli bir azim \u00f6yk\u00fcs\u00fc.Okurlar\u0131, hayattaki amac\u0131n\u0131 bulmak i\u00e7in yollara d\u00fc\u015fen kocaman bir filin pe\u015fi s\u0131ra renkli bir maceraya ortak eden sanat\u00e7\u0131; farkl\u0131l\u0131klar\u0131n zenginli\u011fine vurgu yaparken, yard\u0131mla\u015fman\u0131n \u00f6nemine de temas ediyor. Orman\u0131 &#8221;s\u0131cac\u0131k&#8221; bir yuvaya d\u00f6n\u00fc\u015ft\u00fcren hayvanlar\u0131n d\u00fcnyas\u0131ndan reng\u00e2renk manzaralar sunan bu curcunas\u0131 bol kitap, ahenkli dilini melodik bir anlat\u0131yla b\u00fct\u00fcnl\u00fcyor. T\u00fcrl\u00fc \u00e7e\u015fit becerikli hayvanla dolu ne\u015feli bir ormanda,Ay\u0131, bah\u00e7eye \u00e7i\u00e7ek ekmeye; maymun, davul \u00e7almaya bay\u0131l\u0131yor. Bayku\u015f deseniz, bir kitap kurdu olarak bilgelere \u015fapka \u00e7\u0131kar\u0131yor. Kaykay\u0131yla ortal\u0131\u011f\u0131n tozunu att\u0131ran kaplumba\u011fan\u0131n ise havas\u0131ndan hi\u00e7 ge\u00e7ilmiyor. Peki, ya hortum burnuyla bir oraya bir buraya ko\u015fturan heybetli fil hangi yetene\u011fiyle kendinden bahsettiriyor? H\u0131mmm, acaba b\u00fclb\u00fcl sesiyle mi, yoksa y\u00fczme stiliyle mi daha \u00e7ok dikkat \u00e7ekiyor?Neyi en iyi yapabildi\u011fimizi veya yapamad\u0131\u011f\u0131m\u0131z\u0131 anlayabilmek i\u00e7in biraz merak, biraz ilgi, bolca da sab\u0131r ve azim gerekti\u011fini hat\u0131rlatan bu incelikli \u00f6yk\u00fc, zorluklara kar\u015f\u0131 hi\u00e7bir zaman pes etmememiz gerekti\u011finin alt\u0131n\u0131 \u00e7iziyor.Unutmay\u0131n, bir konuda yetene\u011finiz olup olmad\u0131\u011f\u0131n\u0131 hemen anlayamazs\u0131n\u0131z. Deneye deneye yola koyulmal\u0131s\u0131n\u0131z.O h\u00e2lde, file yard\u0131m eli uzatmak i\u00e7in daha ne bekliyorsunuz?<\/p>\n","protected":false},"excerpt":{"rendered":"<p>Filin yetene\u011fi burnundan d\u00fc\u015ferse&#8230;Berna D\u00f6rtp\u0131nar&#8217;\u0131n yaz\u0131p resimledi\u011fi Filin Yetene\u011fi Nerede?, minikleri yeteneklerini ke\u015ffetmek i\u00e7in y\u00fcreklendiren, sevimli bir azim \u00f6yk\u00fcs\u00fc.Okurlar\u0131, hayattaki amac\u0131n\u0131 bulmak i\u00e7in yollara d\u00fc\u015fen kocaman<span class=\"excerpt-hellip\"> [\u2026]<\/span><\/p>\n","protected":false},"featured_media":0,"template":"","meta":{"_monsterinsights_skip_tracking":false,"_monsterinsights_sitenote_active":false,"_monsterinsights_sitenote_note":"","_monsterinsights_sitenote_category":0},"product_brand":[],"product_cat":[12274,12284],"product_tag":[],"class_list":{"0":"post-775055","1":"product","2":"type-product","3":"status-publish","5":"product_cat-cocuk-ve-genclik-kitaplari","6":"product_cat-hikayeler","7":"pa_cilt-ciltsiz","8":"pa_tur-kitap","9":"pa_yayinevi-ucanbalik-yayincilik","10":"pa_yazar-berna-dortpinar","12":"first","13":"instock","14":"sale","15":"shipping-taxable","16":"purchasable","17":"product-type-simple"},"_links":{"self":[{"href":"https:\/\/roveyayinevi.com.tr\/index.php\/wp-json\/wp\/v2\/product\/775055","targetHints":{"allow":["GET"]}}],"collection":[{"href":"https:\/\/roveyayinevi.com.tr\/index.php\/wp-json\/wp\/v2\/product"}],"about":[{"href":"https:\/\/roveyayinevi.com.tr\/index.php\/wp-json\/wp\/v2\/types\/product"}],"wp:attachment":[{"href":"https:\/\/roveyayinevi.com.tr\/index.php\/wp-json\/wp\/v2\/media?parent=775055"}],"wp:term":[{"taxonomy":"product_brand","embeddable":true,"href":"https:\/\/roveyayinevi.com.tr\/index.php\/wp-json\/wp\/v2\/product_brand?post=775055"},{"taxonomy":"product_cat","embeddable":true,"href":"https:\/\/roveyayinevi.com.tr\/index.php\/wp-json\/wp\/v2\/product_cat?post=775055"},{"taxonomy":"product_tag","embeddable":true,"href":"https:\/\/roveyayinevi.com.tr\/index.php\/wp-json\/wp\/v2\/product_tag?post=775055"}],"curies":[{"name":"wp","href":"https:\/\/api.w.org\/{rel}","templated":true}]}}