{"id":775050,"date":"2025-09-09T16:01:13","date_gmt":"2025-09-09T13:01:13","guid":{"rendered":"https:\/\/roveyayinevi.com.tr\/index.php\/urun\/uyuyan-ve-ig\/"},"modified":"2026-04-16T03:05:28","modified_gmt":"2026-04-16T00:05:28","slug":"uyuyan-ve-ig","status":"publish","type":"product","link":"https:\/\/roveyayinevi.com.tr\/index.php\/urun\/uyuyan-ve-ig\/","title":{"rendered":"Uyuyan ve \u0130\u011f"},"content":{"rendered":"<p>Bu hik\u00e2yeyi bildi\u011finizi d\u00fc\u015f\u00fcn\u00fcyor olabilirsiniz. Gen\u00e7 bir krali\u00e7e var, evlenmek \u00fczere. \u0130yi kalpli, cesur, g\u00fc\u00e7l\u00fc kuvvetli c\u00fcceler, dikenlere g\u00f6m\u00fcl\u00fc bir \u015fato, bir de prenses var. Prenses bir cad\u0131 taraf\u0131ndan lanetlenmi\u015f, rivayet o ki sonsuza dek uyuyacak.   Ama bu hik\u00e2yede sad\u0131k at\u0131n\u0131n \u00fcst\u00fcnde d\u00f6rtnala gelecek asil bir prens ummas\u0131n kimse. Beklenmedik yollara sapan, parlay\u0131p \u0131\u015f\u0131ldayan kara b\u00fcy\u00fc ipliklerinden \u00f6r\u00fclm\u00fc\u015f bir masal bu. Ve bir prensesin kurtar\u0131lmas\u0131 gerekiyorsa, kahraman bir krali\u00e7e de olabilir.   Chris Riddell\u2019\u0131n resimlendirdi\u011fi bu \u00f6yk\u00fcde Neil Gaiman, Pamuk Prenses ve Uyuyan G\u00fczel masallar\u0131na yepyeni bir bak\u0131\u015f a\u00e7\u0131s\u0131 getiriyor.   Locus En \u0130yi Uzun \u00d6yk\u00fc Kazanan\u0131   Kate Greenaway Medal Kazanan\u0131 <\/p>\n","protected":false},"excerpt":{"rendered":"<p>Bu hik\u00e2yeyi bildi\u011finizi d\u00fc\u015f\u00fcn\u00fcyor olabilirsiniz. Gen\u00e7 bir krali\u00e7e var, evlenmek \u00fczere. \u0130yi kalpli, cesur, g\u00fc\u00e7l\u00fc kuvvetli c\u00fcceler, dikenlere g\u00f6m\u00fcl\u00fc bir \u015fato, bir de prenses var. Prenses<span class=\"excerpt-hellip\"> [\u2026]<\/span><\/p>\n","protected":false},"featured_media":0,"template":"","meta":{"_monsterinsights_skip_tracking":false,"_monsterinsights_sitenote_active":false,"_monsterinsights_sitenote_note":"","_monsterinsights_sitenote_category":0},"product_brand":[],"product_cat":[12291,14777],"product_tag":[],"class_list":{"0":"post-775050","1":"product","2":"type-product","3":"status-publish","5":"product_cat-edebiyat","6":"product_cat-fantastik","7":"pa_cilt-ciltsiz","8":"pa_tur-kitap","9":"pa_yayinevi-ithaki-yayinlari","10":"pa_yazar-neil-gaiman","12":"first","13":"instock","14":"sale","15":"shipping-taxable","16":"purchasable","17":"product-type-simple"},"_links":{"self":[{"href":"https:\/\/roveyayinevi.com.tr\/index.php\/wp-json\/wp\/v2\/product\/775050","targetHints":{"allow":["GET"]}}],"collection":[{"href":"https:\/\/roveyayinevi.com.tr\/index.php\/wp-json\/wp\/v2\/product"}],"about":[{"href":"https:\/\/roveyayinevi.com.tr\/index.php\/wp-json\/wp\/v2\/types\/product"}],"wp:attachment":[{"href":"https:\/\/roveyayinevi.com.tr\/index.php\/wp-json\/wp\/v2\/media?parent=775050"}],"wp:term":[{"taxonomy":"product_brand","embeddable":true,"href":"https:\/\/roveyayinevi.com.tr\/index.php\/wp-json\/wp\/v2\/product_brand?post=775050"},{"taxonomy":"product_cat","embeddable":true,"href":"https:\/\/roveyayinevi.com.tr\/index.php\/wp-json\/wp\/v2\/product_cat?post=775050"},{"taxonomy":"product_tag","embeddable":true,"href":"https:\/\/roveyayinevi.com.tr\/index.php\/wp-json\/wp\/v2\/product_tag?post=775050"}],"curies":[{"name":"wp","href":"https:\/\/api.w.org\/{rel}","templated":true}]}}