{"id":775048,"date":"2025-09-09T15:54:59","date_gmt":"2025-09-09T12:54:59","guid":{"rendered":"https:\/\/roveyayinevi.com.tr\/index.php\/urun\/gecmisin-izleri\/"},"modified":"2026-04-16T03:04:05","modified_gmt":"2026-04-16T00:04:05","slug":"gecmisin-izleri","status":"publish","type":"product","link":"https:\/\/roveyayinevi.com.tr\/index.php\/urun\/gecmisin-izleri\/","title":{"rendered":"Ge\u00e7mi\u015fin \u0130zleri"},"content":{"rendered":"<p>Altm\u0131s\u0327l\u0131 ve yetmis\u0327li y\u0131llar Tu\u0308rkiye tarihinin canl\u0131 oldug\u0306u kadar c\u0327alkant\u0131l\u0131, deg\u0306is\u0327ken oldug\u0306u kadar da ac\u0131 tatl\u0131 bir dolu an\u0131yla hat\u0131rlanan, o\u0308zel bir do\u0308nemi. Peki bu do\u0308nemi farkl\u0131 k\u0131lan neydi? I\u0307nsanlarda nas\u0131l bir iz b\u0131rakt\u0131 ve neler hat\u0131rlan\u0131yor?O\u0308zge O\u0308zdemir Gec\u0327mis\u0327in I\u0307zleri\u2019nde kapsay\u0131c\u0131, o\u0308zgu\u0308n bir anlat\u0131 kuruyor. Do\u0308nemin tan\u0131klar\u0131n\u0131n go\u0308zu\u0308nden hayat\u0131n ritmini paylas\u0327\u0131yor. Burada mini etekler, I\u0307spanyol pac\u0327alar, gu\u0308r b\u0131y\u0131klar ve kulaklara dolan tu\u0308rlu\u0308 mu\u0308zikler de var, Yass\u0131ada yarg\u0131lamalar\u0131, sokak c\u0327at\u0131s\u0327malar\u0131 ve kavgal\u0131 y\u0131llar\u0131n okul an\u0131lar\u0131 da&#8230; Sag\u0306c\u0131lar ve solcular da var, siyaseti hic\u0327 hayat\u0131na sokmam\u0131s\u0327 olanlar da&#8230; Kad\u0131nlar da var, erkekler de&#8230;Gec\u0327mis\u0327in I\u0307zleri sadece nostaljik bir bellek anlat\u0131s\u0131 olman\u0131n o\u0308tesine gec\u0327en, altm\u0131s\u0327lar\u0131 ve yetmis\u0327leri ku\u0308ltu\u0308ru\u0308n, siyasetin, sosyal yas\u0327am\u0131n birc\u0327ok alan\u0131n\u0131 kus\u0327atarak anlatan o\u0308zgu\u0308n bir c\u0327al\u0131s\u0327ma olarak o\u0308ne c\u0327\u0131k\u0131yor. \u201cTu\u0308rkiye\u2019nin altm\u0131s\u0327l\u0131 y\u0131llar\u0131 ile bu y\u0131llar\u0131n ru\u0308zga\u0302r\u0131yla alev alan yetmis\u0327lerinin, o\u0308nceki ve sonraki y\u0131llarla k\u0131yasland\u0131g\u0306\u0131nda o\u0308nemli bir deg\u0306is\u0327im an\u0131na kars\u0327\u0131l\u0131k geldig\u0306ini so\u0308yleyebiliriz. Bu yirmi y\u0131ll\u0131k do\u0308nem, kerameti kendinden menkul bir deg\u0306is\u0327im olman\u0131n o\u0308tesinde siyasal, toplumsal ve ku\u0308ltu\u0308rel alanlar\u0131n hepsinde birden Tu\u0308rkiye\u2019nin bugu\u0308nu\u0308nu\u0308 kuran gelis\u0327melerin zamansal sahas\u0131yd\u0131.\u201d <\/p>\n","protected":false},"excerpt":{"rendered":"<p>Altm\u0131s\u0327l\u0131 ve yetmis\u0327li y\u0131llar Tu\u0308rkiye tarihinin canl\u0131 oldug\u0306u kadar c\u0327alkant\u0131l\u0131, deg\u0306is\u0327ken oldug\u0306u kadar da ac\u0131 tatl\u0131 bir dolu an\u0131yla hat\u0131rlanan, o\u0308zel bir do\u0308nemi. Peki bu do\u0308nemi<span class=\"excerpt-hellip\"> [\u2026]<\/span><\/p>\n","protected":false},"featured_media":0,"template":"","meta":{"_monsterinsights_skip_tracking":false,"_monsterinsights_sitenote_active":false,"_monsterinsights_sitenote_note":"","_monsterinsights_sitenote_category":0},"product_brand":[],"product_cat":[12370,12304],"product_tag":[],"class_list":{"0":"post-775048","1":"product","2":"type-product","3":"status-publish","5":"product_cat-arastirma-inceleme","6":"product_cat-tarih","7":"pa_cilt-ciltsiz","8":"pa_tur-kitap","9":"pa_yayinevi-iletisim-yayinlari","10":"pa_yazar-ozge-ozdemir","12":"first","13":"instock","14":"sale","15":"shipping-taxable","16":"purchasable","17":"product-type-simple"},"_links":{"self":[{"href":"https:\/\/roveyayinevi.com.tr\/index.php\/wp-json\/wp\/v2\/product\/775048","targetHints":{"allow":["GET"]}}],"collection":[{"href":"https:\/\/roveyayinevi.com.tr\/index.php\/wp-json\/wp\/v2\/product"}],"about":[{"href":"https:\/\/roveyayinevi.com.tr\/index.php\/wp-json\/wp\/v2\/types\/product"}],"wp:attachment":[{"href":"https:\/\/roveyayinevi.com.tr\/index.php\/wp-json\/wp\/v2\/media?parent=775048"}],"wp:term":[{"taxonomy":"product_brand","embeddable":true,"href":"https:\/\/roveyayinevi.com.tr\/index.php\/wp-json\/wp\/v2\/product_brand?post=775048"},{"taxonomy":"product_cat","embeddable":true,"href":"https:\/\/roveyayinevi.com.tr\/index.php\/wp-json\/wp\/v2\/product_cat?post=775048"},{"taxonomy":"product_tag","embeddable":true,"href":"https:\/\/roveyayinevi.com.tr\/index.php\/wp-json\/wp\/v2\/product_tag?post=775048"}],"curies":[{"name":"wp","href":"https:\/\/api.w.org\/{rel}","templated":true}]}}