{"id":775046,"date":"2025-09-09T15:49:53","date_gmt":"2025-09-09T12:49:53","guid":{"rendered":"https:\/\/roveyayinevi.com.tr\/index.php\/urun\/arlo-finch-alevler-vadisi-ciltli\/"},"modified":"2026-04-16T03:03:36","modified_gmt":"2026-04-16T00:03:36","slug":"arlo-finch-alevler-vadisi-ciltli","status":"publish","type":"product","link":"https:\/\/roveyayinevi.com.tr\/index.php\/urun\/arlo-finch-alevler-vadisi-ciltli\/","title":{"rendered":"Arlo Finch: Alevler Vadisi (Ciltli)"},"content":{"rendered":"<p>SADIK, CESUR, K\u0130BAR VE DO\u011eRU&#8230; ESK\u0130LER\u0130N VE YEN\u0130LER\u0130N KORUYUCUSU&#8230; YABANILLARI G\u00d6ZET\u0130R, G\u00dc\u00c7S\u00dcZLER\u0130 KORURUM, YOLUMU \u00c7\u0130ZER, ERDEM PE\u015e\u0130NDEN G\u0130DER\u0130M. ORMAN RUHLARI DUY BEN\u0130 \u015e\u0130MD\u0130 \u0130ZC\u0130 YEM\u0130N\u0130\u2019M\u0130 EDERKEN.     On iki ya\u015f\u0131ndaki Arlo Finch, izci olman\u0131n kamp yapmak ve d\u00fc\u011f\u00fcm atmak gibi vah\u015fi do\u011fada hayatta kalma becerilerini \u00f6\u011frenmek anlam\u0131na geldi\u011fini d\u00fc\u015f\u00fcnmektedir. Ancak Colorado\u2019nun k\u00fc\u00e7\u00fck kasabas\u0131 \u00c7am Da\u011f\u0131\u2019na vard\u0131\u011f\u0131nda k\u0131sa zaman i\u00e7inde \u00e7ok daha fazlas\u0131 oldu\u011fu ger\u00e7e\u011fiyle y\u00fcz y\u00fcze gelir. Arkada\u015flar\u0131 ona gizemli G\u00fcr Ormanlar\u2019dan s\u0131zan vah\u015fi b\u00fcy\u00fcy\u00fc nas\u0131l kullanaca\u011f\u0131n\u0131 \u00f6\u011fretecektir. \u00d6ncelikle parmak \u0131\u015f\u0131\u011f\u0131, el g\u00fcrlemesi ve do\u011fa\u00fcst\u00fc yarat\u0131klar\u0131 tan\u0131ma da dahil temel konularda uzman olmas\u0131 gerekmektedir. Ancak Arlo s\u0131radan bir izci olmamas\u0131n\u0131n yan\u0131nda, s\u0131radan bir zamanda da ya\u015famamaktad\u0131r. Karanl\u0131k ve kadim bir g\u00fc\u00e7, ger\u00e7ek d\u00fcnyaya\u2026 bizim d\u00fcnyam\u0131za tehditler g\u00f6ndermektedir ve bir sebeple hedefinde Arlo vard\u0131r. Kahraman\u0131m\u0131z tehlikeli maceralar ve \u00e7eki\u015fmeli yar\u0131\u015flar yoluyla benzersiz kaderini fark eder ancak kar\u015f\u0131la\u015ft\u0131\u011f\u0131 engeller, \u0130zci Yemini\u2019nin temellerini test edecektir: sadakat, cesaret, nezaket ve do\u011fruluk.     Arlo etraf\u0131na bak\u0131n\u0131rken odas\u0131n\u0131n duvarlar\u0131 kaybolmaya ba\u015flad\u0131 ve yerini mehtapl\u0131 bir orman ald\u0131. Geriye kalan tek \u015fey yata\u011f\u0131 ve k\u0131z\u0131 g\u00f6rd\u00fc\u011f\u00fc pencereydi. K\u0131z\u0131n taraf\u0131ndaki d\u00fcnya, sanki sonbaharda d\u00fc\u015fen yapraklarla yap\u0131lm\u0131\u015f bir saray gibi g\u00fcm\u00fc\u015f, k\u0131rm\u0131z\u0131 ve alt\u0131n renkleriyle \u0131\u015f\u0131l \u0131\u015f\u0131l parl\u0131yordu.   K\u0131z tela\u015fla f\u0131s\u0131ldad\u0131:  \u201cBen seni g\u00f6rebiliyorsam onlar da g\u00f6rebilir. Tehlikedesin. Dikkatli ol, Arlo Finch.\u201d     \u201cB\u00fcy\u00fc ve merak uyand\u0131r\u0131c\u0131 unsurlarla dolu etkileyici bir macera.John August usta bir hik\u00e2ye anlat\u0131c\u0131s\u0131.\u201d  \u2014 RANSOM RIGGS, Bayan Peregrine\u2019in Tuhaf \u00c7ocuklar\u0131 adl\u0131 \u00e7oksatan roman\u0131n yazar\u0131   \u201cH\u0131zl\u0131, e\u011flenceli ve korkusuzca ilerleyen bir hik\u00e2ye. Arlo\u2019nun maceralar\u0131 tamamen ger\u00e7ekmi\u015f gibi hissettirirken ayn\u0131 zamanda b\u00fcy\u00fcleyici geliyor. Bay\u0131ld\u0131m!\u201d  \u2014 ALLY CONDIE, E\u015fle\u015fme ve Summerlost adl\u0131 \u00e7oksatan romanlar\u0131n yazar\u0131   \u201cGizem ve maceran\u0131n do\u011fa\u00fcst\u00fc bir ke\u015fifle ustaca birle\u015fimi.\u201d  \u2014 GEOFF RODKEY, Tapper Twins serisinin yazar\u0131 <\/p>\n","protected":false},"excerpt":{"rendered":"<p>SADIK, CESUR, K\u0130BAR VE DO\u011eRU&#8230; ESK\u0130LER\u0130N VE YEN\u0130LER\u0130N KORUYUCUSU&#8230; YABANILLARI G\u00d6ZET\u0130R, G\u00dc\u00c7S\u00dcZLER\u0130 KORURUM, YOLUMU \u00c7\u0130ZER, ERDEM PE\u015e\u0130NDEN G\u0130DER\u0130M. ORMAN RUHLARI DUY BEN\u0130 \u015e\u0130MD\u0130 \u0130ZC\u0130 YEM\u0130N\u0130\u2019M\u0130 EDERKEN.<span class=\"excerpt-hellip\"> [\u2026]<\/span><\/p>\n","protected":false},"featured_media":0,"template":"","meta":{"_monsterinsights_skip_tracking":false,"_monsterinsights_sitenote_active":false,"_monsterinsights_sitenote_note":"","_monsterinsights_sitenote_category":0},"product_brand":[],"product_cat":[12291,14777],"product_tag":[],"class_list":{"0":"post-775046","1":"product","2":"type-product","3":"status-publish","5":"product_cat-edebiyat","6":"product_cat-fantastik","7":"pa_cilt-ciltli","8":"pa_tur-kitap","9":"pa_yayinevi-indigo-kitap","10":"pa_yazar-john-august","12":"first","13":"instock","14":"sale","15":"shipping-taxable","16":"purchasable","17":"product-type-simple"},"_links":{"self":[{"href":"https:\/\/roveyayinevi.com.tr\/index.php\/wp-json\/wp\/v2\/product\/775046","targetHints":{"allow":["GET"]}}],"collection":[{"href":"https:\/\/roveyayinevi.com.tr\/index.php\/wp-json\/wp\/v2\/product"}],"about":[{"href":"https:\/\/roveyayinevi.com.tr\/index.php\/wp-json\/wp\/v2\/types\/product"}],"wp:attachment":[{"href":"https:\/\/roveyayinevi.com.tr\/index.php\/wp-json\/wp\/v2\/media?parent=775046"}],"wp:term":[{"taxonomy":"product_brand","embeddable":true,"href":"https:\/\/roveyayinevi.com.tr\/index.php\/wp-json\/wp\/v2\/product_brand?post=775046"},{"taxonomy":"product_cat","embeddable":true,"href":"https:\/\/roveyayinevi.com.tr\/index.php\/wp-json\/wp\/v2\/product_cat?post=775046"},{"taxonomy":"product_tag","embeddable":true,"href":"https:\/\/roveyayinevi.com.tr\/index.php\/wp-json\/wp\/v2\/product_tag?post=775046"}],"curies":[{"name":"wp","href":"https:\/\/api.w.org\/{rel}","templated":true}]}}