{"id":775045,"date":"2025-09-09T15:48:49","date_gmt":"2025-09-09T12:48:49","guid":{"rendered":"https:\/\/roveyayinevi.com.tr\/index.php\/urun\/daginik-zihinler\/"},"modified":"2026-04-16T03:03:32","modified_gmt":"2026-04-16T00:03:32","slug":"daginik-zihinler","status":"publish","type":"product","link":"https:\/\/roveyayinevi.com.tr\/index.php\/urun\/daginik-zihinler\/","title":{"rendered":"Da\u011f\u0131n\u0131k Zihinler"},"content":{"rendered":"<p>\u00c7ocuklar\u0131m\u0131z\u0131 sevgi dolu bir g\u00fcven ortam\u0131nda yeti\u015ftirmek i\u00e7in elimizden geleni yapan ebeveynler olarak halihaz\u0131rda hissetti\u011fimizden daha su\u00e7lu hissetmemizin hi\u00e7 l\u00fczumu yok. \u0130htiyac\u0131m\u0131z olan \u015fey daha az su\u00e7luluk. Bir de ebeveyn\u00e7ocuk ili\u015fkisindeki kalitenin \u00e7ocuklar\u0131m\u0131z\u0131n geli\u015fimi i\u00e7in nas\u0131l kullan\u0131labilece\u011fine dair fark\u0131ndal\u0131\u011f\u0131m\u0131z\u0131n artmas\u0131. Da\u011f\u0131n\u0131k Zihinler bu t\u00fcr bir fark\u0131ndal\u0131\u011f\u0131 cesaretlendirmek i\u00e7in yaz\u0131ld\u0131. Modern psikoterapi deyince d\u00fcnyada akla gelen ilk isimlerden biri olan Gabor Mat\u00e9, bu defa dikkat eksikli\u011fi bozuklu\u011funu (DEB) oda\u011f\u0131na al\u0131yor. Kendisi de dikkat eksikli\u011fi bozuklu\u011fu te\u015fhisi konmu\u015f biri olarak bu konuyu \u00e7evreleyen mitin do\u011frular\u0131n\u0131 ve yanl\u0131\u015flar\u0131n\u0131 ortaya koyuyor. \u00c7ocuk geli\u015fiminde ili\u015fki ve g\u00fcven temelli bir yakla\u015f\u0131m\u0131n inceliklerini anlatarak sadece DEB\u2019li \u00e7ocu\u011fu olan ebeveynlerin ve DEB\u2019li yeti\u015fkinlerin de\u011fil, her ebeveynin faydalanaca\u011f\u0131 bir rehber sunuyor.<\/p>\n","protected":false},"excerpt":{"rendered":"<p>\u00c7ocuklar\u0131m\u0131z\u0131 sevgi dolu bir g\u00fcven ortam\u0131nda yeti\u015ftirmek i\u00e7in elimizden geleni yapan ebeveynler olarak halihaz\u0131rda hissetti\u011fimizden daha su\u00e7lu hissetmemizin hi\u00e7 l\u00fczumu yok. \u0130htiyac\u0131m\u0131z olan \u015fey daha az<span class=\"excerpt-hellip\"> [\u2026]<\/span><\/p>\n","protected":false},"featured_media":0,"template":"","meta":{"_monsterinsights_skip_tracking":false,"_monsterinsights_sitenote_active":false,"_monsterinsights_sitenote_note":"","_monsterinsights_sitenote_category":0},"product_brand":[],"product_cat":[12274],"product_tag":[],"class_list":{"0":"post-775045","1":"product","2":"type-product","3":"status-publish","5":"product_cat-cocuk-ve-genclik-kitaplari","6":"pa_cilt-ciltsiz","7":"pa_tur-kitap","8":"pa_yayinevi-hep-kitap","9":"pa_yazar-gabor-mate","11":"first","12":"instock","13":"sale","14":"shipping-taxable","15":"purchasable","16":"product-type-simple"},"_links":{"self":[{"href":"https:\/\/roveyayinevi.com.tr\/index.php\/wp-json\/wp\/v2\/product\/775045","targetHints":{"allow":["GET"]}}],"collection":[{"href":"https:\/\/roveyayinevi.com.tr\/index.php\/wp-json\/wp\/v2\/product"}],"about":[{"href":"https:\/\/roveyayinevi.com.tr\/index.php\/wp-json\/wp\/v2\/types\/product"}],"wp:attachment":[{"href":"https:\/\/roveyayinevi.com.tr\/index.php\/wp-json\/wp\/v2\/media?parent=775045"}],"wp:term":[{"taxonomy":"product_brand","embeddable":true,"href":"https:\/\/roveyayinevi.com.tr\/index.php\/wp-json\/wp\/v2\/product_brand?post=775045"},{"taxonomy":"product_cat","embeddable":true,"href":"https:\/\/roveyayinevi.com.tr\/index.php\/wp-json\/wp\/v2\/product_cat?post=775045"},{"taxonomy":"product_tag","embeddable":true,"href":"https:\/\/roveyayinevi.com.tr\/index.php\/wp-json\/wp\/v2\/product_tag?post=775045"}],"curies":[{"name":"wp","href":"https:\/\/api.w.org\/{rel}","templated":true}]}}