{"id":775044,"date":"2025-09-09T15:47:46","date_gmt":"2025-09-09T12:47:46","guid":{"rendered":"https:\/\/roveyayinevi.com.tr\/index.php\/urun\/narnia-gunlukleri-7-son-savas\/"},"modified":"2026-04-16T03:03:13","modified_gmt":"2026-04-16T00:03:13","slug":"narnia-gunlukleri-7-son-savas","status":"publish","type":"product","link":"https:\/\/roveyayinevi.com.tr\/index.php\/urun\/narnia-gunlukleri-7-son-savas\/","title":{"rendered":"Narnia G\u00fcnl\u00fckleri 7 &#8211; Son Sava\u015f"},"content":{"rendered":"<p>B\u00dcT\u00dcN SAVA\u015eLARIN EN B\u00dcY\u00dc\u011e\u00dc Yalanlardan korkular\u0131n do\u011fdu\u011fu, sadakatin t\u00fckendi\u011fi Narnia Narnia, tarihindeki en zor m\u00fccadeleyle kar\u015f\u0131 kar\u015f\u0131yad\u0131r. Ancak bu sefer tehlike d\u0131\u015far\u0131dan de\u011fil, Narnia\u2019n\u0131n i\u00e7inden gelir. Bu durumu d\u00fczeltecek olanlar ise Kral ve ona ba\u011fl\u0131l\u0131klar\u0131n\u0131 koruyan birka\u00e7 dostudur. Tabii e\u011fer ba\u015farabilirlerse\u2026   <\/p>\n","protected":false},"excerpt":{"rendered":"<p>B\u00dcT\u00dcN SAVA\u015eLARIN EN B\u00dcY\u00dc\u011e\u00dc Yalanlardan korkular\u0131n do\u011fdu\u011fu, sadakatin t\u00fckendi\u011fi Narnia Narnia, tarihindeki en zor m\u00fccadeleyle kar\u015f\u0131 kar\u015f\u0131yad\u0131r. Ancak bu sefer tehlike d\u0131\u015far\u0131dan de\u011fil, Narnia\u2019n\u0131n i\u00e7inden gelir.<span class=\"excerpt-hellip\"> [\u2026]<\/span><\/p>\n","protected":false},"featured_media":0,"template":"","meta":{"_monsterinsights_skip_tracking":false,"_monsterinsights_sitenote_active":false,"_monsterinsights_sitenote_note":"","_monsterinsights_sitenote_category":0},"product_brand":[],"product_cat":[12689,12274],"product_tag":[],"class_list":{"0":"post-775044","1":"product","2":"type-product","3":"status-publish","5":"product_cat-cizgi-roman-cocuk-ve-genclik-kitaplari","6":"product_cat-cocuk-ve-genclik-kitaplari","7":"pa_cilt-ciltsiz","8":"pa_tur-kitap","9":"pa_yayinevi-dogan-cocuk","10":"pa_yazar-c-s-lewis","12":"first","13":"instock","14":"sale","15":"shipping-taxable","16":"purchasable","17":"product-type-simple"},"_links":{"self":[{"href":"https:\/\/roveyayinevi.com.tr\/index.php\/wp-json\/wp\/v2\/product\/775044","targetHints":{"allow":["GET"]}}],"collection":[{"href":"https:\/\/roveyayinevi.com.tr\/index.php\/wp-json\/wp\/v2\/product"}],"about":[{"href":"https:\/\/roveyayinevi.com.tr\/index.php\/wp-json\/wp\/v2\/types\/product"}],"wp:attachment":[{"href":"https:\/\/roveyayinevi.com.tr\/index.php\/wp-json\/wp\/v2\/media?parent=775044"}],"wp:term":[{"taxonomy":"product_brand","embeddable":true,"href":"https:\/\/roveyayinevi.com.tr\/index.php\/wp-json\/wp\/v2\/product_brand?post=775044"},{"taxonomy":"product_cat","embeddable":true,"href":"https:\/\/roveyayinevi.com.tr\/index.php\/wp-json\/wp\/v2\/product_cat?post=775044"},{"taxonomy":"product_tag","embeddable":true,"href":"https:\/\/roveyayinevi.com.tr\/index.php\/wp-json\/wp\/v2\/product_tag?post=775044"}],"curies":[{"name":"wp","href":"https:\/\/api.w.org\/{rel}","templated":true}]}}