{"id":775042,"date":"2025-09-09T15:46:19","date_gmt":"2025-09-09T12:46:19","guid":{"rendered":"https:\/\/roveyayinevi.com.tr\/index.php\/urun\/499-yasindaki-cocuk\/"},"modified":"2025-12-30T11:07:48","modified_gmt":"2025-12-30T08:07:48","slug":"499-yasindaki-cocuk","status":"publish","type":"product","link":"https:\/\/roveyayinevi.com.tr\/index.php\/urun\/499-yasindaki-cocuk\/","title":{"rendered":"499 Ya\u015f\u0131ndaki \u00c7ocuk"},"content":{"rendered":"<p>499 Ya\u015f\u0131ndaki \u00c7ocuk\u2019la modern bir K\u00fc\u00e7\u00fck Prens yaratan \u0130svi\u00e7reli yazar Charles Lewinsky, kabullendi\u011fimiz do\u011frular\u0131 sorgulatan, kan\u0131ksad\u0131\u011f\u0131m\u0131z kurallara farkl\u0131 g\u00f6zle bakmam\u0131z\u0131 sa\u011flayan ve ba\u015fka bir ya\u015fam\u0131n m\u00fcmk\u00fcn oldu\u011funu g\u00f6steren mizahi bir hik\u00e2ye anlat\u0131yor bizlere Kur\u015fun kalemlerin tepesini \u00e7i\u011fnerken nelere dikkat etmeniz gerekti\u011finin fark\u0131nda m\u0131s\u0131n\u0131z? Bunu bilmiyorsan\u0131z \u015fiir okuyan kau\u00e7uk \u00e7i\u00e7eklerini de dinlememi\u015fsinizdir elbette. \u00d6ks\u00fcren a\u011fa\u00e7lar\u0131 mutlu etmenin yollar\u0131, bazen kaybetmenin kazanmaktan daha e\u011flenceli oldu\u011fu, hatta hayvanat bah\u00e7esinden boa y\u0131lanlar\u0131n\u0131n \u00e7ilekli marmelat hakk\u0131ndaki d\u00fc\u015f\u00fcnceleri de yabanc\u0131d\u0131r size. Peki tehlikenin fark\u0131nda m\u0131s\u0131n\u0131z? Tedavisi olmayan bir YET\u0130\u015eK\u0130NL\u0130K hastal\u0131\u011f\u0131na yakalanm\u0131\u015f olabilirsiniz.<\/p>\n","protected":false},"excerpt":{"rendered":"<p>499 Ya\u015f\u0131ndaki \u00c7ocuk\u2019la modern bir K\u00fc\u00e7\u00fck Prens yaratan \u0130svi\u00e7reli yazar Charles Lewinsky, kabullendi\u011fimiz do\u011frular\u0131 sorgulatan, kan\u0131ksad\u0131\u011f\u0131m\u0131z kurallara farkl\u0131 g\u00f6zle bakmam\u0131z\u0131 sa\u011flayan ve ba\u015fka bir ya\u015fam\u0131n m\u00fcmk\u00fcn<span class=\"excerpt-hellip\"> [\u2026]<\/span><\/p>\n","protected":false},"featured_media":0,"template":"","meta":{"_monsterinsights_skip_tracking":false,"_monsterinsights_sitenote_active":false,"_monsterinsights_sitenote_note":"","_monsterinsights_sitenote_category":0},"product_brand":[],"product_cat":[12416,12291],"product_tag":[],"class_list":{"0":"post-775042","1":"product","2":"type-product","3":"status-publish","5":"product_cat-cizgi-roman","6":"product_cat-edebiyat","7":"pa_cilt-ciltsiz","8":"pa_tur-kitap","9":"pa_yayinevi-uyurgezer-kitap","10":"pa_yazar-charles-lewinsky","12":"first","13":"instock","14":"sale","15":"shipping-taxable","16":"purchasable","17":"product-type-simple"},"_links":{"self":[{"href":"https:\/\/roveyayinevi.com.tr\/index.php\/wp-json\/wp\/v2\/product\/775042","targetHints":{"allow":["GET"]}}],"collection":[{"href":"https:\/\/roveyayinevi.com.tr\/index.php\/wp-json\/wp\/v2\/product"}],"about":[{"href":"https:\/\/roveyayinevi.com.tr\/index.php\/wp-json\/wp\/v2\/types\/product"}],"wp:attachment":[{"href":"https:\/\/roveyayinevi.com.tr\/index.php\/wp-json\/wp\/v2\/media?parent=775042"}],"wp:term":[{"taxonomy":"product_brand","embeddable":true,"href":"https:\/\/roveyayinevi.com.tr\/index.php\/wp-json\/wp\/v2\/product_brand?post=775042"},{"taxonomy":"product_cat","embeddable":true,"href":"https:\/\/roveyayinevi.com.tr\/index.php\/wp-json\/wp\/v2\/product_cat?post=775042"},{"taxonomy":"product_tag","embeddable":true,"href":"https:\/\/roveyayinevi.com.tr\/index.php\/wp-json\/wp\/v2\/product_tag?post=775042"}],"curies":[{"name":"wp","href":"https:\/\/api.w.org\/{rel}","templated":true}]}}