{"id":775038,"date":"2025-09-09T15:40:25","date_gmt":"2025-09-09T12:40:25","guid":{"rendered":"https:\/\/roveyayinevi.com.tr\/index.php\/urun\/crush-of-life-time-hayatimin-aski-2\/"},"modified":"2026-04-16T03:01:40","modified_gmt":"2026-04-16T00:01:40","slug":"crush-of-life-time-hayatimin-aski-2","status":"publish","type":"product","link":"https:\/\/roveyayinevi.com.tr\/index.php\/urun\/crush-of-life-time-hayatimin-aski-2\/","title":{"rendered":"Crush of Life Time Hayat\u0131m\u0131n A\u015fk\u0131 2"},"content":{"rendered":"<p>Yang Hyeji ve Jo Kisung bir okul gezisiyle Jeju Adas\u0131\u2019na gidiyorlar. \u0130ki gencimizin birlikte vakit ge\u00e7irebilmeleri ve duygular\u0131n\u0131 de\u011ferlendirmeleri i\u00e7in bu olduk\u00e7a iyi bir \u015fans. <\/p>\n","protected":false},"excerpt":{"rendered":"<p>Yang Hyeji ve Jo Kisung bir okul gezisiyle Jeju Adas\u0131\u2019na gidiyorlar. \u0130ki gencimizin birlikte vakit ge\u00e7irebilmeleri ve duygular\u0131n\u0131 de\u011ferlendirmeleri i\u00e7in bu olduk\u00e7a iyi bir \u015fans.<\/p>\n","protected":false},"featured_media":0,"template":"","meta":{"_monsterinsights_skip_tracking":false,"_monsterinsights_sitenote_active":false,"_monsterinsights_sitenote_note":"","_monsterinsights_sitenote_category":0},"product_brand":[],"product_cat":[12416,12291],"product_tag":[],"class_list":{"0":"post-775038","1":"product","2":"type-product","3":"status-publish","5":"product_cat-cizgi-roman","6":"product_cat-edebiyat","7":"pa_cilt-ciltsiz","8":"pa_tur-kitap","9":"pa_yayinevi-athica-yayinlari","10":"pa_yazar-jeong-halim","12":"first","13":"instock","14":"sale","15":"shipping-taxable","16":"purchasable","17":"product-type-simple"},"_links":{"self":[{"href":"https:\/\/roveyayinevi.com.tr\/index.php\/wp-json\/wp\/v2\/product\/775038","targetHints":{"allow":["GET"]}}],"collection":[{"href":"https:\/\/roveyayinevi.com.tr\/index.php\/wp-json\/wp\/v2\/product"}],"about":[{"href":"https:\/\/roveyayinevi.com.tr\/index.php\/wp-json\/wp\/v2\/types\/product"}],"wp:attachment":[{"href":"https:\/\/roveyayinevi.com.tr\/index.php\/wp-json\/wp\/v2\/media?parent=775038"}],"wp:term":[{"taxonomy":"product_brand","embeddable":true,"href":"https:\/\/roveyayinevi.com.tr\/index.php\/wp-json\/wp\/v2\/product_brand?post=775038"},{"taxonomy":"product_cat","embeddable":true,"href":"https:\/\/roveyayinevi.com.tr\/index.php\/wp-json\/wp\/v2\/product_cat?post=775038"},{"taxonomy":"product_tag","embeddable":true,"href":"https:\/\/roveyayinevi.com.tr\/index.php\/wp-json\/wp\/v2\/product_tag?post=775038"}],"curies":[{"name":"wp","href":"https:\/\/api.w.org\/{rel}","templated":true}]}}