{"id":775036,"date":"2025-09-09T15:38:29","date_gmt":"2025-09-09T12:38:29","guid":{"rendered":"https:\/\/roveyayinevi.com.tr\/index.php\/urun\/melanie-kleinin-calismasina-giris\/"},"modified":"2025-12-30T11:05:53","modified_gmt":"2025-12-30T08:05:53","slug":"melanie-kleinin-calismasina-giris","status":"publish","type":"product","link":"https:\/\/roveyayinevi.com.tr\/index.php\/urun\/melanie-kleinin-calismasina-giris\/","title":{"rendered":"Melan\u0131e Kle\u0131n\u2019\u0131n \u00c7al\u0131\u015fmas\u0131na Giri\u015f"},"content":{"rendered":"<p>Melanie Klein\u2019\u0131n analizan\u0131 ve takip\u00e7ilerinden \u00f6zg\u00fcn d\u00fc\u015f\u00fcn\u00fcr Hanna Segal\u2019in (1918-2011) kaleme ald\u0131\u011f\u0131 Melanie Klein\u2019\u0131n \u00c7al\u0131\u015fmas\u0131na Giri\u015f, Nesne \u0130li\u015fkileri Kuram\u0131 \u00f6nc\u00fcs\u00fc Melanie Klein\u2019\u0131n (1882-1960) d\u00fc\u015f\u00fcncesini anla\u015f\u0131l\u0131r ve incelikli bir \u015fekilde aktarmay\u0131 ba\u015farabilen, Hanna Segal\u2019in klinik \u00f6rnekleriyle zenginle\u015fen bir ba\u015fucu kitab\u0131. \u00c7ocuk analizi alan\u0131nda \u00e7\u0131\u011f\u0131r a\u00e7\u0131c\u0131 ke\u015fifleri olan ilk kad\u0131n psikanalistlerden Melanie Klein, Freud\u2019un ya\u015fam\u0131n\u0131n son y\u0131llar\u0131nda ortaya att\u0131\u011f\u0131 tart\u0131\u015fmal\u0131 bir kavram olan \u00f6l\u00fcm d\u00fcrt\u00fcs\u00fc kavram\u0131n\u0131 kuram\u0131n\u0131n merkezine yerle\u015ftirir. Ancak Freud\u2019dan farkl\u0131 olarak d\u00fcrt\u00fc doyumundan ziyade nesneye verdi\u011fi \u00f6nemle klasik Freudcu kuram ile Nesne \u0130li\u015fkileri Kuram\u0131 aras\u0131nda k\u00f6pr\u00fc vazifesi g\u00f6ren bir kuram geli\u015ftirir. Oyun tekni\u011fi sayesinde bilin\u00e7d\u0131\u015f\u0131 d\u00fc\u015flemlerin ve simge geli\u015fiminin i\u00e7 d\u00fcnyan\u0131n olu\u015fumundaki \u00f6nemini ke\u015ffeder. \u00dcstbenlik ve Oidipus karma\u015fas\u0131n\u0131n \u00f6nc\u00fcllerini Freud\u2019un tan\u0131mlad\u0131\u011f\u0131ndan daha erken bir d\u00f6neme \u00e7eker. Oidipus \u00f6ncesi d\u00f6nemlere dair g\u00f6zlemleri sayesinde ruhsall\u0131\u011f\u0131n geli\u015fiminde geli\u015fimsel evrelerden ziyade kendine has kayg\u0131lar, bunlara kar\u015f\u0131 kurulan savunmalar ve belirli nesne ili\u015fkileri i\u00e7eren paranoid-\u015fizoid ve depresif konumlar\u0131 tan\u0131mlar. Melanie Klein\u2019\u0131n kuram\u0131na farkl\u0131 seviyelerde ilgi duyan psikanalist ve adaylar\u0131n, ruh sa\u011fl\u0131\u011f\u0131 \u00e7al\u0131\u015fanlar\u0131 ve \u00f6\u011frencilerin Klein\u2019\u0131n \u00f6zg\u00fcn metinlerinden \u00f6nce ya da yan\u0131nda rahatl\u0131kla okuyabilecekleri bu eser, onun t\u00fcm yay\u0131nlar\u0131n\u0131n kronolojik listesinin yan\u0131 s\u0131ra T\u00fcrk\u00e7e yay\u0131nlar\u0131n da bir listesini i\u00e7eriyor. YAZAR HAKKINDA: Hanna Segal, Polonya\u2019da do\u011fdu. Var\u015fova ve Paris\u2019te t\u0131p okuduktan sonra t\u0131p e\u011fitimini 1943\u2019te Edinburgh\u2019da tamamlad\u0131. Melanie Klein\u2019\u0131n analizinden ge\u00e7ti. 1945\u2019te yirmi yedi ya\u015f\u0131nda psikanalist oldu. \u0130lk s\u00fcperviz\u00f6rleri Paula Heimann, Joan Riviere ve John Rickman\u2019d\u0131. Daha sonra \u00e7ocuk analisti unvan\u0131n\u0131 ald\u0131 ve 1951-52\u2019de Britanya Psikanaliz Cemiyeti \u00fcyesi e\u011fitim analisti oldu. Ayr\u0131ca Britanya Psikanaliz Cemiyeti ba\u015fkan\u0131 ve Uluslararas\u0131 Psikanaliz Birli\u011fi ba\u015fkan yard\u0131mc\u0131s\u0131 olarak g\u00f6rev yapt\u0131. Royal College of Psychiatry \u00fcyesi ve Londra\u2019daki University College Freud Memorial K\u00fcrs\u00fcs\u00fc\u2019nde misafir \u00f6\u011fretim \u00fcyesiydi. Yay\u0131nlar\u0131 aras\u0131nda Introduction to the Work of Melanie Klein (1964), Klein (1979), The Work of Hanna Segal: Delusion and Artistic Creativity and other Psycho-analitic Essays (1981), Dream, Phantasy and Art (1991), Psychoanalysis, Literature and War (1997) ve Yesterday, Today and Tomorrow (2007) bulunmaktad\u0131r. 1992 y\u0131l\u0131nda psikanaliz alan\u0131na yapt\u0131\u011f\u0131 katk\u0131lardan \u00f6t\u00fcr\u00fc Mary Sigourney \u00d6d\u00fcl\u00fc\u2019ne lay\u0131k g\u00f6r\u00fclm\u00fc\u015ft\u00fcr. <\/p>\n","protected":false},"excerpt":{"rendered":"<p>Melanie Klein\u2019\u0131n analizan\u0131 ve takip\u00e7ilerinden \u00f6zg\u00fcn d\u00fc\u015f\u00fcn\u00fcr Hanna Segal\u2019in (1918-2011) kaleme ald\u0131\u011f\u0131 Melanie Klein\u2019\u0131n \u00c7al\u0131\u015fmas\u0131na Giri\u015f, Nesne \u0130li\u015fkileri Kuram\u0131 \u00f6nc\u00fcs\u00fc Melanie Klein\u2019\u0131n (1882-1960) d\u00fc\u015f\u00fcncesini anla\u015f\u0131l\u0131r ve<span class=\"excerpt-hellip\"> [\u2026]<\/span><\/p>\n","protected":false},"featured_media":0,"template":"","meta":{"_monsterinsights_skip_tracking":false,"_monsterinsights_sitenote_active":false,"_monsterinsights_sitenote_note":"","_monsterinsights_sitenote_category":0},"product_brand":[],"product_cat":[12358,12357],"product_tag":[],"class_list":{"0":"post-775036","1":"product","2":"type-product","3":"status-publish","5":"product_cat-genel-psikoloji","6":"product_cat-psikoloji","7":"pa_cilt-ciltsiz","8":"pa_tur-kitap","9":"pa_yayinevi-bilgi-universitesi-yayinlari","10":"pa_yazar-hanna-segal","12":"first","13":"instock","14":"sale","15":"shipping-taxable","16":"purchasable","17":"product-type-simple"},"_links":{"self":[{"href":"https:\/\/roveyayinevi.com.tr\/index.php\/wp-json\/wp\/v2\/product\/775036","targetHints":{"allow":["GET"]}}],"collection":[{"href":"https:\/\/roveyayinevi.com.tr\/index.php\/wp-json\/wp\/v2\/product"}],"about":[{"href":"https:\/\/roveyayinevi.com.tr\/index.php\/wp-json\/wp\/v2\/types\/product"}],"wp:attachment":[{"href":"https:\/\/roveyayinevi.com.tr\/index.php\/wp-json\/wp\/v2\/media?parent=775036"}],"wp:term":[{"taxonomy":"product_brand","embeddable":true,"href":"https:\/\/roveyayinevi.com.tr\/index.php\/wp-json\/wp\/v2\/product_brand?post=775036"},{"taxonomy":"product_cat","embeddable":true,"href":"https:\/\/roveyayinevi.com.tr\/index.php\/wp-json\/wp\/v2\/product_cat?post=775036"},{"taxonomy":"product_tag","embeddable":true,"href":"https:\/\/roveyayinevi.com.tr\/index.php\/wp-json\/wp\/v2\/product_tag?post=775036"}],"curies":[{"name":"wp","href":"https:\/\/api.w.org\/{rel}","templated":true}]}}