{"id":775026,"date":"2025-09-09T15:33:17","date_gmt":"2025-09-09T12:33:17","guid":{"rendered":"https:\/\/roveyayinevi.com.tr\/index.php\/urun\/asa-yi-musa-ciltli\/"},"modified":"2026-04-16T03:00:38","modified_gmt":"2026-04-16T00:00:38","slug":"asa-yi-musa-ciltli","status":"publish","type":"product","link":"https:\/\/roveyayinevi.com.tr\/index.php\/urun\/asa-yi-musa-ciltli\/","title":{"rendered":"Asa-y\u0131 Musa (Ciltli)"},"content":{"rendered":"<p>AS\u00c2-YI M\u00dbS\u00c2&#8217;DAN B\u0130R\u0130NC\u0130 KISIM (On Birinci \u015eu\u00e2): Denizli Hapsinin bir nev\u00ee m\u00fcdafaas\u0131 h\u00fckm\u00fcndeki meyvesi olup, ayn\u0131 zamanda iman, ibadet ve tevhide dair \u00f6nemli meseleleri a\u00e7\u0131klar ve ispat eder Meyve Risalesi: On Bir Meseledir Birincisi: Her g\u00fcn 24 saatin bir saatini ahirete sarfetmeye vesile olan namaz ibadetinin \u00f6nemi vurgulan\u0131yor. \u0130kinci Meselenin H\u00fcl\u00e2sas\u0131: \u00d6l\u00fcm\u00fcn kar\u015f\u0131s\u0131nda tak\u0131n\u0131lacak tav\u0131r. \u00dc\u00e7\u00fcnc\u00fc Mesele: Eski\u015fehir hapishanesinin penceresinden lise talebelerinin h\u00e2line a\u011flamas\u0131. D\u00f6rd\u00fcnc\u00fc Mesele: D\u00fcnya sava\u015f\u0131ndan daha \u00f6nemli olan hakikat. Be\u015finci Mesele: Gen\u00e7li\u011fin de\u011ferini bilip ona g\u00f6re davranmak. Alt\u0131nc\u0131 Mesele: \u0130limlerin diliyle Allah&#8217;\u0131 tan\u0131ma Yedinci Mesele: Bize \u00e2hireti anlat diyen mahpuslara bir izah. Sekizinci Meselenin bir H\u00fcl\u00e2sas\u0131: \u00c2hiret inanc\u0131n\u0131n ferd\u00ee ve toplumsal hayata faydalar\u0131. Birincisi: \u0130nsan\u0131n mahiyeti ebediyetle f\u0131traten al\u00e2kadard\u0131r. \u0130kinci meyvesi ve hayat-\u0131 \u015fahsiyeye bakan bir faydas\u0131: \u00c2hirete imanla \u00f6l\u00fcm bir cennet kap\u0131s\u0131na d\u00f6n\u00fc\u015f\u00fcr. Hayat-\u0131 \u015fahsiyeye ait \u00fc\u00e7\u00fcnc\u00fc bir faydas\u0131 D\u00f6rd\u00fcnc\u00fc bir faydas\u0131 ki, insan\u0131n hayat-\u0131 i\u00e7timaiyesine bak\u0131yor Birinci N\u00fckte: Cehennemin varl\u0131\u011f\u0131 hakk\u0131nda bir de\u011ferlendirme. \u0130kinci N\u00fckte: Cehennemin varl\u0131\u011f\u0131n\u0131n ve \u015fiddetli azab\u0131n\u0131n, rahmete ve adalete z\u0131ddiyeti yoktur. Dokuzuncu Mesele: C\u00fcz&#8217;\u00ee bir iman hakikatini ink\u00e2r etmek k\u00fcfr\u00fc gerektirir. \u00c7\u00fcnk\u00fc iman bir b\u00fct\u00fcnd\u00fcr. Birinci Nokta: Cen\u00e2b-\u0131 Hakk\u0131n varl\u0131k delilleri ayn\u0131 zamanda \u00e2hirete i\u015faret ve delildir. \u0130kinci Nokta: B\u00fct\u00fcn peygamberler ve Kur&#8217;\u00e2n&#8217;\u0131n en esasl\u0131 unsuru Allah&#8217;a ve ha\u015fre imand\u0131r. \u00dc\u00e7\u00fcnc\u00fc Nokta: elhamd\u00fc lill\u00e2h&#8217;\u0131n m\u00e2n\u00e2s\u0131n\u0131 ifade eden bir c\u00fcmle&#8230; Onuncu Mesele: Emirda\u011f \u00c7i\u00e7e\u011fi Kur&#8217;\u00e2n&#8217;daki tekrarlara ilgili edilen itirazlara cevap Bu onuncu meseleye bir hatime olarak \u0130ki Ha\u015fiye Birincisi: Kur&#8217;\u00e2n\u0131n hakik\u00ee terc\u00fcmesi m\u00fcmk\u00fcn de\u011fil. H\u00e2timeden ikinci ha\u015fiye: Muhammed&#8217;in (a.s.m.) getirdi\u011fi nur, k\u00e2inat\u0131n, yokluk, vazifesizlik, anlams\u0131zl\u0131k perdesini kald\u0131r\u0131r. H\u00fcsrev&#8217;in \u00dcstad\u0131na yazd\u0131\u011f\u0131 mektup On Birinci Mesele: Meleklere iman r\u00fckn\u00fcn\u00fcn pek \u00e7ok meyvelerinden k\u00fc\u00e7\u00fcc\u00fck bir meyvesine i\u015faret. H\u00e2time: Fel\u00e2k suresinin bir y\u00f6n\u00fcyle izah\u0131. Bir ihtar: Her bir \u00e2yetin \u00e7ok m\u00e2n\u00e2lar\u0131 vard\u0131r. Bu sureye ait bir n\u00fckte-i i&#8217;c\u00e2ziyenin ha\u015fiyesidir On Birinci Meselenin ha\u015fiyesinin bir l\u00e2hikas\u0131d\u0131r. AS\u00c2-YI M\u00dbS\u00c2&#8217;DAN \u0130K\u0130NC\u0130 KISIM H\u00fcccet\u00fc&#8217;l-B\u00e2li\u011fa Risalesi B\u0130R\u0130NC\u0130 H\u00dcCCET-\u0130 \u0130M\u00c2N\u0130YE (\u00c2yet\u00fc&#8217;l-K\u00fcbradan) Birinci Makam\u0131n Birinci Basama\u011f\u0131nda: Sem\u00e2v\u00e2t\u0131n Allah&#8217;\u0131n varl\u0131\u011f\u0131na del\u00e2leti \u0130kinci Mertebesinde: Atmosfer ve i\u00e7indekilerinin Allah&#8217;\u0131n varl\u0131\u011f\u0131na del\u00e2leti \u00dc\u00e7\u00fcnc\u00fc Mertebesinde: Yerk\u00fcresi ve i\u00e7indekilerinin Allah&#8217;\u0131n varl\u0131\u011f\u0131na del\u00e2leti D\u00f6rd\u00fcnc\u00fc Mertebesinde: Deniz ve nehirlerin Allah&#8217;\u0131n varl\u0131\u011f\u0131na del\u00e2leti Be\u015finci Mertebesinde: Da\u011flar\u0131n ve ovalar\u0131n Allah&#8217;\u0131n varl\u0131\u011f\u0131na del\u00e2leti Alt\u0131nc\u0131 Mertebesinde: A\u011fa\u00e7lar\u0131n ve bitkilerin Allah&#8217;\u0131n varl\u0131\u011f\u0131na del\u00e2leti Yedinci Mertebesinde: Hayvanlar\u0131n ve ku\u015flar\u0131n Allah&#8217;\u0131n varl\u0131\u011f\u0131na del\u00e2leti. \u00dc\u00e7 hakikati var Sekizinci Mertebesinde: Peygamberlerin Allah&#8217;\u0131n varl\u0131\u011f\u0131na del\u00e2leti Dokuzuncu Mertebesinde: \u00c2limlerin Allah&#8217;\u0131n varl\u0131\u011f\u0131na del\u00e2leti Onuncu Mertebesinde: Kuds\u00ee m\u00fcr\u015fidlerin Allah&#8217;\u0131n varl\u0131\u011f\u0131na del\u00e2leti On Birinci Mertebesinde: Meleklerin ve ruh\u00ee varl\u0131klar\u0131n Allah&#8217;\u0131n varl\u0131\u011f\u0131na del\u00e2leti On \u00dc\u00e7\u00fcnc\u00fc Mertebesinde: Nurlu ak\u0131llar\u0131n ve selim nur\u00e2ni kalplerin Allah&#8217;\u0131n varl\u0131\u011f\u0131na del\u00e2leti. On D\u00f6rd\u00fcnc\u00fc ve On Be\u015finci Mertebesi: Vahiy hakikati gelecek \u015fu be\u015f hakikati netice veriyor: Cenab-\u0131 Hakk\u0131n be\u015ferin ak\u0131l seviyesine g\u00f6re hitap etmesi. Cenab-\u0131 Hakk\u0131n, y\u00fcce kel\u00e2m\u0131yla Kendi Z\u00e2t\u0131n\u0131 tarif etmesi. \u0130nsanlar\u0131n dualar\u0131na cevap vermesi Onun yarat\u0131c\u0131l\u0131\u011f\u0131n\u0131n \u015fe&#8217;nidir. Kel\u00e2m s\u0131fat\u0131, ilim ve hayat s\u0131fat\u0131n\u0131n ayr\u0131lmaz bir gere\u011fidir. Y\u00fcce kelam\u0131yla insanlar\u0131 uyarmas\u0131 ul\u00fbhiyetinin gere\u011fidir. Ve ilham ile vahyin aras\u0131ndaki fark. Birinci Makam\u0131n On Alt\u0131nc\u0131 Mertebesinde: Fahr-i \u00c2lem olan Muhammed&#8217;in (a.s.m.) Allah&#8217;\u0131n varl\u0131\u011f\u0131na del\u00e2leti On Yedinci Mertebesinde: Kur&#8217;\u00e2n&#8217;\u0131n vech-i i&#8217;c\u00e2z\u0131 ve Allah kel\u00e2m\u0131 oldu\u011funun delilleri. On Sekizinci Mertebesinde: K\u00e2inat\u0131n Allah&#8217;\u0131n varl\u0131\u011f\u0131na del\u00e2leti On Dokuzuncu Mertebesinde: Allah&#8217;\u0131n isim ve s\u0131fatlar\u0131n\u0131n Kendi varl\u0131\u011f\u0131na del\u00e2leti. \u0130K\u0130NC\u0130 H\u00dcCCET-\u0130 \u0130M\u00c2N\u0130YE (Otuz \u0130kinci S\u00f6zden) Cen\u00e2b-\u0131 Hakk\u0131n Vahd\u00e2niyetinin ispat\u0131. Vahdet ve Eh\u00e2diyet-i \u0130l\u00e2hiyeye<\/p>\n","protected":false},"excerpt":{"rendered":"<p>AS\u00c2-YI M\u00dbS\u00c2&#8217;DAN B\u0130R\u0130NC\u0130 KISIM (On Birinci \u015eu\u00e2): Denizli Hapsinin bir nev\u00ee m\u00fcdafaas\u0131 h\u00fckm\u00fcndeki meyvesi olup, ayn\u0131 zamanda iman, ibadet ve tevhide dair \u00f6nemli meseleleri a\u00e7\u0131klar ve<span class=\"excerpt-hellip\"> [\u2026]<\/span><\/p>\n","protected":false},"featured_media":0,"template":"","meta":{"_monsterinsights_skip_tracking":false,"_monsterinsights_sitenote_active":false,"_monsterinsights_sitenote_note":"","_monsterinsights_sitenote_category":0},"product_brand":[],"product_cat":[12718,12719,12720],"product_tag":[],"class_list":{"0":"post-775026","1":"product","2":"type-product","3":"status-publish","5":"product_cat-din","6":"product_cat-islam","7":"product_cat-tasavvuf-mezhepler-tarikatlar","8":"pa_cilt-ciltli","9":"pa_tur-kitap","10":"pa_yayinevi-soz-basim-yayin","11":"pa_yazar-bediuzzaman-said-i-nursi","13":"first","14":"instock","15":"sale","16":"shipping-taxable","17":"purchasable","18":"product-type-simple"},"_links":{"self":[{"href":"https:\/\/roveyayinevi.com.tr\/index.php\/wp-json\/wp\/v2\/product\/775026","targetHints":{"allow":["GET"]}}],"collection":[{"href":"https:\/\/roveyayinevi.com.tr\/index.php\/wp-json\/wp\/v2\/product"}],"about":[{"href":"https:\/\/roveyayinevi.com.tr\/index.php\/wp-json\/wp\/v2\/types\/product"}],"wp:attachment":[{"href":"https:\/\/roveyayinevi.com.tr\/index.php\/wp-json\/wp\/v2\/media?parent=775026"}],"wp:term":[{"taxonomy":"product_brand","embeddable":true,"href":"https:\/\/roveyayinevi.com.tr\/index.php\/wp-json\/wp\/v2\/product_brand?post=775026"},{"taxonomy":"product_cat","embeddable":true,"href":"https:\/\/roveyayinevi.com.tr\/index.php\/wp-json\/wp\/v2\/product_cat?post=775026"},{"taxonomy":"product_tag","embeddable":true,"href":"https:\/\/roveyayinevi.com.tr\/index.php\/wp-json\/wp\/v2\/product_tag?post=775026"}],"curies":[{"name":"wp","href":"https:\/\/api.w.org\/{rel}","templated":true}]}}